{"id":3533,"date":"2025-11-06T06:14:42","date_gmt":"2025-11-06T06:14:42","guid":{"rendered":"https:\/\/mountlaser.com\/?post_type=product&#038;p=3533"},"modified":"2025-11-28T01:22:55","modified_gmt":"2025-11-28T01:22:55","slug":"l8s8-35-aluminum-leveling-staff","status":"publish","type":"product","link":"https:\/\/mountlaser.com\/de\/produkt\/l8s8-35-aluminum-leveling-staff\/","title":{"rendered":"L8S8-35 Nivellierlatte aus Aluminium"},"content":{"rendered":"<p>Der <a href=\"https:\/\/mountlaser.com\/de\/\"><strong>L8S8-35 Nivellierlatte aus Aluminium<\/strong><\/a> ist eine hochwertige, langlebige Nivellierlatte, die f\u00fcr Vermessungsprofis entwickelt wurde, die im Au\u00dfeneinsatz Zuverl\u00e4ssigkeit und Pr\u00e4zision ben\u00f6tigen.<\/p>\n<p>Dieses auch als L8S8-35 Aluminium-Nivellierlatte bekannte Werkzeug wurde f\u00fcr pr\u00e4zise H\u00f6henmessungen entwickelt und ist f\u00fcr den t\u00e4glichen Gebrauch bestens geeignet. Ein entscheidender Faktor f\u00fcr die hohe Wettbewerbsf\u00e4higkeit unseres Produkts ist sein attraktives Design. <a href=\"https:\/\/mountlaser.com\/de\/about-us\/\"><strong>Nivellierstabpreis<\/strong><\/a>, Es bietet ein hervorragendes Preis-Leistungs-Verh\u00e4ltnis ohne Kompromisse bei der Qualit\u00e4t. Vergleicht man die Leistung mit dem Preis f\u00fcr Nivellierlatten, wird deutlich, dass dieses Produkt eine kosteng\u00fcnstige L\u00f6sung f\u00fcr Ihre Vermessungsausr\u00fcstung darstellt.<\/p>\n<p><img fetchpriority=\"high\" decoding=\"async\" class=\"aligncenter wp-image-3535\" src=\"https:\/\/mountlaser.com\/wp-content\/uploads\/2025\/11\/L8S8-351.webp\" alt=\"Levelling Staff Price\" width=\"500\" height=\"500\" srcset=\"https:\/\/mountlaser.com\/wp-content\/uploads\/2025\/11\/L8S8-351.webp 1000w, https:\/\/mountlaser.com\/wp-content\/uploads\/2025\/11\/L8S8-351-300x300.webp 300w, https:\/\/mountlaser.com\/wp-content\/uploads\/2025\/11\/L8S8-351-400x400.webp 400w, https:\/\/mountlaser.com\/wp-content\/uploads\/2025\/11\/L8S8-351-800x800.webp 800w, https:\/\/mountlaser.com\/wp-content\/uploads\/2025\/11\/L8S8-351-600x600.webp 600w, https:\/\/mountlaser.com\/wp-content\/uploads\/2025\/11\/L8S8-351-150x150.webp 150w, https:\/\/mountlaser.com\/wp-content\/uploads\/2025\/11\/L8S8-351-768x768.webp 768w, https:\/\/mountlaser.com\/wp-content\/uploads\/2025\/11\/L8S8-351-12x12.webp 12w\" sizes=\"(max-width: 500px) 100vw, 500px\" \/><\/p>\n<p><a href=\"https:\/\/mountlaser.com\/de\/contact-us\/\">L8S8-35 Nivellierlatte aus Aluminium<\/a> Es verf\u00fcgt \u00fcber einen mehrteiligen Teleskopk\u00f6rper, der sich zu einer kompakten, leicht zu transportierenden Einheit zusammenklappen l\u00e4sst. Spezielle Modelle wie die 3 m\/5-teilige Variante sind f\u00fcr maximale Mobilit\u00e4t erh\u00e4ltlich.<\/p>","protected":false},"excerpt":{"rendered":"<ul>\n<li>Wir unterst\u00fctzen kundenspezifische L\u00e4ngen und Ma\u00dfst\u00e4be, um den individuellen Anforderungen Ihres Projekts gerecht zu werden und Ihnen genau das Werkzeug zu liefern, das Sie ben\u00f6tigen.<\/li>\n<li>Der Messstab verf\u00fcgt \u00fcber pr\u00e4zise, verschlei\u00dffeste Skalenmarkierungen f\u00fcr zuverl\u00e4ssiges und einfaches Ablesen sowohl mit optischen als auch mit digitalen Wasserwaagen.<\/li>\n<li>Jeder Abschnitt verf\u00fcgt \u00fcber einen zuverl\u00e4ssigen Verriegelungsmechanismus, der die Stabilit\u00e4t w\u00e4hrend der Messung gew\u00e4hrleistet, ein Verrutschen verhindert und die Datenintegrit\u00e4t sicherstellt.<\/li>\n<\/ul>","protected":false},"featured_media":3540,"comment_status":"open","ping_status":"closed","template":"","meta":[],"product_brand":[],"product_cat":[90],"product_tag":[],"class_list":{"0":"post-3533","1":"product","2":"type-product","3":"status-publish","4":"has-post-thumbnail","6":"product_cat-leveling-staff","8":"first","9":"instock","10":"shipping-taxable","11":"product-type-simple"},"_links":{"self":[{"href":"https:\/\/mountlaser.com\/de\/wp-json\/wp\/v2\/product\/3533","targetHints":{"allow":["GET"]}}],"collection":[{"href":"https:\/\/mountlaser.com\/de\/wp-json\/wp\/v2\/product"}],"about":[{"href":"https:\/\/mountlaser.com\/de\/wp-json\/wp\/v2\/types\/product"}],"replies":[{"embeddable":true,"href":"https:\/\/mountlaser.com\/de\/wp-json\/wp\/v2\/comments?post=3533"}],"wp:featuredmedia":[{"embeddable":true,"href":"https:\/\/mountlaser.com\/de\/wp-json\/wp\/v2\/media\/3540"}],"wp:attachment":[{"href":"https:\/\/mountlaser.com\/de\/wp-json\/wp\/v2\/media?parent=3533"}],"wp:term":[{"taxonomy":"product_brand","embeddable":true,"href":"https:\/\/mountlaser.com\/de\/wp-json\/wp\/v2\/product_brand?post=3533"},{"taxonomy":"product_cat","embeddable":true,"href":"https:\/\/mountlaser.com\/de\/wp-json\/wp\/v2\/product_cat?post=3533"},{"taxonomy":"product_tag","embeddable":true,"href":"https:\/\/mountlaser.com\/de\/wp-json\/wp\/v2\/product_tag?post=3533"}],"curies":[{"name":"wp","href":"https:\/\/api.w.org\/{rel}","templated":true}]}}