{"id":3515,"date":"2025-11-06T06:00:09","date_gmt":"2025-11-06T06:00:09","guid":{"rendered":"https:\/\/mountlaser.com\/?post_type=product&#038;p=3515"},"modified":"2025-11-28T01:27:16","modified_gmt":"2025-11-28T01:27:16","slug":"sp067-sliding-prism-with-pole","status":"publish","type":"product","link":"https:\/\/mountlaser.com\/de\/produkt\/sp067-sliding-prism-with-pole\/","title":{"rendered":"SP067 Schiebeprisma mit Stange"},"content":{"rendered":"<p>Das SP067 Schiebeprisma mit Stange ist ein professionelles Produkt <a href=\"https:\/\/mountlaser.com\/de\/\"><strong>Mini Prism Gleitstangensystem<\/strong><\/a> Diese Mini-Prismen-Absteckvorrichtung wurde f\u00fcr hochpr\u00e4zise Vermessungs- und \u00dcberwachungsanwendungen entwickelt. Sie zeichnet sich durch Langlebigkeit, Einstellbarkeit und Mobilit\u00e4t aus und bietet zuverl\u00e4ssige Genauigkeit f\u00fcr Absteck-, Ausrichtungs- und \u00dcberwachungsaufgaben im Gel\u00e4nde und auf Baustellen.<\/p>\n<p>Das Mini-Prisma-Schiebestangensystem mit seinem 25,4 mm gro\u00dfen, silberbeschichteten Prisma gew\u00e4hrleistet selbst unter schwierigen Bedingungen eine hervorragende Reflektivit\u00e4t und ein stabiles R\u00fccksignal. Der Prismenversatz von 0 bis -30 mm erm\u00f6glicht die flexible Anpassung an verschiedene Vermessungsaufbauten. Das Geh\u00e4use aus eloxiertem Nichteisen-Aluminium garantiert Langlebigkeit und Korrosionsbest\u00e4ndigkeit.<\/p>\n<p>Der <a href=\"https:\/\/mountlaser.com\/de\/about-us\/\"><strong>Mini Prism Absteckvorrichtung<\/strong><\/a> Das Ger\u00e4t verf\u00fcgt \u00fcber ein r\u00fcckseitiges Verriegelungssystem f\u00fcr pr\u00e4zise H\u00f6henkontrolle, w\u00e4hrend zwei seitliche Kegel als Doppelverriegelungsmechanismus fungieren \u2013 einer f\u00fcr die H\u00f6he, einer f\u00fcr die Neigung \u2013 und so stabile und genaue Messungen gew\u00e4hrleisten. Dank der Libellen an Ober- und Unterseite l\u00e4sst sich beim Aufbau m\u00fchelos eine perfekte vertikale Ausrichtung erzielen.<\/p>\n<p><img fetchpriority=\"high\" decoding=\"async\" class=\"aligncenter wp-image-3530\" src=\"https:\/\/mountlaser.com\/wp-content\/uploads\/2025\/11\/6-5SP0677.webp\" alt=\"SP067 Mini Prism Sliding Pole System\" width=\"500\" height=\"500\" srcset=\"https:\/\/mountlaser.com\/wp-content\/uploads\/2025\/11\/6-5SP0677.webp 1000w, https:\/\/mountlaser.com\/wp-content\/uploads\/2025\/11\/6-5SP0677-300x300.webp 300w, https:\/\/mountlaser.com\/wp-content\/uploads\/2025\/11\/6-5SP0677-400x400.webp 400w, https:\/\/mountlaser.com\/wp-content\/uploads\/2025\/11\/6-5SP0677-800x800.webp 800w, https:\/\/mountlaser.com\/wp-content\/uploads\/2025\/11\/6-5SP0677-600x600.webp 600w, https:\/\/mountlaser.com\/wp-content\/uploads\/2025\/11\/6-5SP0677-150x150.webp 150w, https:\/\/mountlaser.com\/wp-content\/uploads\/2025\/11\/6-5SP0677-768x768.webp 768w, https:\/\/mountlaser.com\/wp-content\/uploads\/2025\/11\/6-5SP0677-12x12.webp 12w\" sizes=\"(max-width: 500px) 100vw, 500px\" \/><\/p>\n<p>Die mitgelieferte, vierteilige Aluminiumstange (300 mm \u00d7 4) l\u00e4sst sich auf 1,2 m ausziehen und wird \u00fcber ein 1\/4\u2033-20-Gewinde angeschlossen. Sie bietet geringes Gewicht, hohe Stabilit\u00e4t und erm\u00f6glicht eine schnelle Montage. Ein Adapter mit 5\/8\u2033-11-Gewinde verbessert die Kompatibilit\u00e4t mit den meisten Prismenstangen und Tribrachen. Verpackt in einer weichen Tragetasche. <a href=\"https:\/\/mountlaser.com\/de\/contact-us\/\">SP067 Schiebeprisma mit Stange<\/a> ist ein komplettes Mini Prism Sliding Pole System, das f\u00fcr den professionellen Einsatz geeignet ist.<\/p>","protected":false},"excerpt":{"rendered":"<ul>\n<li>F\u00fcr hochpr\u00e4zise Absteckung und Ausrichtung<\/li>\n<li>Geh\u00e4use aus eloxiertem Nichteisen-Aluminium f\u00fcr \u00fcberragende Haltbarkeit<\/li>\n<li>Hinteres Verriegelungssystem zur H\u00f6henverstellung und Doppelkonus-Verriegelung f\u00fcr Stabilit\u00e4t<\/li>\n<li>Libellen (oben und unten) gew\u00e4hrleisten eine genaue vertikale Positionierung<\/li>\n<li>Lieferung inklusive weicher Tragetasche zum Schutz und f\u00fcr den einfachen Transport<\/li>\n<\/ul>","protected":false},"featured_media":3524,"comment_status":"open","ping_status":"closed","template":"","meta":[],"product_brand":[],"product_cat":[72,114],"product_tag":[],"class_list":{"0":"post-3515","1":"product","2":"type-product","3":"status-publish","4":"has-post-thumbnail","6":"product_cat-reflective-target-prism","7":"product_cat-mini-prism-with-pole","9":"first","10":"instock","11":"shipping-taxable","12":"product-type-simple"},"_links":{"self":[{"href":"https:\/\/mountlaser.com\/de\/wp-json\/wp\/v2\/product\/3515","targetHints":{"allow":["GET"]}}],"collection":[{"href":"https:\/\/mountlaser.com\/de\/wp-json\/wp\/v2\/product"}],"about":[{"href":"https:\/\/mountlaser.com\/de\/wp-json\/wp\/v2\/types\/product"}],"replies":[{"embeddable":true,"href":"https:\/\/mountlaser.com\/de\/wp-json\/wp\/v2\/comments?post=3515"}],"wp:featuredmedia":[{"embeddable":true,"href":"https:\/\/mountlaser.com\/de\/wp-json\/wp\/v2\/media\/3524"}],"wp:attachment":[{"href":"https:\/\/mountlaser.com\/de\/wp-json\/wp\/v2\/media?parent=3515"}],"wp:term":[{"taxonomy":"product_brand","embeddable":true,"href":"https:\/\/mountlaser.com\/de\/wp-json\/wp\/v2\/product_brand?post=3515"},{"taxonomy":"product_cat","embeddable":true,"href":"https:\/\/mountlaser.com\/de\/wp-json\/wp\/v2\/product_cat?post=3515"},{"taxonomy":"product_tag","embeddable":true,"href":"https:\/\/mountlaser.com\/de\/wp-json\/wp\/v2\/product_tag?post=3515"}],"curies":[{"name":"wp","href":"https:\/\/api.w.org\/{rel}","templated":true}]}}