{"id":3474,"date":"2025-11-06T02:12:04","date_gmt":"2025-11-06T02:12:04","guid":{"rendered":"https:\/\/mountlaser.com\/?post_type=product&#038;p=3474"},"modified":"2025-11-28T01:38:11","modified_gmt":"2025-11-28T01:38:11","slug":"sp063-mini-prism-with-pole","status":"publish","type":"product","link":"https:\/\/mountlaser.com\/de\/produkt\/sp063-mini-prism-with-pole\/","title":{"rendered":"SP063 Mini-Prisma mit Stange"},"content":{"rendered":"<p>Das Mini-Prisma SP063 mit Stange ist ein professionelles, leichtes Prisma. <a href=\"https:\/\/mountlaser.com\/de\/\"><strong>360\u00b0-Mini-Prisma mit 4 Stangen<\/strong><\/a>\u00a0Dieses System wurde f\u00fcr pr\u00e4zise Feldvermessungs- und Ausrichtungsanwendungen entwickelt. Die kompakte Bauweise ist auf maximale Mobilit\u00e4t und Langlebigkeit ausgelegt und gew\u00e4hrleistet stabile und genaue Messungen bei Bau-, Vermessungs- und \u00dcberwachungsprojekten.<\/p>\n<p>Das Mini-Prisma SP063 mit Stange ist mit einem hochfesten Nylongeh\u00e4use ausgestattet und bietet hervorragende Sto\u00dffestigkeit bei gleichzeitig geringem Gewicht f\u00fcr eine komfortable Handhabung im Gel\u00e4nde. Die pr\u00e4zisionsgefertigte Aluminiumstange sorgt f\u00fcr Stabilit\u00e4t und eine stufenlose Teleskopverstellung. Dank ihrer vierteiligen Konstruktion (300 mm \u00d7 4) l\u00e4sst sie sich bis zu 1,2 m ausziehen.<\/p>\n<p>Der <a href=\"https:\/\/mountlaser.com\/de\/products\/\"><strong>360\u00b0-Mini-Prisma mit 4 Stangen<\/strong><\/a>\u00a0Das Set enth\u00e4lt ein 25,4 mm gro\u00dfes, kupferbeschichtetes Prisma, das in verschiedenen Offset-Optionen (0 mm, 17,5 mm oder 0\/-30 mm) erh\u00e4ltlich ist und somit sowohl mit Schweizer als auch mit nicht-schweizerischen Systemen kompatibel ist. Im Lieferumfang ist eine weiche Tragetasche enthalten. Das Prismenset bietet eine effiziente, sofort einsatzbereite L\u00f6sung f\u00fcr t\u00e4gliche Vermessungsarbeiten.<\/p>\n<figure id=\"attachment_3483\" aria-describedby=\"caption-attachment-3483\" style=\"width: 500px\" class=\"wp-caption aligncenter\"><img fetchpriority=\"high\" decoding=\"async\" class=\"wp-image-3483\" src=\"https:\/\/mountlaser.com\/wp-content\/uploads\/2025\/11\/SP0639.webp\" alt=\"360\u00b0 Mini Prism With 4 Poles\" width=\"500\" height=\"500\" srcset=\"https:\/\/mountlaser.com\/wp-content\/uploads\/2025\/11\/SP0639.webp 1000w, https:\/\/mountlaser.com\/wp-content\/uploads\/2025\/11\/SP0639-300x300.webp 300w, https:\/\/mountlaser.com\/wp-content\/uploads\/2025\/11\/SP0639-400x400.webp 400w, https:\/\/mountlaser.com\/wp-content\/uploads\/2025\/11\/SP0639-800x800.webp 800w, https:\/\/mountlaser.com\/wp-content\/uploads\/2025\/11\/SP0639-600x600.webp 600w, https:\/\/mountlaser.com\/wp-content\/uploads\/2025\/11\/SP0639-150x150.webp 150w, https:\/\/mountlaser.com\/wp-content\/uploads\/2025\/11\/SP0639-768x768.webp 768w, https:\/\/mountlaser.com\/wp-content\/uploads\/2025\/11\/SP0639-12x12.webp 12w\" sizes=\"(max-width: 500px) 100vw, 500px\" \/><figcaption id=\"caption-attachment-3483\" class=\"wp-caption-text\">SP063C Mini-Prisma mit Stange<\/figcaption><\/figure>\n<p><strong>Der <a href=\"https:\/\/mountlaser.com\/de\/contact-us\/\">SP063 Mini-Prisma mit Stange<\/a> Ist in 3 Modellen erh\u00e4ltlich.<\/strong><\/p>\n<p>SP063A Mini-Prisma mit Stange \u2013 Versatz: 0 mm, kupferbeschichtet, kompatibel mit dem Schweizer System<br \/>\nSP063B Mini-Prisma mit Stange \u2013 Versatz: 17,5 mm, kupferbeschichtet, kompatibel mit dem Schweizer System<br \/>\nSP063C Mini-Prisma mit Stange \u2013 Versatz: 0\/-30 mm, kupferbeschichtet, nicht-schweizerisches System<\/p>\n<figure id=\"attachment_3476\" aria-describedby=\"caption-attachment-3476\" style=\"width: 500px\" class=\"wp-caption aligncenter\"><img decoding=\"async\" class=\"wp-image-3476\" src=\"https:\/\/mountlaser.com\/wp-content\/uploads\/2025\/11\/SP0632.webp\" alt=\"360\u00b0 Mini Prism With 4 Poles\" width=\"500\" height=\"500\" srcset=\"https:\/\/mountlaser.com\/wp-content\/uploads\/2025\/11\/SP0632.webp 1000w, https:\/\/mountlaser.com\/wp-content\/uploads\/2025\/11\/SP0632-300x300.webp 300w, https:\/\/mountlaser.com\/wp-content\/uploads\/2025\/11\/SP0632-400x400.webp 400w, https:\/\/mountlaser.com\/wp-content\/uploads\/2025\/11\/SP0632-800x800.webp 800w, https:\/\/mountlaser.com\/wp-content\/uploads\/2025\/11\/SP0632-600x600.webp 600w, https:\/\/mountlaser.com\/wp-content\/uploads\/2025\/11\/SP0632-150x150.webp 150w, https:\/\/mountlaser.com\/wp-content\/uploads\/2025\/11\/SP0632-768x768.webp 768w, https:\/\/mountlaser.com\/wp-content\/uploads\/2025\/11\/SP0632-12x12.webp 12w\" sizes=\"(max-width: 500px) 100vw, 500px\" \/><figcaption id=\"caption-attachment-3476\" class=\"wp-caption-text\">SP063A\/B Mini-Prisma mit Stange<\/figcaption><\/figure>","protected":false},"excerpt":{"rendered":"<ul>\n<li>Pr\u00e4zisions-Mini-Prisma aus Aluminium, 360\u00b0 drehbar, mit 4 Stangen<\/li>\n<li>Optionales Zubeh\u00f6r: MPT02 Mini-Prismendreifu\u00df und Aluminiumrohr f\u00fcr Stiftstange<\/li>\n<li>Inklusive weicher Tragetasche f\u00fcr einfachen Transport und Schutz<\/li>\n<\/ul>","protected":false},"featured_media":3463,"comment_status":"open","ping_status":"closed","template":"","meta":[],"product_brand":[],"product_cat":[114,72],"product_tag":[],"class_list":{"0":"post-3474","1":"product","2":"type-product","3":"status-publish","4":"has-post-thumbnail","6":"product_cat-mini-prism-with-pole","7":"product_cat-reflective-target-prism","9":"first","10":"instock","11":"shipping-taxable","12":"product-type-simple"},"_links":{"self":[{"href":"https:\/\/mountlaser.com\/de\/wp-json\/wp\/v2\/product\/3474","targetHints":{"allow":["GET"]}}],"collection":[{"href":"https:\/\/mountlaser.com\/de\/wp-json\/wp\/v2\/product"}],"about":[{"href":"https:\/\/mountlaser.com\/de\/wp-json\/wp\/v2\/types\/product"}],"replies":[{"embeddable":true,"href":"https:\/\/mountlaser.com\/de\/wp-json\/wp\/v2\/comments?post=3474"}],"wp:featuredmedia":[{"embeddable":true,"href":"https:\/\/mountlaser.com\/de\/wp-json\/wp\/v2\/media\/3463"}],"wp:attachment":[{"href":"https:\/\/mountlaser.com\/de\/wp-json\/wp\/v2\/media?parent=3474"}],"wp:term":[{"taxonomy":"product_brand","embeddable":true,"href":"https:\/\/mountlaser.com\/de\/wp-json\/wp\/v2\/product_brand?post=3474"},{"taxonomy":"product_cat","embeddable":true,"href":"https:\/\/mountlaser.com\/de\/wp-json\/wp\/v2\/product_cat?post=3474"},{"taxonomy":"product_tag","embeddable":true,"href":"https:\/\/mountlaser.com\/de\/wp-json\/wp\/v2\/product_tag?post=3474"}],"curies":[{"name":"wp","href":"https:\/\/api.w.org\/{rel}","templated":true}]}}