{"id":3453,"date":"2025-11-06T01:27:12","date_gmt":"2025-11-06T01:27:12","guid":{"rendered":"https:\/\/mountlaser.com\/?post_type=product&#038;p=3453"},"modified":"2025-11-28T01:42:06","modified_gmt":"2025-11-28T01:42:06","slug":"sp060-sliding-mini-prism-with-pole","status":"publish","type":"product","link":"https:\/\/mountlaser.com\/de\/produkt\/sp060-sliding-mini-prism-with-pole\/","title":{"rendered":"SP060 Schiebeprisma mit Stange"},"content":{"rendered":"<p>Der <a href=\"https:\/\/mountlaser.com\/de\/\"><strong>SP060 Schiebeprisma mit Stange<\/strong><\/a> ist eine kompakte und vielseitige \u00dcberwachungsl\u00f6sung, die f\u00fcr pr\u00e4zise Feldvermessungen und Deformationsmessungen entwickelt wurde. Diese fortschrittliche L\u00f6sung <a href=\"https:\/\/mountlaser.com\/de\/about-us\/\"><strong>Mini-Prismensystem mit Stiftstange<\/strong><\/a> Verbindet hohe Genauigkeit, robuste Bauweise und modulare Funktionalit\u00e4t \u2013 ideal sowohl f\u00fcr kurzfristige Standortpr\u00fcfungen als auch f\u00fcr langfristige \u00dcberwachungsprojekte.<\/p>\n<p>Das SP060 Schiebe-Miniprisma mit Stange wurde f\u00fcr h\u00f6chste Genauigkeit entwickelt und verf\u00fcgt \u00fcber ein hochpr\u00e4zises Miniprisma mit einem exakten 0-mm-Offset, das eine perfekte Ausrichtung f\u00fcr Entfernungsmessungen gew\u00e4hrleistet. Das Prisma ist in Kupfer- oder Silberbeschichtung erh\u00e4ltlich, um unterschiedlichen Messanforderungen und Umgebungsbedingungen gerecht zu werden. Gefertigt aus CNC-gefr\u00e4stem, eloxiertem Aluminium, bietet es herausragende Langlebigkeit und Korrosionsbest\u00e4ndigkeit und ist somit eine zuverl\u00e4ssige Wahl f\u00fcr anspruchsvolle Anwendungen im Au\u00dfeneinsatz.<\/p>\n<p><img fetchpriority=\"high\" decoding=\"async\" class=\"aligncenter wp-image-3454\" src=\"https:\/\/mountlaser.com\/wp-content\/uploads\/2025\/11\/5-9SP0601.webp\" alt=\"SP060 Sliding Mini Prism with Pole\" width=\"500\" height=\"500\" srcset=\"https:\/\/mountlaser.com\/wp-content\/uploads\/2025\/11\/5-9SP0601.webp 1000w, https:\/\/mountlaser.com\/wp-content\/uploads\/2025\/11\/5-9SP0601-300x300.webp 300w, https:\/\/mountlaser.com\/wp-content\/uploads\/2025\/11\/5-9SP0601-400x400.webp 400w, https:\/\/mountlaser.com\/wp-content\/uploads\/2025\/11\/5-9SP0601-800x800.webp 800w, https:\/\/mountlaser.com\/wp-content\/uploads\/2025\/11\/5-9SP0601-600x600.webp 600w, https:\/\/mountlaser.com\/wp-content\/uploads\/2025\/11\/5-9SP0601-150x150.webp 150w, https:\/\/mountlaser.com\/wp-content\/uploads\/2025\/11\/5-9SP0601-768x768.webp 768w, https:\/\/mountlaser.com\/wp-content\/uploads\/2025\/11\/5-9SP0601-12x12.webp 12w\" sizes=\"(max-width: 500px) 100vw, 500px\" \/><\/p>\n<p>Der <a href=\"https:\/\/mountlaser.com\/de\/contact-us\/\">Mini-Prismensystem mit Stiftstange<\/a> Ausgestattet mit zwei seitlichen Kegeln, die als sicheres Doppelverriegelungssystem fungieren und so eine stabile Prismenpositionierung gew\u00e4hrleisten. Der mitgelieferte Haken und Eckadapter erm\u00f6glichen eine flexible Montage auf verschiedenen Oberfl\u00e4chen, w\u00e4hrend die dreiteilige Stahlstange (500 mm pro Segment, insgesamt 1,5 m) eine variable H\u00f6he f\u00fcr vielseitige Feldaufbauten erlaubt.<\/p>\n<p>F\u00fcr eine h\u00f6here Pr\u00e4zision k\u00f6nnen Anwender das verschiebbare Mini-Prisma SP060 mit Stange mit dem optionalen Mini-Prisma-Dreibeinstativ MPT05 oder einer Aluminiumrohrverl\u00e4ngerung kombinieren, um die Steifigkeit und Genauigkeit zu erh\u00f6hen.<\/p>","protected":false},"excerpt":{"rendered":"<p>\u2022 Doppelte Seitenkegel gew\u00e4hrleisten stabile Verriegelung und Wiederholgenauigkeit<br \/>\n\u2022 Inklusive Haken, Eckadapter und weicher Tragetasche<br \/>\n\u2022 Kompatibel mit MPT05 Mini Prism Tribrach und Verl\u00e4ngerungszubeh\u00f6r<\/p>","protected":false},"featured_media":3459,"comment_status":"open","ping_status":"closed","template":"","meta":[],"product_brand":[],"product_cat":[72,114],"product_tag":[],"class_list":{"0":"post-3453","1":"product","2":"type-product","3":"status-publish","4":"has-post-thumbnail","6":"product_cat-reflective-target-prism","7":"product_cat-mini-prism-with-pole","9":"first","10":"instock","11":"shipping-taxable","12":"product-type-simple"},"_links":{"self":[{"href":"https:\/\/mountlaser.com\/de\/wp-json\/wp\/v2\/product\/3453","targetHints":{"allow":["GET"]}}],"collection":[{"href":"https:\/\/mountlaser.com\/de\/wp-json\/wp\/v2\/product"}],"about":[{"href":"https:\/\/mountlaser.com\/de\/wp-json\/wp\/v2\/types\/product"}],"replies":[{"embeddable":true,"href":"https:\/\/mountlaser.com\/de\/wp-json\/wp\/v2\/comments?post=3453"}],"wp:featuredmedia":[{"embeddable":true,"href":"https:\/\/mountlaser.com\/de\/wp-json\/wp\/v2\/media\/3459"}],"wp:attachment":[{"href":"https:\/\/mountlaser.com\/de\/wp-json\/wp\/v2\/media?parent=3453"}],"wp:term":[{"taxonomy":"product_brand","embeddable":true,"href":"https:\/\/mountlaser.com\/de\/wp-json\/wp\/v2\/product_brand?post=3453"},{"taxonomy":"product_cat","embeddable":true,"href":"https:\/\/mountlaser.com\/de\/wp-json\/wp\/v2\/product_cat?post=3453"},{"taxonomy":"product_tag","embeddable":true,"href":"https:\/\/mountlaser.com\/de\/wp-json\/wp\/v2\/product_tag?post=3453"}],"curies":[{"name":"wp","href":"https:\/\/api.w.org\/{rel}","templated":true}]}}