{"id":3448,"date":"2025-11-05T09:12:55","date_gmt":"2025-11-05T09:12:55","guid":{"rendered":"https:\/\/mountlaser.com\/?post_type=product&#038;p=3448"},"modified":"2025-11-28T01:44:50","modified_gmt":"2025-11-28T01:44:50","slug":"7m-telescopic-levelling-staff","status":"publish","type":"product","link":"https:\/\/mountlaser.com\/de\/produkt\/7m-telescopic-levelling-staff\/","title":{"rendered":"7-Meter-Teleskop-Nivellierlatte"},"content":{"rendered":"<p>Der Mount Laser <a href=\"https:\/\/mountlaser.com\/de\/\"><strong>7 m lange Nivellierlatte aus Aluminium<\/strong><\/a> Diese 7-Meter-Nivellierlatte setzt neue Ma\u00dfst\u00e4be f\u00fcr gro\u00dffl\u00e4chige und hochpr\u00e4zise Nivellierarbeiten. Entwickelt f\u00fcr Profis, die au\u00dfergew\u00f6hnliche Reichweite und absolute Genauigkeit ben\u00f6tigen, bietet sie un\u00fcbertroffene Leistung. Ein Hauptmerkmal dieses fortschrittlichen Werkzeugs ist das innovative Aluminium-Doppelfl\u00e4chen-Nivelliersystem. Es verf\u00fcgt \u00fcber gut lesbare Skalen auf beiden Seiten und bietet so mehr Vielseitigkeit und Ablesekomfort auf komplexen Baustellen.<\/p>\n<p>Hergestellt aus hochfester 6061-Aluminiumlegierung mit einer sch\u00fctzenden silbereloxierten Oberfl\u00e4che, <a href=\"https:\/\/mountlaser.com\/de\/products\/\"><strong>Nivellierlatte aus Aluminium mit zwei Seiten<\/strong><\/a> ist auf maximale Haltbarkeit und Korrosionsbest\u00e4ndigkeit ausgelegt und h\u00e4lt selbst h\u00e4rtesten Einsatzbedingungen stand.<br \/>\nDie Skalen werden sorgf\u00e4ltig im traditionellen Siebdruckverfahren aufgebracht und anschlie\u00dfend bei hohen Temperaturen getrocknet. Dadurch wird eine dauerhafte Verbindung der Markierungen gew\u00e4hrleistet, die witterungsbest\u00e4ndig, abriebfest und UV-best\u00e4ndig ist. Dieses Verfahren garantiert die f\u00fcr das Aluminium-Doppelfl\u00e4chen-Nivelliersystem unerl\u00e4ssliche Langzeitlesbarkeit. Der 7 Meter lange Nivellierstab ist zusammenklappbar und somit leicht zu transportieren. Er wird mit einer passenden Tragetasche geliefert und ist die ideale L\u00f6sung f\u00fcr gro\u00dfe Vermessungs- und Bauprojekte.<\/p>\n<p>Hochwertige Nivellierlatte aus Aluminium. Standardgr\u00f6\u00dfen: 7 m \/ 5-teilig.<\/p>\n<p><img fetchpriority=\"high\" decoding=\"async\" class=\"wp-image-3428 aligncenter\" src=\"https:\/\/mountlaser.com\/wp-content\/uploads\/2025\/11\/0b2093a1-9948-45d7-b293-7bf17d80b027_\u526f\u672c.webp\" alt=\"Aluminum Dual Faces Levelling staff\" width=\"500\" height=\"500\" srcset=\"https:\/\/mountlaser.com\/wp-content\/uploads\/2025\/11\/0b2093a1-9948-45d7-b293-7bf17d80b027_\u526f\u672c.webp 800w, https:\/\/mountlaser.com\/wp-content\/uploads\/2025\/11\/0b2093a1-9948-45d7-b293-7bf17d80b027_\u526f\u672c-300x300.webp 300w, https:\/\/mountlaser.com\/wp-content\/uploads\/2025\/11\/0b2093a1-9948-45d7-b293-7bf17d80b027_\u526f\u672c-400x400.webp 400w, https:\/\/mountlaser.com\/wp-content\/uploads\/2025\/11\/0b2093a1-9948-45d7-b293-7bf17d80b027_\u526f\u672c-600x600.webp 600w, https:\/\/mountlaser.com\/wp-content\/uploads\/2025\/11\/0b2093a1-9948-45d7-b293-7bf17d80b027_\u526f\u672c-150x150.webp 150w, https:\/\/mountlaser.com\/wp-content\/uploads\/2025\/11\/0b2093a1-9948-45d7-b293-7bf17d80b027_\u526f\u672c-768x768.webp 768w, https:\/\/mountlaser.com\/wp-content\/uploads\/2025\/11\/0b2093a1-9948-45d7-b293-7bf17d80b027_\u526f\u672c-12x12.webp 12w\" sizes=\"(max-width: 500px) 100vw, 500px\" \/><br \/>\nDas Bild zeigt verschiedene Darstellungsarten zur Auswahl.<\/p>\n<p><img decoding=\"async\" class=\"aligncenter wp-image-3429\" src=\"https:\/\/mountlaser.com\/wp-content\/uploads\/2025\/11\/228c0b4c-8469-40d6-a029-3e5a5f677176_\u526f\u672c.webp\" alt=\"Aluminum Dual Faces Levelling staff\" width=\"500\" height=\"500\" srcset=\"https:\/\/mountlaser.com\/wp-content\/uploads\/2025\/11\/228c0b4c-8469-40d6-a029-3e5a5f677176_\u526f\u672c.webp 800w, https:\/\/mountlaser.com\/wp-content\/uploads\/2025\/11\/228c0b4c-8469-40d6-a029-3e5a5f677176_\u526f\u672c-300x300.webp 300w, https:\/\/mountlaser.com\/wp-content\/uploads\/2025\/11\/228c0b4c-8469-40d6-a029-3e5a5f677176_\u526f\u672c-400x400.webp 400w, https:\/\/mountlaser.com\/wp-content\/uploads\/2025\/11\/228c0b4c-8469-40d6-a029-3e5a5f677176_\u526f\u672c-600x600.webp 600w, https:\/\/mountlaser.com\/wp-content\/uploads\/2025\/11\/228c0b4c-8469-40d6-a029-3e5a5f677176_\u526f\u672c-150x150.webp 150w, https:\/\/mountlaser.com\/wp-content\/uploads\/2025\/11\/228c0b4c-8469-40d6-a029-3e5a5f677176_\u526f\u672c-768x768.webp 768w, https:\/\/mountlaser.com\/wp-content\/uploads\/2025\/11\/228c0b4c-8469-40d6-a029-3e5a5f677176_\u526f\u672c-12x12.webp 12w\" sizes=\"(max-width: 500px) 100vw, 500px\" \/><\/p>\n<p>Wenn Ihr Projekt sowohl extreme Reichweite als auch \u00fcberragende Funktionalit\u00e4t erfordert, ist dieses Produkt die richtige Wahl. <a href=\"https:\/\/mountlaser.com\/de\/about-us\/\">Hochwertige Nivellierstange aus Aluminium<\/a> ist die optimale Wahl f\u00fcr die effiziente Erzielung pr\u00e4ziser Ergebnisse.<\/p>","protected":false},"excerpt":{"rendered":"<ul>\n<li>Die doppelseitige Nivellierlatte aus Aluminium bietet eine volle Reichweite von 7 Metern zur Bestimmung von H\u00f6henunterschieden \u00fcber gro\u00dfe Entfernungen mit Laser- und optischen Nivellierger\u00e4ten.<\/li>\n<li>Das innovative Design mit zwei Nivellierungsfl\u00e4chen aus Aluminium erm\u00f6glicht ein einfaches Ablesen aus verschiedenen Winkeln und Positionen und verbessert so die Effizienz des Arbeitsablaufs.<\/li>\n<\/ul>","protected":false},"featured_media":3450,"comment_status":"open","ping_status":"closed","template":"","meta":[],"product_brand":[],"product_cat":[90],"product_tag":[],"class_list":{"0":"post-3448","1":"product","2":"type-product","3":"status-publish","4":"has-post-thumbnail","6":"product_cat-leveling-staff","8":"first","9":"instock","10":"shipping-taxable","11":"product-type-simple"},"_links":{"self":[{"href":"https:\/\/mountlaser.com\/de\/wp-json\/wp\/v2\/product\/3448","targetHints":{"allow":["GET"]}}],"collection":[{"href":"https:\/\/mountlaser.com\/de\/wp-json\/wp\/v2\/product"}],"about":[{"href":"https:\/\/mountlaser.com\/de\/wp-json\/wp\/v2\/types\/product"}],"replies":[{"embeddable":true,"href":"https:\/\/mountlaser.com\/de\/wp-json\/wp\/v2\/comments?post=3448"}],"wp:featuredmedia":[{"embeddable":true,"href":"https:\/\/mountlaser.com\/de\/wp-json\/wp\/v2\/media\/3450"}],"wp:attachment":[{"href":"https:\/\/mountlaser.com\/de\/wp-json\/wp\/v2\/media?parent=3448"}],"wp:term":[{"taxonomy":"product_brand","embeddable":true,"href":"https:\/\/mountlaser.com\/de\/wp-json\/wp\/v2\/product_brand?post=3448"},{"taxonomy":"product_cat","embeddable":true,"href":"https:\/\/mountlaser.com\/de\/wp-json\/wp\/v2\/product_cat?post=3448"},{"taxonomy":"product_tag","embeddable":true,"href":"https:\/\/mountlaser.com\/de\/wp-json\/wp\/v2\/product_tag?post=3448"}],"curies":[{"name":"wp","href":"https:\/\/api.w.org\/{rel}","templated":true}]}}