{"id":3441,"date":"2025-11-05T09:00:30","date_gmt":"2025-11-05T09:00:30","guid":{"rendered":"https:\/\/mountlaser.com\/?post_type=product&#038;p=3441"},"modified":"2025-11-28T02:09:25","modified_gmt":"2025-11-28T02:09:25","slug":"5m-aluminum-leveling-staff","status":"publish","type":"product","link":"https:\/\/mountlaser.com\/de\/produkt\/5m-aluminum-leveling-staff\/","title":{"rendered":"5 m lange Nivellierlatte aus Aluminium"},"content":{"rendered":"<p><a href=\"https:\/\/mountlaser.com\/de\/\"><strong>5 m lange Nivellierlatte aus Aluminium<\/strong><\/a> Diese 5-Meter-Aluminium-Nivellierlatte wurde f\u00fcr Profis entwickelt, die eine gr\u00f6\u00dfere Reichweite ben\u00f6tigen, ohne Kompromisse bei Mobilit\u00e4t oder Pr\u00e4zision einzugehen. Sie ist die ideale L\u00f6sung f\u00fcr gro\u00dffl\u00e4chige Vermessungs- und Bauprojekte. Die teleskopierbare 5-Meter-Aluminium-Nivellierlatte l\u00e4sst sich auf volle 5 Meter ausziehen und bietet damit den n\u00f6tigen Messbereich f\u00fcr umfassende H\u00f6henmessungen mit Laser- und optischen Nivellierger\u00e4ten. Dank ihres innovativen 5-teiligen Designs ist die Latte im zusammengeklappten Zustand bemerkenswert kompakt und somit leicht zu transportieren und zu lagern.<\/p>\n<p>Diese aus hochfestem 6061-Aluminium gefertigte und silber eloxierte Nivellierlatte ist korrosionsbest\u00e4ndig und f\u00fcr den t\u00e4glichen Gebrauch bestens geeignet. Die Graduierung wird im traditionellen Siebdruckverfahren aufgebracht und anschlie\u00dfend bei hohen Temperaturen getrocknet. Dadurch entsteht eine Skala, die \u00e4u\u00dferst witterungsbest\u00e4ndig, abriebfest und farbecht ist. Dies gew\u00e4hrleistet die dauerhafte Ablesbarkeit und Zuverl\u00e4ssigkeit dieser 5 m langen, teleskopierbaren Nivellierlatte aus Aluminium. Eine sch\u00fctzende Tragetasche ist im Lieferumfang enthalten. <a href=\"https:\/\/mountlaser.com\/de\/about-us\/\"><strong>5 Meter 5-teiliges Aluminium-Vermessungsstab<\/strong><\/a> ist ein komplettes, sofort einsatzbereites Set f\u00fcr jede Baustelle.<\/p>\n<p>&nbsp;<\/p>\n<p>Standardgr\u00f6\u00dfen umfassen 5 m\/5 Abschnitte<\/p>\n<p>Das Bild zeigt verschiedene Darstellungsarten zur Auswahl.<img fetchpriority=\"high\" decoding=\"async\" class=\"alignnone wp-image-3428\" src=\"https:\/\/mountlaser.com\/wp-content\/uploads\/2025\/11\/0b2093a1-9948-45d7-b293-7bf17d80b027_\u526f\u672c.webp\" alt=\"5 Meter 5-Section Aluminium Survey Staff\" width=\"500\" height=\"500\" srcset=\"https:\/\/mountlaser.com\/wp-content\/uploads\/2025\/11\/0b2093a1-9948-45d7-b293-7bf17d80b027_\u526f\u672c.webp 800w, https:\/\/mountlaser.com\/wp-content\/uploads\/2025\/11\/0b2093a1-9948-45d7-b293-7bf17d80b027_\u526f\u672c-300x300.webp 300w, https:\/\/mountlaser.com\/wp-content\/uploads\/2025\/11\/0b2093a1-9948-45d7-b293-7bf17d80b027_\u526f\u672c-400x400.webp 400w, https:\/\/mountlaser.com\/wp-content\/uploads\/2025\/11\/0b2093a1-9948-45d7-b293-7bf17d80b027_\u526f\u672c-600x600.webp 600w, https:\/\/mountlaser.com\/wp-content\/uploads\/2025\/11\/0b2093a1-9948-45d7-b293-7bf17d80b027_\u526f\u672c-150x150.webp 150w, https:\/\/mountlaser.com\/wp-content\/uploads\/2025\/11\/0b2093a1-9948-45d7-b293-7bf17d80b027_\u526f\u672c-768x768.webp 768w, https:\/\/mountlaser.com\/wp-content\/uploads\/2025\/11\/0b2093a1-9948-45d7-b293-7bf17d80b027_\u526f\u672c-12x12.webp 12w\" sizes=\"(max-width: 500px) 100vw, 500px\" \/><\/p>\n<p>&nbsp;<\/p>\n<p><img decoding=\"async\" class=\"aligncenter wp-image-3429\" src=\"https:\/\/mountlaser.com\/wp-content\/uploads\/2025\/11\/228c0b4c-8469-40d6-a029-3e5a5f677176_\u526f\u672c.webp\" alt=\"5 Meter 5-Section Aluminium Survey Staff\" width=\"500\" height=\"500\" srcset=\"https:\/\/mountlaser.com\/wp-content\/uploads\/2025\/11\/228c0b4c-8469-40d6-a029-3e5a5f677176_\u526f\u672c.webp 800w, https:\/\/mountlaser.com\/wp-content\/uploads\/2025\/11\/228c0b4c-8469-40d6-a029-3e5a5f677176_\u526f\u672c-300x300.webp 300w, https:\/\/mountlaser.com\/wp-content\/uploads\/2025\/11\/228c0b4c-8469-40d6-a029-3e5a5f677176_\u526f\u672c-400x400.webp 400w, https:\/\/mountlaser.com\/wp-content\/uploads\/2025\/11\/228c0b4c-8469-40d6-a029-3e5a5f677176_\u526f\u672c-600x600.webp 600w, https:\/\/mountlaser.com\/wp-content\/uploads\/2025\/11\/228c0b4c-8469-40d6-a029-3e5a5f677176_\u526f\u672c-150x150.webp 150w, https:\/\/mountlaser.com\/wp-content\/uploads\/2025\/11\/228c0b4c-8469-40d6-a029-3e5a5f677176_\u526f\u672c-768x768.webp 768w, https:\/\/mountlaser.com\/wp-content\/uploads\/2025\/11\/228c0b4c-8469-40d6-a029-3e5a5f677176_\u526f\u672c-12x12.webp 12w\" sizes=\"(max-width: 500px) 100vw, 500px\" \/><\/p>","protected":false},"excerpt":{"rendered":"<ul>\n<li>Als 5 Meter langer, 5-teiliger Aluminium-Vermessungsstab l\u00e4sst er sich zu einer kleinen, handlichen Einheit zusammenklappen, was den Transport und die Lagerung unglaublich einfach macht.<\/li>\n<li>Inklusive praktischem Tragekoffer, wodurch das gesamte 5M Teleskop-Nivellierstangensystem aus Aluminium tragbar und w\u00e4hrend des Transports gesch\u00fctzt ist.<\/li>\n<\/ul>","protected":false},"featured_media":3446,"comment_status":"open","ping_status":"closed","template":"","meta":[],"product_brand":[],"product_cat":[90],"product_tag":[],"class_list":{"0":"post-3441","1":"product","2":"type-product","3":"status-publish","4":"has-post-thumbnail","6":"product_cat-leveling-staff","8":"first","9":"instock","10":"shipping-taxable","11":"product-type-simple"},"_links":{"self":[{"href":"https:\/\/mountlaser.com\/de\/wp-json\/wp\/v2\/product\/3441","targetHints":{"allow":["GET"]}}],"collection":[{"href":"https:\/\/mountlaser.com\/de\/wp-json\/wp\/v2\/product"}],"about":[{"href":"https:\/\/mountlaser.com\/de\/wp-json\/wp\/v2\/types\/product"}],"replies":[{"embeddable":true,"href":"https:\/\/mountlaser.com\/de\/wp-json\/wp\/v2\/comments?post=3441"}],"wp:featuredmedia":[{"embeddable":true,"href":"https:\/\/mountlaser.com\/de\/wp-json\/wp\/v2\/media\/3446"}],"wp:attachment":[{"href":"https:\/\/mountlaser.com\/de\/wp-json\/wp\/v2\/media?parent=3441"}],"wp:term":[{"taxonomy":"product_brand","embeddable":true,"href":"https:\/\/mountlaser.com\/de\/wp-json\/wp\/v2\/product_brand?post=3441"},{"taxonomy":"product_cat","embeddable":true,"href":"https:\/\/mountlaser.com\/de\/wp-json\/wp\/v2\/product_cat?post=3441"},{"taxonomy":"product_tag","embeddable":true,"href":"https:\/\/mountlaser.com\/de\/wp-json\/wp\/v2\/product_tag?post=3441"}],"curies":[{"name":"wp","href":"https:\/\/api.w.org\/{rel}","templated":true}]}}