{"id":3435,"date":"2025-11-05T08:52:36","date_gmt":"2025-11-05T08:52:36","guid":{"rendered":"https:\/\/mountlaser.com\/?post_type=product&#038;p=3435"},"modified":"2025-11-28T02:15:49","modified_gmt":"2025-11-28T02:15:49","slug":"4m-aluminum-leveling-staff","status":"publish","type":"product","link":"https:\/\/mountlaser.com\/de\/produkt\/4m-aluminum-leveling-staff\/","title":{"rendered":"4 m lange Nivellierlatte aus Aluminium"},"content":{"rendered":"<p><a href=\"https:\/\/mountlaser.com\/de\/\"><strong>4 m lange Nivellierlatte aus Aluminium<\/strong><\/a> Dieses professionelle Werkzeug wurde f\u00fcr h\u00f6chste Pr\u00e4zision und Effizienz auf der Baustelle entwickelt. Auch bekannt als 4-Meter-Nivellierlatte aus Aluminium, erf\u00fcllt es die hohen Anforderungen von Vermessern und Baufachleuten.<\/p>\n<p>Als robuste Teleskop-Nivellierlatte l\u00e4sst sie sich auf eine volle L\u00e4nge von 4 Metern ausziehen und bietet damit die n\u00f6tige Reichweite f\u00fcr eine Vielzahl von Messaufgaben mit Laser- und optischen Nivellierger\u00e4ten.<\/p>\n<p>&nbsp;<\/p>\n<p>Dieser aus hochfestem 6061-Aluminium gefertigte und mit einer sch\u00fctzenden, silbereloxierten Oberfl\u00e4che versehene Aluminium-Vermessungsstab zeichnet sich durch hohe Langlebigkeit und Robustheit aus. Er ist korrosionsbest\u00e4ndig und trotzt den Belastungen rauer Au\u00dfenbedingungen. Die gut lesbare Skala wird im traditionellen Siebdruckverfahren aufgebracht und anschlie\u00dfend bei hohen Temperaturen getrocknet. Dies gew\u00e4hrleistet eine hervorragende Haftung und ist witterungs- sowie abriebfest. <a href=\"https:\/\/mountlaser.com\/de\/products\/\"><strong>Teleskop-Nivellierlatte<\/strong><\/a> Gut ablesbar und langlebig, auch bei starker Beanspruchung. Dank der mitgelieferten Tragetasche l\u00e4sst sich dieser tragbare Aluminium-Vermessungsstab leicht transportieren und verstauen \u2013 eine Komplettl\u00f6sung f\u00fcr jeden Profi.<\/p>\n<p>Standardgr\u00f6\u00dfen umfassen <a href=\"https:\/\/mountlaser.com\/de\/contact-us\/\">4 m\/4-teilig<\/a><\/p>\n<p><img fetchpriority=\"high\" decoding=\"async\" class=\"wp-image-3428 aligncenter\" src=\"https:\/\/mountlaser.com\/wp-content\/uploads\/2025\/11\/0b2093a1-9948-45d7-b293-7bf17d80b027_\u526f\u672c.webp\" alt=\"Telescopic Leveling Rod\" width=\"500\" height=\"500\" srcset=\"https:\/\/mountlaser.com\/wp-content\/uploads\/2025\/11\/0b2093a1-9948-45d7-b293-7bf17d80b027_\u526f\u672c.webp 800w, https:\/\/mountlaser.com\/wp-content\/uploads\/2025\/11\/0b2093a1-9948-45d7-b293-7bf17d80b027_\u526f\u672c-300x300.webp 300w, https:\/\/mountlaser.com\/wp-content\/uploads\/2025\/11\/0b2093a1-9948-45d7-b293-7bf17d80b027_\u526f\u672c-400x400.webp 400w, https:\/\/mountlaser.com\/wp-content\/uploads\/2025\/11\/0b2093a1-9948-45d7-b293-7bf17d80b027_\u526f\u672c-600x600.webp 600w, https:\/\/mountlaser.com\/wp-content\/uploads\/2025\/11\/0b2093a1-9948-45d7-b293-7bf17d80b027_\u526f\u672c-150x150.webp 150w, https:\/\/mountlaser.com\/wp-content\/uploads\/2025\/11\/0b2093a1-9948-45d7-b293-7bf17d80b027_\u526f\u672c-768x768.webp 768w, https:\/\/mountlaser.com\/wp-content\/uploads\/2025\/11\/0b2093a1-9948-45d7-b293-7bf17d80b027_\u526f\u672c-12x12.webp 12w\" sizes=\"(max-width: 500px) 100vw, 500px\" \/><\/p>\n<p>Das Bild zeigt verschiedene Darstellungsarten zur Auswahl.<\/p>\n<p><img decoding=\"async\" class=\"aligncenter wp-image-3429\" src=\"https:\/\/mountlaser.com\/wp-content\/uploads\/2025\/11\/228c0b4c-8469-40d6-a029-3e5a5f677176_\u526f\u672c.webp\" alt=\"Telescopic Leveling Rod\" width=\"500\" height=\"500\" srcset=\"https:\/\/mountlaser.com\/wp-content\/uploads\/2025\/11\/228c0b4c-8469-40d6-a029-3e5a5f677176_\u526f\u672c.webp 800w, https:\/\/mountlaser.com\/wp-content\/uploads\/2025\/11\/228c0b4c-8469-40d6-a029-3e5a5f677176_\u526f\u672c-300x300.webp 300w, https:\/\/mountlaser.com\/wp-content\/uploads\/2025\/11\/228c0b4c-8469-40d6-a029-3e5a5f677176_\u526f\u672c-400x400.webp 400w, https:\/\/mountlaser.com\/wp-content\/uploads\/2025\/11\/228c0b4c-8469-40d6-a029-3e5a5f677176_\u526f\u672c-600x600.webp 600w, https:\/\/mountlaser.com\/wp-content\/uploads\/2025\/11\/228c0b4c-8469-40d6-a029-3e5a5f677176_\u526f\u672c-150x150.webp 150w, https:\/\/mountlaser.com\/wp-content\/uploads\/2025\/11\/228c0b4c-8469-40d6-a029-3e5a5f677176_\u526f\u672c-768x768.webp 768w, https:\/\/mountlaser.com\/wp-content\/uploads\/2025\/11\/228c0b4c-8469-40d6-a029-3e5a5f677176_\u526f\u672c-12x12.webp 12w\" sizes=\"(max-width: 500px) 100vw, 500px\" \/><\/p>","protected":false},"excerpt":{"rendered":"<ul>\n<li>Dient als 4 Meter lange Teleskop-Nivellierlatte zur genauen Bestimmung von H\u00f6henunterschieden und H\u00f6hen mit verschiedenen Nivellierinstrumenten.<\/li>\n<li>Verf\u00fcgt \u00fcber eine gut lesbare, witterungs- und korrosionsbest\u00e4ndige Skala, die im Siebdruckverfahren aufgebracht und hitzegetrocknet wurde, um maximale Haltbarkeit und Klarheit zu gew\u00e4hrleisten.<\/li>\n<\/ul>","protected":false},"featured_media":3439,"comment_status":"open","ping_status":"closed","template":"","meta":[],"product_brand":[],"product_cat":[90],"product_tag":[],"class_list":{"0":"post-3435","1":"product","2":"type-product","3":"status-publish","4":"has-post-thumbnail","6":"product_cat-leveling-staff","8":"first","9":"instock","10":"shipping-taxable","11":"product-type-simple"},"_links":{"self":[{"href":"https:\/\/mountlaser.com\/de\/wp-json\/wp\/v2\/product\/3435","targetHints":{"allow":["GET"]}}],"collection":[{"href":"https:\/\/mountlaser.com\/de\/wp-json\/wp\/v2\/product"}],"about":[{"href":"https:\/\/mountlaser.com\/de\/wp-json\/wp\/v2\/types\/product"}],"replies":[{"embeddable":true,"href":"https:\/\/mountlaser.com\/de\/wp-json\/wp\/v2\/comments?post=3435"}],"wp:featuredmedia":[{"embeddable":true,"href":"https:\/\/mountlaser.com\/de\/wp-json\/wp\/v2\/media\/3439"}],"wp:attachment":[{"href":"https:\/\/mountlaser.com\/de\/wp-json\/wp\/v2\/media?parent=3435"}],"wp:term":[{"taxonomy":"product_brand","embeddable":true,"href":"https:\/\/mountlaser.com\/de\/wp-json\/wp\/v2\/product_brand?post=3435"},{"taxonomy":"product_cat","embeddable":true,"href":"https:\/\/mountlaser.com\/de\/wp-json\/wp\/v2\/product_cat?post=3435"},{"taxonomy":"product_tag","embeddable":true,"href":"https:\/\/mountlaser.com\/de\/wp-json\/wp\/v2\/product_tag?post=3435"}],"curies":[{"name":"wp","href":"https:\/\/api.w.org\/{rel}","templated":true}]}}