{"id":3427,"date":"2025-11-05T08:38:37","date_gmt":"2025-11-05T08:38:37","guid":{"rendered":"https:\/\/mountlaser.com\/?post_type=product&#038;p=3427"},"modified":"2025-11-28T02:22:32","modified_gmt":"2025-11-28T02:22:32","slug":"3m-aluminum-leveling-staff","status":"publish","type":"product","link":"https:\/\/mountlaser.com\/de\/produkt\/3m-aluminum-leveling-staff\/","title":{"rendered":"3M Aluminium-Nivellierlatte"},"content":{"rendered":"<p>Der Mount Laser <a href=\"https:\/\/mountlaser.com\/de\/\u3001\/\"><strong>3M Aluminium-Nivellierlatte<\/strong> <\/a>Diese hochpr\u00e4zise Teleskop-Nivellierlatte (auch Nivellierlatte genannt) wurde speziell f\u00fcr Vermessungs- und Bauarbeiten entwickelt. Sie besteht aus hochfestem 6061-Aluminium mit silbereloxierter Oberfl\u00e4che und bietet ein hervorragendes Verh\u00e4ltnis von Festigkeit zu Gewicht. Dadurch ist sie leicht und gleichzeitig extrem langlebig. Sie ist in Wandst\u00e4rken von 1,0 mm und 0,8 mm erh\u00e4ltlich, um unterschiedlichen Anforderungen gerecht zu werden.<\/p>\n<p>Das <a href=\"https:\/\/mountlaser.com\/de\/about-us\/\"><strong>Pr\u00e4zisionsvermessungspersonal<\/strong><\/a> Die Skala ist klar und dauerhaft, aufgebracht im traditionellen Siebdruckverfahren und unter hohen Temperaturen getrocknet. Dadurch sind die Markierungen \u00e4u\u00dferst witterungsbest\u00e4ndig sowie korrosions- und abriebfest. Die Skala auf der R\u00fcckseite erm\u00f6glicht ein einfaches Ablesen der Gesamth\u00f6he. Mit einer maximalen L\u00e4nge von 3 Metern eignet sie sich ideal f\u00fcr die Verwendung mit Laser- und optischen Nivellierger\u00e4ten. Als vielseitige und verstellbare Teleskop-Nivellierlatte wird sie mit einer Tragetasche f\u00fcr optimalen Transport geliefert und ist somit ein benutzerfreundliches und zuverl\u00e4ssiges Werkzeug f\u00fcr unterschiedlichste Messaufgaben.<\/p>\n<p>&nbsp;<\/p>\n<p>Standardgr\u00f6\u00dfen umfassen 3 m\/3 Abschnitte.<img fetchpriority=\"high\" decoding=\"async\" class=\"aligncenter wp-image-3428\" src=\"https:\/\/mountlaser.com\/wp-content\/uploads\/2025\/11\/0b2093a1-9948-45d7-b293-7bf17d80b027_\u526f\u672c.webp\" alt=\"Telescopic Leveling Staff\" width=\"500\" height=\"500\" srcset=\"https:\/\/mountlaser.com\/wp-content\/uploads\/2025\/11\/0b2093a1-9948-45d7-b293-7bf17d80b027_\u526f\u672c.webp 800w, https:\/\/mountlaser.com\/wp-content\/uploads\/2025\/11\/0b2093a1-9948-45d7-b293-7bf17d80b027_\u526f\u672c-300x300.webp 300w, https:\/\/mountlaser.com\/wp-content\/uploads\/2025\/11\/0b2093a1-9948-45d7-b293-7bf17d80b027_\u526f\u672c-400x400.webp 400w, https:\/\/mountlaser.com\/wp-content\/uploads\/2025\/11\/0b2093a1-9948-45d7-b293-7bf17d80b027_\u526f\u672c-600x600.webp 600w, https:\/\/mountlaser.com\/wp-content\/uploads\/2025\/11\/0b2093a1-9948-45d7-b293-7bf17d80b027_\u526f\u672c-150x150.webp 150w, https:\/\/mountlaser.com\/wp-content\/uploads\/2025\/11\/0b2093a1-9948-45d7-b293-7bf17d80b027_\u526f\u672c-768x768.webp 768w, https:\/\/mountlaser.com\/wp-content\/uploads\/2025\/11\/0b2093a1-9948-45d7-b293-7bf17d80b027_\u526f\u672c-12x12.webp 12w\" sizes=\"(max-width: 500px) 100vw, 500px\" \/><\/p>\n<p>Das Bild zeigt verschiedene Darstellungsarten zur Auswahl.<\/p>\n<p><img decoding=\"async\" class=\"aligncenter wp-image-3429\" src=\"https:\/\/mountlaser.com\/wp-content\/uploads\/2025\/11\/228c0b4c-8469-40d6-a029-3e5a5f677176_\u526f\u672c.webp\" alt=\"Telescopic Leveling Staff\" width=\"500\" height=\"500\" srcset=\"https:\/\/mountlaser.com\/wp-content\/uploads\/2025\/11\/228c0b4c-8469-40d6-a029-3e5a5f677176_\u526f\u672c.webp 800w, https:\/\/mountlaser.com\/wp-content\/uploads\/2025\/11\/228c0b4c-8469-40d6-a029-3e5a5f677176_\u526f\u672c-300x300.webp 300w, https:\/\/mountlaser.com\/wp-content\/uploads\/2025\/11\/228c0b4c-8469-40d6-a029-3e5a5f677176_\u526f\u672c-400x400.webp 400w, https:\/\/mountlaser.com\/wp-content\/uploads\/2025\/11\/228c0b4c-8469-40d6-a029-3e5a5f677176_\u526f\u672c-600x600.webp 600w, https:\/\/mountlaser.com\/wp-content\/uploads\/2025\/11\/228c0b4c-8469-40d6-a029-3e5a5f677176_\u526f\u672c-150x150.webp 150w, https:\/\/mountlaser.com\/wp-content\/uploads\/2025\/11\/228c0b4c-8469-40d6-a029-3e5a5f677176_\u526f\u672c-768x768.webp 768w, https:\/\/mountlaser.com\/wp-content\/uploads\/2025\/11\/228c0b4c-8469-40d6-a029-3e5a5f677176_\u526f\u672c-12x12.webp 12w\" sizes=\"(max-width: 500px) 100vw, 500px\" \/><\/p>","protected":false},"excerpt":{"rendered":"<ul>\n<li>Dient als 3 Meter lange Teleskop-Nivellierlatte zur Bestimmung von H\u00f6henunterschieden und H\u00f6hen mit optischen oder Laser-Nivellierger\u00e4ten.<\/li>\n<li>Die Skala auf der R\u00fcckseite erm\u00f6glicht ein bequemes Ablesen der Gesamth\u00f6he und unterst\u00fctzt so eine pr\u00e4zise Datenerfassung.<\/li>\n<li>Im Lieferumfang ist eine praktische Tragetasche enthalten, die den Transport und die Aufbewahrung des gesamten Pr\u00e4zisionsvermessungsstabs erleichtert.<\/li>\n<\/ul>","protected":false},"featured_media":3431,"comment_status":"open","ping_status":"closed","template":"","meta":[],"product_brand":[],"product_cat":[90],"product_tag":[],"class_list":{"0":"post-3427","1":"product","2":"type-product","3":"status-publish","4":"has-post-thumbnail","6":"product_cat-leveling-staff","8":"first","9":"instock","10":"shipping-taxable","11":"product-type-simple"},"_links":{"self":[{"href":"https:\/\/mountlaser.com\/de\/wp-json\/wp\/v2\/product\/3427","targetHints":{"allow":["GET"]}}],"collection":[{"href":"https:\/\/mountlaser.com\/de\/wp-json\/wp\/v2\/product"}],"about":[{"href":"https:\/\/mountlaser.com\/de\/wp-json\/wp\/v2\/types\/product"}],"replies":[{"embeddable":true,"href":"https:\/\/mountlaser.com\/de\/wp-json\/wp\/v2\/comments?post=3427"}],"wp:featuredmedia":[{"embeddable":true,"href":"https:\/\/mountlaser.com\/de\/wp-json\/wp\/v2\/media\/3431"}],"wp:attachment":[{"href":"https:\/\/mountlaser.com\/de\/wp-json\/wp\/v2\/media?parent=3427"}],"wp:term":[{"taxonomy":"product_brand","embeddable":true,"href":"https:\/\/mountlaser.com\/de\/wp-json\/wp\/v2\/product_brand?post=3427"},{"taxonomy":"product_cat","embeddable":true,"href":"https:\/\/mountlaser.com\/de\/wp-json\/wp\/v2\/product_cat?post=3427"},{"taxonomy":"product_tag","embeddable":true,"href":"https:\/\/mountlaser.com\/de\/wp-json\/wp\/v2\/product_tag?post=3427"}],"curies":[{"name":"wp","href":"https:\/\/api.w.org\/{rel}","templated":true}]}}