{"id":3417,"date":"2025-11-05T08:41:37","date_gmt":"2025-11-05T08:41:37","guid":{"rendered":"https:\/\/mountlaser.com\/?post_type=product&#038;p=3417"},"modified":"2025-11-28T02:17:17","modified_gmt":"2025-11-28T02:17:17","slug":"trm02-tr-large-monitoring-prism","status":"publish","type":"product","link":"https:\/\/mountlaser.com\/de\/produkt\/trm02-tr-large-monitoring-prism\/","title":{"rendered":"TRM02 TR Gro\u00dfes \u00dcberwachungsprisma"},"content":{"rendered":"<p>Der <a href=\"https:\/\/mountlaser.com\/de\/\"><strong>TRM02 TR Gro\u00dfes \u00dcberwachungsprisma<\/strong><\/a> Das Trimble Vermessungs- und \u00dcberwachungsprisma wurde f\u00fcr h\u00f6chste Pr\u00e4zision und Stabilit\u00e4t auf gro\u00dfe Entfernungen in professionellen Vermessungs- und geotechnischen \u00dcberwachungsanwendungen entwickelt. Es zeichnet sich durch au\u00dfergew\u00f6hnliche Leistung aus und vereint robuste Bauweise, Witterungsbest\u00e4ndigkeit und flexible Installationsm\u00f6glichkeiten, um auch unter h\u00e4rtesten Bedingungen zuverl\u00e4ssige Ergebnisse zu liefern.<\/p>\n<p>Das <a href=\"https:\/\/mountlaser.com\/de\/products\/\"><strong>Gro\u00dfes \u00dcberwachungsprisma<\/strong><\/a> Ausgestattet mit einem 62 mm gro\u00dfen, silberbeschichteten Vollprisma, optimiert f\u00fcr hochpr\u00e4zise Messungen \u00fcber gro\u00dfe Entfernungen. Es bietet einen absoluten Offset von -40 mm mit einer Genauigkeit von \u00b12 mm sowie ein Zweiachsen-Schwenksystem f\u00fcr Feinjustierung und stabile Ausrichtung. Die Regenschutzhaube sch\u00fctzt das Prisma vor Staub, Schnee und Feuchtigkeit und gew\u00e4hrleistet so zuverl\u00e4ssige Messungen auch unter anspruchsvollen Feldbedingungen.<\/p>\n<p><img fetchpriority=\"high\" decoding=\"async\" class=\"aligncenter wp-image-3418\" src=\"https:\/\/mountlaser.com\/wp-content\/uploads\/2025\/11\/5-7TRM021.webp\" alt=\"TRM02 Large Monitoring Prism\" width=\"500\" height=\"500\" srcset=\"https:\/\/mountlaser.com\/wp-content\/uploads\/2025\/11\/5-7TRM021.webp 1000w, https:\/\/mountlaser.com\/wp-content\/uploads\/2025\/11\/5-7TRM021-300x300.webp 300w, https:\/\/mountlaser.com\/wp-content\/uploads\/2025\/11\/5-7TRM021-400x400.webp 400w, https:\/\/mountlaser.com\/wp-content\/uploads\/2025\/11\/5-7TRM021-800x800.webp 800w, https:\/\/mountlaser.com\/wp-content\/uploads\/2025\/11\/5-7TRM021-600x600.webp 600w, https:\/\/mountlaser.com\/wp-content\/uploads\/2025\/11\/5-7TRM021-150x150.webp 150w, https:\/\/mountlaser.com\/wp-content\/uploads\/2025\/11\/5-7TRM021-768x768.webp 768w, https:\/\/mountlaser.com\/wp-content\/uploads\/2025\/11\/5-7TRM021-12x12.webp 12w\" sizes=\"(max-width: 500px) 100vw, 500px\" \/><\/p>\n<p>Gefertigt mit einem robusten L-f\u00f6rmigen Sockel mit den Ma\u00dfen 2,3\u2033 \u00d7 3,4\u2033, <a href=\"https:\/\/mountlaser.com\/de\/contact-us\/\">TRM02 TR Gro\u00dfes \u00dcberwachungsprisma<\/a> Es bietet dank f\u00fcnf Befestigungsl\u00f6chern eine sichere Installation f\u00fcr maximale Stabilit\u00e4t. Kompatibel mit allen M20-Schraubprismengeh\u00e4usen, l\u00e4sst es sich nahtlos in Trimble- und andere professionelle \u00dcberwachungssysteme integrieren. Leicht und dennoch robust, ist es ideal f\u00fcr Langzeitprojekte in den Bereichen Bauwerksbeobachtung, Bergbau und Deformations\u00fcberwachung.<\/p>","protected":false},"excerpt":{"rendered":"<p>\u2022 F\u00fcr hochpr\u00e4zise \u00dcberwachung \u00fcber gro\u00dfe Entfernungen<br \/>\n\u2022 Zweiachsige Drehachse und Edelstahlverriegelungen gew\u00e4hrleisten eine stabile Ausrichtung<br \/>\n\u2022 Die sch\u00fctzende Regenkappe gew\u00e4hrleistet die Genauigkeit auch bei widrigen Wetterbedingungen<br \/>\n\u2022 Robuster L-f\u00f6rmiger Sockel mit mehreren Befestigungsl\u00f6chern<br \/>\n\u2022 Leicht und robust \u2013 perfekt f\u00fcr \u00dcberwachung und Bergbau<br \/>\n\u2022 Erh\u00e4ltlich in Ausf\u00fchrungen mit 2\u2033 oder 3\u20134\u2033 Genauigkeit.<\/p>","protected":false},"featured_media":3422,"comment_status":"open","ping_status":"closed","template":"","meta":[],"product_brand":[],"product_cat":[72,112],"product_tag":[],"class_list":{"0":"post-3417","1":"product","2":"type-product","3":"status-publish","4":"has-post-thumbnail","6":"product_cat-reflective-target-prism","7":"product_cat-monitoring-prism","9":"first","10":"instock","11":"shipping-taxable","12":"product-type-simple"},"_links":{"self":[{"href":"https:\/\/mountlaser.com\/de\/wp-json\/wp\/v2\/product\/3417","targetHints":{"allow":["GET"]}}],"collection":[{"href":"https:\/\/mountlaser.com\/de\/wp-json\/wp\/v2\/product"}],"about":[{"href":"https:\/\/mountlaser.com\/de\/wp-json\/wp\/v2\/types\/product"}],"replies":[{"embeddable":true,"href":"https:\/\/mountlaser.com\/de\/wp-json\/wp\/v2\/comments?post=3417"}],"wp:featuredmedia":[{"embeddable":true,"href":"https:\/\/mountlaser.com\/de\/wp-json\/wp\/v2\/media\/3422"}],"wp:attachment":[{"href":"https:\/\/mountlaser.com\/de\/wp-json\/wp\/v2\/media?parent=3417"}],"wp:term":[{"taxonomy":"product_brand","embeddable":true,"href":"https:\/\/mountlaser.com\/de\/wp-json\/wp\/v2\/product_brand?post=3417"},{"taxonomy":"product_cat","embeddable":true,"href":"https:\/\/mountlaser.com\/de\/wp-json\/wp\/v2\/product_cat?post=3417"},{"taxonomy":"product_tag","embeddable":true,"href":"https:\/\/mountlaser.com\/de\/wp-json\/wp\/v2\/product_tag?post=3417"}],"curies":[{"name":"wp","href":"https:\/\/api.w.org\/{rel}","templated":true}]}}