{"id":3408,"date":"2025-11-05T07:50:42","date_gmt":"2025-11-05T07:50:42","guid":{"rendered":"https:\/\/mountlaser.com\/?post_type=product&#038;p=3408"},"modified":"2025-11-28T02:25:47","modified_gmt":"2025-11-28T02:25:47","slug":"gpr112s-monitoring-prism-set","status":"publish","type":"product","link":"https:\/\/mountlaser.com\/de\/produkt\/gpr112s-monitoring-prism-set\/","title":{"rendered":"GPR112S \u00dcberwachungsprismensatz"},"content":{"rendered":"<p>Der <a href=\"https:\/\/mountlaser.com\/de\/\"><strong>GPR112S \u00dcberwachungsprismensatz<\/strong><\/a> Das GPR112S Monitoring-Prismen-Set wurde f\u00fcr h\u00f6chste Pr\u00e4zision und Zuverl\u00e4ssigkeit bei der langfristigen Struktur- und Geotechnik\u00fcberwachung entwickelt. Es ist f\u00fcr den Einsatz unter h\u00e4rtesten Feldbedingungen konzipiert und bietet au\u00dfergew\u00f6hnliche Genauigkeit, Langlebigkeit und Stabilit\u00e4t \u2013 ein unverzichtbares Werkzeug f\u00fcr professionelle Vermesser und \u00dcberwachungsspezialisten.<\/p>\n<p>Das <a href=\"https:\/\/mountlaser.com\/de\/products\/\"><strong>\u00dcberwachungsprisma-Set<\/strong><\/a> Das System verf\u00fcgt \u00fcber ein 62-mm-Prisma mit Silberbeschichtung, das hervorragende Reflexionseigenschaften und Messgenauigkeit \u00fcber gro\u00dfe Entfernungen bietet. Es ist mit einer Winkelgenauigkeit von 2\u2033 oder 3\u20134\u2033 erh\u00e4ltlich und erf\u00fcllt somit flexibel verschiedene \u00dcberwachungsanforderungen. Zum Lieferumfang geh\u00f6ren ein Montagesatz und ein Wetterschutz, die einen zuverl\u00e4ssigen Betrieb auch bei Regen, Schnee oder Staub gew\u00e4hrleisten.<\/p>\n<p><img fetchpriority=\"high\" decoding=\"async\" class=\"aligncenter wp-image-3410\" src=\"https:\/\/mountlaser.com\/wp-content\/uploads\/2025\/11\/5-8GRPR112S2.webp\" alt=\"GPR112S Monitoring Prism Set\" width=\"500\" height=\"500\" srcset=\"https:\/\/mountlaser.com\/wp-content\/uploads\/2025\/11\/5-8GRPR112S2.webp 1000w, https:\/\/mountlaser.com\/wp-content\/uploads\/2025\/11\/5-8GRPR112S2-300x300.webp 300w, https:\/\/mountlaser.com\/wp-content\/uploads\/2025\/11\/5-8GRPR112S2-400x400.webp 400w, https:\/\/mountlaser.com\/wp-content\/uploads\/2025\/11\/5-8GRPR112S2-800x800.webp 800w, https:\/\/mountlaser.com\/wp-content\/uploads\/2025\/11\/5-8GRPR112S2-600x600.webp 600w, https:\/\/mountlaser.com\/wp-content\/uploads\/2025\/11\/5-8GRPR112S2-150x150.webp 150w, https:\/\/mountlaser.com\/wp-content\/uploads\/2025\/11\/5-8GRPR112S2-768x768.webp 768w, https:\/\/mountlaser.com\/wp-content\/uploads\/2025\/11\/5-8GRPR112S2-12x12.webp 12w\" sizes=\"(max-width: 500px) 100vw, 500px\" \/><\/p>\n<p>Der <a href=\"https:\/\/mountlaser.com\/de\/contact-us\/\">GPR112S \u00dcberwachungsprismensatz<\/a> Unterst\u00fctzt sowohl M8- als auch 5\/8\u2033-Gewindebefestigungen und erm\u00f6glicht so eine einfache und sichere Montage auf verschiedenen Oberfl\u00e4chen. Das Zwei-Achsen-Verstellsystem erlaubt eine pr\u00e4zise Prismenausrichtung f\u00fcr optimale Zielgenauigkeit. Dank robuster Materialien und witterungsbest\u00e4ndiger Konstruktion gew\u00e4hrleistet es gleichbleibende Messqualit\u00e4t und langfristige Stabilit\u00e4t im Au\u00dfenbereich.<\/p>","protected":false},"excerpt":{"rendered":"<p>\u2022 F\u00fcr hochpr\u00e4zise Messungen \u00fcber gro\u00dfe Entfernungen<br \/>\n\u2022 Zweiachsig verstellbares Design f\u00fcr pr\u00e4zise Ausrichtung und Stabilit\u00e4t<br \/>\n\u2022 Die wetterfeste Kapuze sch\u00fctzt vor Regen, Schnee und Staub<br \/>\n\u2022 Prismenkonstanten: -34,4 mm (absolut), +0,0 mm (Schweizer)<br \/>\n\u2022 Komplettpaket mit Montagesatz und Wetterschutz<\/p>","protected":false},"featured_media":3409,"comment_status":"open","ping_status":"closed","template":"","meta":[],"product_brand":[],"product_cat":[72,112],"product_tag":[],"class_list":{"0":"post-3408","1":"product","2":"type-product","3":"status-publish","4":"has-post-thumbnail","6":"product_cat-reflective-target-prism","7":"product_cat-monitoring-prism","9":"first","10":"instock","11":"shipping-taxable","12":"product-type-simple"},"_links":{"self":[{"href":"https:\/\/mountlaser.com\/de\/wp-json\/wp\/v2\/product\/3408","targetHints":{"allow":["GET"]}}],"collection":[{"href":"https:\/\/mountlaser.com\/de\/wp-json\/wp\/v2\/product"}],"about":[{"href":"https:\/\/mountlaser.com\/de\/wp-json\/wp\/v2\/types\/product"}],"replies":[{"embeddable":true,"href":"https:\/\/mountlaser.com\/de\/wp-json\/wp\/v2\/comments?post=3408"}],"wp:featuredmedia":[{"embeddable":true,"href":"https:\/\/mountlaser.com\/de\/wp-json\/wp\/v2\/media\/3409"}],"wp:attachment":[{"href":"https:\/\/mountlaser.com\/de\/wp-json\/wp\/v2\/media?parent=3408"}],"wp:term":[{"taxonomy":"product_brand","embeddable":true,"href":"https:\/\/mountlaser.com\/de\/wp-json\/wp\/v2\/product_brand?post=3408"},{"taxonomy":"product_cat","embeddable":true,"href":"https:\/\/mountlaser.com\/de\/wp-json\/wp\/v2\/product_cat?post=3408"},{"taxonomy":"product_tag","embeddable":true,"href":"https:\/\/mountlaser.com\/de\/wp-json\/wp\/v2\/product_tag?post=3408"}],"curies":[{"name":"wp","href":"https:\/\/api.w.org\/{rel}","templated":true}]}}