{"id":3406,"date":"2025-11-05T06:43:23","date_gmt":"2025-11-05T06:43:23","guid":{"rendered":"https:\/\/mountlaser.com\/?post_type=product&#038;p=3406"},"modified":"2025-11-28T02:27:49","modified_gmt":"2025-11-28T02:27:49","slug":"mp062-mini-prism","status":"publish","type":"product","link":"https:\/\/mountlaser.com\/de\/produkt\/mp062-mini-prism\/","title":{"rendered":"MP062 Mini-Prisma"},"content":{"rendered":"<p>Der <a href=\"https:\/\/mountlaser.com\/de\/\"><strong>MP062 Mini-Prisma<\/strong><\/a> Das Mini-Prisma MP062 ist ein pr\u00e4zisionsgefertigtes Instrument f\u00fcr Trimble Totalstationen, das h\u00f6chste Genauigkeit und Langlebigkeit f\u00fcr anspruchsvolle Feldeins\u00e4tze bietet. Dank seines Geh\u00e4uses aus eloxiertem Nichteisen-Aluminium gew\u00e4hrleistet es dauerhafte Leistung und Korrosionsschutz \u2013 ideal f\u00fcr Vermessungs-, Bauausrichtungs- und \u00dcberwachungsprojekte.<\/p>\n<p>Das <a href=\"https:\/\/mountlaser.com\/de\/products\/\"><strong>Mini-Prisma f\u00fcr Trimble Totalstation<\/strong><\/a> Ausgestattet mit einem 25,4 mm gro\u00dfen, kupfer- oder silberbeschichteten Prisma mit 0\/30 mm Versatzoptionen bietet es Flexibilit\u00e4t f\u00fcr verschiedene Messanforderungen. Die integrierte seitliche Libelle erm\u00f6glicht eine schnelle und pr\u00e4zise Ausrichtung, w\u00e4hrend der 5\/8\u2033-11-Innengewindeadapter die einfache Kompatibilit\u00e4t mit Standard-Vermessungsstangen oder Stativen gew\u00e4hrleistet.<\/p>\n<p><img fetchpriority=\"high\" decoding=\"async\" class=\"aligncenter wp-image-3388\" src=\"https:\/\/mountlaser.com\/wp-content\/uploads\/2025\/11\/5-4MP0626.webp\" alt=\"Mini Prism for Trimble Total Station\" width=\"500\" height=\"500\" srcset=\"https:\/\/mountlaser.com\/wp-content\/uploads\/2025\/11\/5-4MP0626.webp 1000w, https:\/\/mountlaser.com\/wp-content\/uploads\/2025\/11\/5-4MP0626-300x300.webp 300w, https:\/\/mountlaser.com\/wp-content\/uploads\/2025\/11\/5-4MP0626-400x400.webp 400w, https:\/\/mountlaser.com\/wp-content\/uploads\/2025\/11\/5-4MP0626-800x800.webp 800w, https:\/\/mountlaser.com\/wp-content\/uploads\/2025\/11\/5-4MP0626-600x600.webp 600w, https:\/\/mountlaser.com\/wp-content\/uploads\/2025\/11\/5-4MP0626-150x150.webp 150w, https:\/\/mountlaser.com\/wp-content\/uploads\/2025\/11\/5-4MP0626-768x768.webp 768w, https:\/\/mountlaser.com\/wp-content\/uploads\/2025\/11\/5-4MP0626-12x12.webp 12w\" sizes=\"(max-width: 500px) 100vw, 500px\" \/><\/p>\n<p>F\u00fcr verbesserte Stabilit\u00e4t und Leistung, <a href=\"https:\/\/mountlaser.com\/de\/contact-us\/\">Mini-Prisma f\u00fcr Trimble Totalstation<\/a> Es kann mit dem optionalen Mini-Prismendreieck MPT01 oder MPT04 kombiniert werden und ist somit eine vielseitige Wahl f\u00fcr Profis, die in jedem Setup Zuverl\u00e4ssigkeit fordern.<\/p>","protected":false},"excerpt":{"rendered":"<p>\u2022 F\u00fcr Pr\u00e4zisionsmessungen<br \/>\n\u2022 Kupfer- oder Silberbeschichtung f\u00fcr optimale Reflektivit\u00e4t<br \/>\n\u2022 Robustes Geh\u00e4use aus eloxiertem Nichteisen-Aluminium<br \/>\n\u2022 Integrierte seitliche Wasserwaage f\u00fcr schnelles Ausrichten<br \/>\n\u2022 Optionales Zubeh\u00f6r: MPT01 oder MPT04 Mini-Prismendreifu\u00df<\/p>","protected":false},"featured_media":3383,"comment_status":"open","ping_status":"closed","template":"","meta":[],"product_brand":[],"product_cat":[72,112],"product_tag":[],"class_list":{"0":"post-3406","1":"product","2":"type-product","3":"status-publish","4":"has-post-thumbnail","6":"product_cat-reflective-target-prism","7":"product_cat-monitoring-prism","9":"first","10":"instock","11":"shipping-taxable","12":"product-type-simple"},"_links":{"self":[{"href":"https:\/\/mountlaser.com\/de\/wp-json\/wp\/v2\/product\/3406","targetHints":{"allow":["GET"]}}],"collection":[{"href":"https:\/\/mountlaser.com\/de\/wp-json\/wp\/v2\/product"}],"about":[{"href":"https:\/\/mountlaser.com\/de\/wp-json\/wp\/v2\/types\/product"}],"replies":[{"embeddable":true,"href":"https:\/\/mountlaser.com\/de\/wp-json\/wp\/v2\/comments?post=3406"}],"wp:featuredmedia":[{"embeddable":true,"href":"https:\/\/mountlaser.com\/de\/wp-json\/wp\/v2\/media\/3383"}],"wp:attachment":[{"href":"https:\/\/mountlaser.com\/de\/wp-json\/wp\/v2\/media?parent=3406"}],"wp:term":[{"taxonomy":"product_brand","embeddable":true,"href":"https:\/\/mountlaser.com\/de\/wp-json\/wp\/v2\/product_brand?post=3406"},{"taxonomy":"product_cat","embeddable":true,"href":"https:\/\/mountlaser.com\/de\/wp-json\/wp\/v2\/product_cat?post=3406"},{"taxonomy":"product_tag","embeddable":true,"href":"https:\/\/mountlaser.com\/de\/wp-json\/wp\/v2\/product_tag?post=3406"}],"curies":[{"name":"wp","href":"https:\/\/api.w.org\/{rel}","templated":true}]}}