{"id":3393,"date":"2025-11-05T05:03:25","date_gmt":"2025-11-05T05:03:25","guid":{"rendered":"https:\/\/mountlaser.com\/?post_type=product&#038;p=3393"},"modified":"2025-11-28T02:33:41","modified_gmt":"2025-11-28T02:33:41","slug":"mp091-mini-prism","status":"publish","type":"product","link":"https:\/\/mountlaser.com\/de\/produkt\/mp091-mini-prism\/","title":{"rendered":"MP091 Mini-Prisma"},"content":{"rendered":"<p>Der <a href=\"https:\/\/mountlaser.com\/de\/\"><strong>MP091 Mini-Prisma<\/strong><\/a> ist ein <a href=\"https:\/\/mountlaser.com\/de\/about-us\/\"><strong>drehbares und neigbares Mini-Prisma<\/strong><\/a> Das MP091-Miniprisma wurde f\u00fcr hochpr\u00e4zise Boden- und Struktur\u00fcberwachung in anspruchsvollen Umgebungen entwickelt. Es eignet sich f\u00fcr langfristige geotechnische und Deformationsanalysen und bietet au\u00dfergew\u00f6hnliche Stabilit\u00e4t, Flexibilit\u00e4t und Witterungsbest\u00e4ndigkeit.<\/p>\n<p>Dieses dreh- und neigbare Mini-Prismensystem erm\u00f6glicht pr\u00e4zise Reflexionswinkel f\u00fcr Totalstationsmessungen und gew\u00e4hrleistet so eine zuverl\u00e4ssige Datenerfassung auch in unwegsamem Gel\u00e4nde oder beengten Messbereichen. Dank seines robusten Aluminiumgeh\u00e4uses und der integrierten Schnee- und Regenschutzabdeckung bietet das Mini-Prisma MP091 selbst unter rauen Au\u00dfenbedingungen zuverl\u00e4ssige Leistung.<\/p>\n<p><img fetchpriority=\"high\" decoding=\"async\" class=\"aligncenter wp-image-3395\" src=\"https:\/\/mountlaser.com\/wp-content\/uploads\/2025\/11\/2-4MP0912.webp\" alt=\"MP091 mini prism\" width=\"500\" height=\"500\" srcset=\"https:\/\/mountlaser.com\/wp-content\/uploads\/2025\/11\/2-4MP0912.webp 1000w, https:\/\/mountlaser.com\/wp-content\/uploads\/2025\/11\/2-4MP0912-300x300.webp 300w, https:\/\/mountlaser.com\/wp-content\/uploads\/2025\/11\/2-4MP0912-400x400.webp 400w, https:\/\/mountlaser.com\/wp-content\/uploads\/2025\/11\/2-4MP0912-800x800.webp 800w, https:\/\/mountlaser.com\/wp-content\/uploads\/2025\/11\/2-4MP0912-600x600.webp 600w, https:\/\/mountlaser.com\/wp-content\/uploads\/2025\/11\/2-4MP0912-150x150.webp 150w, https:\/\/mountlaser.com\/wp-content\/uploads\/2025\/11\/2-4MP0912-768x768.webp 768w, https:\/\/mountlaser.com\/wp-content\/uploads\/2025\/11\/2-4MP0912-12x12.webp 12w\" sizes=\"(max-width: 500px) 100vw, 500px\" \/><\/p>\n<p>Verf\u00fcgbar in<a href=\"https:\/\/mountlaser.com\/de\/products\/\"> zwei Konfigurationen<\/a> \u2014 MP091A (\u00d8 25,4 mm) und MP091B (\u00d8 35,0 mm) \u2014 Dieses Modell bietet Genauigkeitsoptionen von 2\u2033 oder 3\u20134\u2033 f\u00fcr unterschiedliche \u00dcberwachungsanforderungen. Jedes Prisma ist silberbeschichtet f\u00fcr verbesserte Reflektivit\u00e4t und langfristige optische Stabilit\u00e4t.<\/p>","protected":false},"excerpt":{"rendered":"<p>\u2022 Dreh- und neigbares Prisma f\u00fcr vielseitige Ausrichtung<br \/>\n\u2022 Robustes Aluminiumgeh\u00e4use mit integrierter Schnee- und Regenschutzabdeckung<br \/>\n\u2022 Grundplattengr\u00f6\u00dfe: 40 \u00d7 40 mm<br \/>\n\u2022 Befestigungslochdurchmesser: \u00d83 mm f\u00fcr sichere Montage<br \/>\n\u2022 Silberbeschichtet f\u00fcr langfristige Reflexion und Pr\u00e4zision<\/p>","protected":false},"featured_media":3395,"comment_status":"open","ping_status":"closed","template":"","meta":[],"product_brand":[],"product_cat":[72,112],"product_tag":[],"class_list":{"0":"post-3393","1":"product","2":"type-product","3":"status-publish","4":"has-post-thumbnail","6":"product_cat-reflective-target-prism","7":"product_cat-monitoring-prism","9":"first","10":"instock","11":"shipping-taxable","12":"product-type-simple"},"_links":{"self":[{"href":"https:\/\/mountlaser.com\/de\/wp-json\/wp\/v2\/product\/3393","targetHints":{"allow":["GET"]}}],"collection":[{"href":"https:\/\/mountlaser.com\/de\/wp-json\/wp\/v2\/product"}],"about":[{"href":"https:\/\/mountlaser.com\/de\/wp-json\/wp\/v2\/types\/product"}],"replies":[{"embeddable":true,"href":"https:\/\/mountlaser.com\/de\/wp-json\/wp\/v2\/comments?post=3393"}],"wp:featuredmedia":[{"embeddable":true,"href":"https:\/\/mountlaser.com\/de\/wp-json\/wp\/v2\/media\/3395"}],"wp:attachment":[{"href":"https:\/\/mountlaser.com\/de\/wp-json\/wp\/v2\/media?parent=3393"}],"wp:term":[{"taxonomy":"product_brand","embeddable":true,"href":"https:\/\/mountlaser.com\/de\/wp-json\/wp\/v2\/product_brand?post=3393"},{"taxonomy":"product_cat","embeddable":true,"href":"https:\/\/mountlaser.com\/de\/wp-json\/wp\/v2\/product_cat?post=3393"},{"taxonomy":"product_tag","embeddable":true,"href":"https:\/\/mountlaser.com\/de\/wp-json\/wp\/v2\/product_tag?post=3393"}],"curies":[{"name":"wp","href":"https:\/\/api.w.org\/{rel}","templated":true}]}}