{"id":3365,"date":"2025-11-05T06:11:46","date_gmt":"2025-11-05T06:11:46","guid":{"rendered":"https:\/\/mountlaser.com\/?post_type=product&#038;p=3365"},"modified":"2025-11-28T02:30:55","modified_gmt":"2025-11-28T02:30:55","slug":"mp061-mini-prism","status":"publish","type":"product","link":"https:\/\/mountlaser.com\/de\/produkt\/mp061-mini-prism\/","title":{"rendered":"MP061 Mini-Prisma"},"content":{"rendered":"<p>Der <a href=\"https:\/\/mountlaser.com\/de\/\"><strong>MP061 Mini-Prisma<\/strong><\/a> Das MP061 Mini-Prisma ist ein kompaktes und robustes Totalstationssystem, das f\u00fcr pr\u00e4zise Feldvermessungs- und Ausrichtungsarbeiten entwickelt wurde. Es richtet sich an Profis, die Wert auf Effizienz und Genauigkeit legen, und liefert unter allen Arbeitsbedingungen stabile und wiederholbare Messwerte.<\/p>\n<p>Das<a href=\"https:\/\/mountlaser.com\/de\/about-us\/\"><strong> Totalstationsprisma<\/strong><\/a> Das MP061 Mini-Prisma verf\u00fcgt \u00fcber ein 25,4 mm (1\u2033) gro\u00dfes, kupferbeschichtetes Prisma, das in einem robusten, pulverbeschichteten Aluminiumrahmen untergebracht ist und so f\u00fcr Langlebigkeit und verbesserte Reflektivit\u00e4t sorgt. Dank des dualen Offset-Designs (0\/-30 mm) l\u00e4sst es sich flexibel f\u00fcr verschiedene Messkonfigurationen einsetzen und eignet sich daher f\u00fcr vielf\u00e4ltige Feldeins\u00e4tze.<\/p>\n<p>Das seitlich angebrachte, 40 Minuten verstellbare Libellensystem erm\u00f6glicht schnelles Nivellieren, w\u00e4hrend das 5\/8\u2033-11-Standardgewinde mit den meisten Vermessungsger\u00e4ten kompatibel ist. Ein Friktionsverschluss erlaubt eine volle 360\u00b0-Drehung f\u00fcr einfaches Positionieren ohne Stabilit\u00e4tsverlust. Das System ist mit nur 0,41 kg (0,5 lb) leicht und dennoch robust und enth\u00e4lt alle notwendigen Zubeh\u00f6rteile: eine Lotprismenspitze, eine Halterung, eine 5\/8\u2033-11-Verl\u00e4ngerung und eine praktische Tragetasche mit G\u00fcrtelschlaufe.<\/p>\n<table width=\"587\">\n<tbody>\n<tr>\n<td width=\"72\">Modell<\/td>\n<td width=\"254\">Bild<\/td>\n<td width=\"261\">Notiz<\/td>\n<\/tr>\n<tr>\n<td>MP061AM<\/td>\n<td>\u00a0 \u00a0 \u00a0 \u00a0 \u00a0 \u00a0 \u00a0 \u00a0 \u00a0 <img fetchpriority=\"high\" decoding=\"async\" class=\"aligncenter wp-image-3370 size-medium\" src=\"https:\/\/mountlaser.com\/wp-content\/uploads\/2025\/11\/5-2MP061A5-300x300.webp\" alt=\"total station prism\" width=\"300\" height=\"300\" srcset=\"https:\/\/mountlaser.com\/wp-content\/uploads\/2025\/11\/5-2MP061A5-300x300.webp 300w, https:\/\/mountlaser.com\/wp-content\/uploads\/2025\/11\/5-2MP061A5-400x400.webp 400w, https:\/\/mountlaser.com\/wp-content\/uploads\/2025\/11\/5-2MP061A5-800x800.webp 800w, https:\/\/mountlaser.com\/wp-content\/uploads\/2025\/11\/5-2MP061A5-600x600.webp 600w, https:\/\/mountlaser.com\/wp-content\/uploads\/2025\/11\/5-2MP061A5-150x150.webp 150w, https:\/\/mountlaser.com\/wp-content\/uploads\/2025\/11\/5-2MP061A5-768x768.webp 768w, https:\/\/mountlaser.com\/wp-content\/uploads\/2025\/11\/5-2MP061A5-12x12.webp 12w, https:\/\/mountlaser.com\/wp-content\/uploads\/2025\/11\/5-2MP061A5.webp 1000w\" sizes=\"(max-width: 300px) 100vw, 300px\" \/><\/td>\n<td>Mittleres Fl\u00e4schchen<\/td>\n<\/tr>\n<tr>\n<td>MP061AS<\/td>\n<td><img decoding=\"async\" class=\"alignnone wp-image-3366 size-medium\" src=\"https:\/\/mountlaser.com\/wp-content\/uploads\/2025\/11\/5-2MP061A1-300x300.webp\" alt=\"total station prism\" width=\"300\" height=\"300\" srcset=\"https:\/\/mountlaser.com\/wp-content\/uploads\/2025\/11\/5-2MP061A1-300x300.webp 300w, https:\/\/mountlaser.com\/wp-content\/uploads\/2025\/11\/5-2MP061A1-400x400.webp 400w, https:\/\/mountlaser.com\/wp-content\/uploads\/2025\/11\/5-2MP061A1-800x800.webp 800w, https:\/\/mountlaser.com\/wp-content\/uploads\/2025\/11\/5-2MP061A1-600x600.webp 600w, https:\/\/mountlaser.com\/wp-content\/uploads\/2025\/11\/5-2MP061A1-150x150.webp 150w, https:\/\/mountlaser.com\/wp-content\/uploads\/2025\/11\/5-2MP061A1-768x768.webp 768w, https:\/\/mountlaser.com\/wp-content\/uploads\/2025\/11\/5-2MP061A1-12x12.webp 12w, https:\/\/mountlaser.com\/wp-content\/uploads\/2025\/11\/5-2MP061A1.webp 1000w\" sizes=\"(max-width: 300px) 100vw, 300px\" \/><\/td>\n<td>Seitenampulle<\/td>\n<\/tr>\n<tr>\n<td>MP061BM<\/td>\n<td><img decoding=\"async\" class=\"alignnone wp-image-3378 size-medium\" src=\"https:\/\/mountlaser.com\/wp-content\/uploads\/2025\/11\/5-3MP061B3-300x300.webp\" alt=\"total station prism\" width=\"300\" height=\"300\" srcset=\"https:\/\/mountlaser.com\/wp-content\/uploads\/2025\/11\/5-3MP061B3-300x300.webp 300w, https:\/\/mountlaser.com\/wp-content\/uploads\/2025\/11\/5-3MP061B3-400x400.webp 400w, https:\/\/mountlaser.com\/wp-content\/uploads\/2025\/11\/5-3MP061B3-800x800.webp 800w, https:\/\/mountlaser.com\/wp-content\/uploads\/2025\/11\/5-3MP061B3-600x600.webp 600w, https:\/\/mountlaser.com\/wp-content\/uploads\/2025\/11\/5-3MP061B3-150x150.webp 150w, https:\/\/mountlaser.com\/wp-content\/uploads\/2025\/11\/5-3MP061B3-768x768.webp 768w, https:\/\/mountlaser.com\/wp-content\/uploads\/2025\/11\/5-3MP061B3-12x12.webp 12w, https:\/\/mountlaser.com\/wp-content\/uploads\/2025\/11\/5-3MP061B3.webp 1000w\" sizes=\"(max-width: 300px) 100vw, 300px\" \/><\/td>\n<td>Mittleres Fl\u00e4schchen<\/td>\n<\/tr>\n<tr>\n<td>MP061BS<\/td>\n<td><img loading=\"lazy\" decoding=\"async\" class=\"alignnone wp-image-3379 size-medium\" src=\"https:\/\/mountlaser.com\/wp-content\/uploads\/2025\/11\/5-3MP061B4-300x300.webp\" alt=\"total station prism\" width=\"300\" height=\"300\" srcset=\"https:\/\/mountlaser.com\/wp-content\/uploads\/2025\/11\/5-3MP061B4-300x300.webp 300w, https:\/\/mountlaser.com\/wp-content\/uploads\/2025\/11\/5-3MP061B4-400x400.webp 400w, https:\/\/mountlaser.com\/wp-content\/uploads\/2025\/11\/5-3MP061B4-800x800.webp 800w, https:\/\/mountlaser.com\/wp-content\/uploads\/2025\/11\/5-3MP061B4-600x600.webp 600w, https:\/\/mountlaser.com\/wp-content\/uploads\/2025\/11\/5-3MP061B4-150x150.webp 150w, https:\/\/mountlaser.com\/wp-content\/uploads\/2025\/11\/5-3MP061B4-768x768.webp 768w, https:\/\/mountlaser.com\/wp-content\/uploads\/2025\/11\/5-3MP061B4-12x12.webp 12w, https:\/\/mountlaser.com\/wp-content\/uploads\/2025\/11\/5-3MP061B4.webp 1000w\" sizes=\"(max-width: 300px) 100vw, 300px\" \/><\/td>\n<td>Seitenampulle<\/td>\n<\/tr>\n<\/tbody>\n<\/table>","protected":false},"excerpt":{"rendered":"<p>\u2022 Kupferbeschichtetes Totalstationsprisma f\u00fcr hohe Reflektivit\u00e4t und Genauigkeit<br \/>\n\u2022 Doppeltes 0\/-30 mm Offset-Neigungsziel f\u00fcr flexible Einrichtung<br \/>\n\u2022 Vollst\u00e4ndig eloxierter Aluminiumhalter und -b\u00fcgel f\u00fcr Korrosionsbest\u00e4ndigkeit<br \/>\n\u2022 40-Minuten-Libelle mit Verstellm\u00f6glichkeit f\u00fcr einfaches Nivellieren im Gel\u00e4nde<br \/>\n\u2022 Das Standardgewinde 5\/8\u2033-11 passt auf die meisten Totalstationen.<br \/>\n\u2022 Leichtgewicht f\u00fcr einfachen Transport<br \/>\n\u2022 Der Reibungsverriegelungsmechanismus erm\u00f6glicht eine reibungslose 360\u00b0-Drehung<\/p>","protected":false},"featured_media":3366,"comment_status":"open","ping_status":"closed","template":"","meta":[],"product_brand":[],"product_cat":[72,112],"product_tag":[],"class_list":{"0":"post-3365","1":"product","2":"type-product","3":"status-publish","4":"has-post-thumbnail","6":"product_cat-reflective-target-prism","7":"product_cat-monitoring-prism","9":"first","10":"instock","11":"shipping-taxable","12":"product-type-simple"},"_links":{"self":[{"href":"https:\/\/mountlaser.com\/de\/wp-json\/wp\/v2\/product\/3365","targetHints":{"allow":["GET"]}}],"collection":[{"href":"https:\/\/mountlaser.com\/de\/wp-json\/wp\/v2\/product"}],"about":[{"href":"https:\/\/mountlaser.com\/de\/wp-json\/wp\/v2\/types\/product"}],"replies":[{"embeddable":true,"href":"https:\/\/mountlaser.com\/de\/wp-json\/wp\/v2\/comments?post=3365"}],"wp:featuredmedia":[{"embeddable":true,"href":"https:\/\/mountlaser.com\/de\/wp-json\/wp\/v2\/media\/3366"}],"wp:attachment":[{"href":"https:\/\/mountlaser.com\/de\/wp-json\/wp\/v2\/media?parent=3365"}],"wp:term":[{"taxonomy":"product_brand","embeddable":true,"href":"https:\/\/mountlaser.com\/de\/wp-json\/wp\/v2\/product_brand?post=3365"},{"taxonomy":"product_cat","embeddable":true,"href":"https:\/\/mountlaser.com\/de\/wp-json\/wp\/v2\/product_cat?post=3365"},{"taxonomy":"product_tag","embeddable":true,"href":"https:\/\/mountlaser.com\/de\/wp-json\/wp\/v2\/product_tag?post=3365"}],"curies":[{"name":"wp","href":"https:\/\/api.w.org\/{rel}","templated":true}]}}