{"id":3347,"date":"2025-11-05T01:45:32","date_gmt":"2025-11-05T01:45:32","guid":{"rendered":"https:\/\/mountlaser.com\/?post_type=product&#038;p=3347"},"modified":"2025-11-28T02:35:32","modified_gmt":"2025-11-28T02:35:32","slug":"rap001-002-right-angle-prism","status":"publish","type":"product","link":"https:\/\/mountlaser.com\/de\/produkt\/rap001-002-right-angle-prism\/","title":{"rendered":"RAP001\/002 Rechtwinkliges Prisma"},"content":{"rendered":"<p>Das RAP001 Einzel-Rechtwinkelprisma ist ein pr\u00e4zisionsgefertigtes <a href=\"https:\/\/mountlaser.com\/de\/\"><strong>rechtwinkliges Prisma<\/strong><\/a> Entwickelt f\u00fcr pr\u00e4zise 90\u00b0-Reflexion und Ausrichtung in Vermessungs- und Ingenieuranwendungen. Kompakt und dennoch robust. <a href=\"https:\/\/mountlaser.com\/de\/products\/\"><strong>RAP001 Einzelnes rechtwinkliges Prisma<\/strong><\/a> gew\u00e4hrleistet eine zuverl\u00e4ssige optische Umlenkung bei Arbeiten in engen oder un\u00fcbersichtlichen Bereichen und ist daher ideal f\u00fcr Totalstations- und Deformations\u00fcberwachungsaufgaben geeignet.<\/p>\n<p>Das <a href=\"https:\/\/mountlaser.com\/de\/contact-us\/\">rechtwinkliges Prisma<\/a> Das optische Element (26,8 \u00d7 26,8 \u00d7 37,9 \u00d7 10 mm) ist in einem 15 mm Metallgeh\u00e4use untergebracht und erm\u00f6glicht pr\u00e4zise Winkelmessungen mit einer Genauigkeit von unter 8 Bogensekunden. Der ergonomische 62 mm lange Griff (\u00d8 10 mm Innendurchmesser \/ \u00d8 15 mm Au\u00dfendurchmesser) bietet einen komfortablen Halt, und eine optionale Lotaufnahme erleichtert die vertikale Ausrichtung im Gel\u00e4nde. Eine hochwertige Kunstledertasche mit G\u00fcrtelschlaufe sorgt f\u00fcr Schutz und einfachen Transport.<\/p>\n<figure id=\"attachment_3349\" aria-describedby=\"caption-attachment-3349\" style=\"width: 500px\" class=\"wp-caption aligncenter\"><img fetchpriority=\"high\" decoding=\"async\" class=\"wp-image-3349\" src=\"https:\/\/mountlaser.com\/wp-content\/uploads\/2025\/11\/3-4RAP0012.webp\" alt=\"RAP001 Single Right Angle Prism\" width=\"500\" height=\"500\" srcset=\"https:\/\/mountlaser.com\/wp-content\/uploads\/2025\/11\/3-4RAP0012.webp 1000w, https:\/\/mountlaser.com\/wp-content\/uploads\/2025\/11\/3-4RAP0012-300x300.webp 300w, https:\/\/mountlaser.com\/wp-content\/uploads\/2025\/11\/3-4RAP0012-400x400.webp 400w, https:\/\/mountlaser.com\/wp-content\/uploads\/2025\/11\/3-4RAP0012-800x800.webp 800w, https:\/\/mountlaser.com\/wp-content\/uploads\/2025\/11\/3-4RAP0012-600x600.webp 600w, https:\/\/mountlaser.com\/wp-content\/uploads\/2025\/11\/3-4RAP0012-150x150.webp 150w, https:\/\/mountlaser.com\/wp-content\/uploads\/2025\/11\/3-4RAP0012-768x768.webp 768w, https:\/\/mountlaser.com\/wp-content\/uploads\/2025\/11\/3-4RAP0012-12x12.webp 12w\" sizes=\"(max-width: 500px) 100vw, 500px\" \/><figcaption id=\"caption-attachment-3349\" class=\"wp-caption-text\">RAP001 Einzelnes rechtwinkliges Prisma<\/figcaption><\/figure>\n<figure id=\"attachment_3356\" aria-describedby=\"caption-attachment-3356\" style=\"width: 500px\" class=\"wp-caption aligncenter\"><img decoding=\"async\" class=\"wp-image-3356\" src=\"https:\/\/mountlaser.com\/wp-content\/uploads\/2025\/11\/3-5RAP0021.webp\" alt=\"RAP002 right angle prism\" width=\"500\" height=\"500\" srcset=\"https:\/\/mountlaser.com\/wp-content\/uploads\/2025\/11\/3-5RAP0021.webp 1000w, https:\/\/mountlaser.com\/wp-content\/uploads\/2025\/11\/3-5RAP0021-300x300.webp 300w, https:\/\/mountlaser.com\/wp-content\/uploads\/2025\/11\/3-5RAP0021-400x400.webp 400w, https:\/\/mountlaser.com\/wp-content\/uploads\/2025\/11\/3-5RAP0021-800x800.webp 800w, https:\/\/mountlaser.com\/wp-content\/uploads\/2025\/11\/3-5RAP0021-600x600.webp 600w, https:\/\/mountlaser.com\/wp-content\/uploads\/2025\/11\/3-5RAP0021-150x150.webp 150w, https:\/\/mountlaser.com\/wp-content\/uploads\/2025\/11\/3-5RAP0021-768x768.webp 768w, https:\/\/mountlaser.com\/wp-content\/uploads\/2025\/11\/3-5RAP0021-12x12.webp 12w\" sizes=\"(max-width: 500px) 100vw, 500px\" \/><figcaption id=\"caption-attachment-3356\" class=\"wp-caption-text\">RAP002 rechtwinkliges Prisma<\/figcaption><\/figure>\n<p>F\u00fcr erh\u00f6hte Flexibilit\u00e4t erm\u00f6glicht die Version RAP002 Dual Right Angle Prism Messungen von 90\u00b0 und 180\u00b0 und verf\u00fcgt \u00fcber eine gro\u00dfe zentrale Linse sowie eine drehbare Abdeckung. OEM-Anpassungen sind verf\u00fcgbar, um spezielle Anforderungen an \u00dcberwachung oder industrielle Ausrichtung zu erf\u00fcllen.<\/p>","protected":false},"excerpt":{"rendered":"<ul>\n<li>F\u00fcr Totalstationen und Ausrichtungssysteme<\/li>\n<li>Kompakte Installation auf engstem Raum<\/li>\n<li>Aufgaben zur langfristigen \u00dcberwachung und Ausrichtung der Bauarbeiten<\/li>\n<li>Einfache Ausrichtung im Feld dank Kompatibilit\u00e4t mit Lot.<\/li>\n<\/ul>","protected":false},"featured_media":3356,"comment_status":"open","ping_status":"closed","template":"","meta":[],"product_brand":[],"product_cat":[72,112],"product_tag":[],"class_list":{"0":"post-3347","1":"product","2":"type-product","3":"status-publish","4":"has-post-thumbnail","6":"product_cat-reflective-target-prism","7":"product_cat-monitoring-prism","9":"first","10":"instock","11":"shipping-taxable","12":"product-type-simple"},"_links":{"self":[{"href":"https:\/\/mountlaser.com\/de\/wp-json\/wp\/v2\/product\/3347","targetHints":{"allow":["GET"]}}],"collection":[{"href":"https:\/\/mountlaser.com\/de\/wp-json\/wp\/v2\/product"}],"about":[{"href":"https:\/\/mountlaser.com\/de\/wp-json\/wp\/v2\/types\/product"}],"replies":[{"embeddable":true,"href":"https:\/\/mountlaser.com\/de\/wp-json\/wp\/v2\/comments?post=3347"}],"wp:featuredmedia":[{"embeddable":true,"href":"https:\/\/mountlaser.com\/de\/wp-json\/wp\/v2\/media\/3356"}],"wp:attachment":[{"href":"https:\/\/mountlaser.com\/de\/wp-json\/wp\/v2\/media?parent=3347"}],"wp:term":[{"taxonomy":"product_brand","embeddable":true,"href":"https:\/\/mountlaser.com\/de\/wp-json\/wp\/v2\/product_brand?post=3347"},{"taxonomy":"product_cat","embeddable":true,"href":"https:\/\/mountlaser.com\/de\/wp-json\/wp\/v2\/product_cat?post=3347"},{"taxonomy":"product_tag","embeddable":true,"href":"https:\/\/mountlaser.com\/de\/wp-json\/wp\/v2\/product_tag?post=3347"}],"curies":[{"name":"wp","href":"https:\/\/api.w.org\/{rel}","templated":true}]}}