{"id":3321,"date":"2025-11-04T08:36:43","date_gmt":"2025-11-04T08:36:43","guid":{"rendered":"https:\/\/mountlaser.com\/?post_type=product&#038;p=3321"},"modified":"2025-11-28T02:38:14","modified_gmt":"2025-11-28T02:38:14","slug":"japan-style-dw-1-series-wooden-tripod","status":"publish","type":"product","link":"https:\/\/mountlaser.com\/de\/produkt\/japan-style-dw-1-series-wooden-tripod\/","title":{"rendered":"Japanisches Holzstativ der Serie DW-1"},"content":{"rendered":"<p>Der <a href=\"https:\/\/mountlaser.com\/de\/products\/\"><strong>Japanisches Holzstativ der Serie DW-1<\/strong><\/a> Das Stativ von Mount Laser vereint minimalistisches japanisches Design mit professioneller Vermessungszuverl\u00e4ssigkeit. Dieses au\u00dfergew\u00f6hnliche Stativsystem verk\u00f6rpert die Qualit\u00e4t eines hochwertigen Holzstativs: Gefertigt aus importiertem, erstklassigem Birkenholz, garantiert es Langlebigkeit und konstante Leistung.<\/p>\n<p>Dieses bemerkenswerte Produkt ist mit einer flachen Kopfform ausgestattet. <a href=\"https:\/\/mountlaser.com\/de\/contact-us\/\"><strong>Hochwertiges Holzstativ<\/strong><\/a> Dieses Stativ bietet herausragende Stabilit\u00e4t und ist ideal f\u00fcr Totalstationen, 3D-Laserscanner und Baulaser. Das sorgf\u00e4ltig ausgew\u00e4hlte Birkenholz ist \u00e4u\u00dferst formstabil und rissfest und bietet eine hervorragende Torsionssteifigkeit. Dadurch eignet es sich perfekt als hochwertiges Holzstativ f\u00fcr pr\u00e4zise Arbeiten.<\/p>\n<p>Ausgestattet mit einer standardm\u00e4\u00dfigen 5\/8\u2033-11 Messing-Jochschraube, bietet sie volle Kompatibilit\u00e4t mit verschiedenen Vermessungsinstrumenten und ist somit die ideale Wahl f\u00fcr Profis, die Wert auf Form und Funktion ihrer Ausr\u00fcstung legen.<\/p>\n<p>&nbsp;<\/p>\n<p><img fetchpriority=\"high\" decoding=\"async\" class=\"aligncenter wp-image-3323\" src=\"https:\/\/mountlaser.com\/wp-content\/uploads\/2025\/11\/DW-1-.webp\" alt=\"Good Quality Wooden Tripod\" width=\"500\" height=\"500\" srcset=\"https:\/\/mountlaser.com\/wp-content\/uploads\/2025\/11\/DW-1-.webp 800w, https:\/\/mountlaser.com\/wp-content\/uploads\/2025\/11\/DW-1--300x300.webp 300w, https:\/\/mountlaser.com\/wp-content\/uploads\/2025\/11\/DW-1--400x400.webp 400w, https:\/\/mountlaser.com\/wp-content\/uploads\/2025\/11\/DW-1--600x600.webp 600w, https:\/\/mountlaser.com\/wp-content\/uploads\/2025\/11\/DW-1--150x150.webp 150w, https:\/\/mountlaser.com\/wp-content\/uploads\/2025\/11\/DW-1--768x768.webp 768w, https:\/\/mountlaser.com\/wp-content\/uploads\/2025\/11\/DW-1--12x12.webp 12w\" sizes=\"(max-width: 500px) 100vw, 500px\" \/><\/p>\n<p><strong>Spezifikationen des japanischen DW-1-Serien-Holzstativs<\/strong><\/p>\n<table style=\"border-collapse: collapse; width: 650.27pt;\" border=\"0\" width=\"867\" cellspacing=\"0\" cellpadding=\"0\">\n<tbody>\n<tr style=\"height: 14.25pt;\">\n<td class=\"et2\" style=\"height: 14.25pt; width: 122.25pt;\" width=\"163\" height=\"19\">NUMMER<\/td>\n<td class=\"et2\" style=\"width: 97.50pt;\" width=\"130\">BEINE<\/td>\n<td class=\"et2\" style=\"width: 90.75pt;\" width=\"121\">KOPF<\/td>\n<td class=\"et2\" style=\"width: 100.50pt;\" width=\"134\">VERRIEGELUNGSTYP<\/td>\n<td class=\"et2\" style=\"width: 99.00pt;\" width=\"132\">HARDWARE<\/td>\n<td class=\"et2\" style=\"width: 86.25pt;\" width=\"115\">VERL\u00c4NGERUNG<\/td>\n<td class=\"et2\" style=\"width: 54.00pt;\" width=\"72\">NW<\/td>\n<\/tr>\n<tr style=\"height: 14.25pt;\">\n<td class=\"et2\" style=\"height: 14.25pt;\" height=\"19\">DW-1-FCTGY<\/td>\n<td class=\"et2\">Holz<\/td>\n<td class=\"et2\">160 mm flach<\/td>\n<td class=\"et2\">Doppelklemme<\/td>\n<td class=\"et2\">Grau<\/td>\n<td class=\"et2\">174 cm<\/td>\n<td class=\"et2\">7,0 kg<\/td>\n<\/tr>\n<\/tbody>\n<\/table>","protected":false},"excerpt":{"rendered":"<ul>\n<li>Flachkopfdesign, optimiert f\u00fcr Totalstationen, 3D-Laserscanner und Baulaser.<\/li>\n<li>Japanisch inspirierte Designphilosophie mit Fokus auf Einfachheit und Funktionalit\u00e4t<\/li>\n<li>Robuste Konstruktion, geeignet f\u00fcr anspruchsvolle Vermessungsanwendungen<\/li>\n<\/ul>","protected":false},"featured_media":3322,"comment_status":"open","ping_status":"closed","template":"","meta":[],"product_brand":[],"product_cat":[91,113],"product_tag":[],"class_list":{"0":"post-3321","1":"product","2":"type-product","3":"status-publish","4":"has-post-thumbnail","6":"product_cat-bipod-tripod","7":"product_cat-wood-fiberglass-tripods","9":"first","10":"instock","11":"shipping-taxable","12":"product-type-simple"},"_links":{"self":[{"href":"https:\/\/mountlaser.com\/de\/wp-json\/wp\/v2\/product\/3321","targetHints":{"allow":["GET"]}}],"collection":[{"href":"https:\/\/mountlaser.com\/de\/wp-json\/wp\/v2\/product"}],"about":[{"href":"https:\/\/mountlaser.com\/de\/wp-json\/wp\/v2\/types\/product"}],"replies":[{"embeddable":true,"href":"https:\/\/mountlaser.com\/de\/wp-json\/wp\/v2\/comments?post=3321"}],"wp:featuredmedia":[{"embeddable":true,"href":"https:\/\/mountlaser.com\/de\/wp-json\/wp\/v2\/media\/3322"}],"wp:attachment":[{"href":"https:\/\/mountlaser.com\/de\/wp-json\/wp\/v2\/media?parent=3321"}],"wp:term":[{"taxonomy":"product_brand","embeddable":true,"href":"https:\/\/mountlaser.com\/de\/wp-json\/wp\/v2\/product_brand?post=3321"},{"taxonomy":"product_cat","embeddable":true,"href":"https:\/\/mountlaser.com\/de\/wp-json\/wp\/v2\/product_cat?post=3321"},{"taxonomy":"product_tag","embeddable":true,"href":"https:\/\/mountlaser.com\/de\/wp-json\/wp\/v2\/product_tag?post=3321"}],"curies":[{"name":"wp","href":"https:\/\/api.w.org\/{rel}","templated":true}]}}