{"id":3311,"date":"2025-11-04T08:19:40","date_gmt":"2025-11-04T08:19:40","guid":{"rendered":"https:\/\/mountlaser.com\/?post_type=product&#038;p=3311"},"modified":"2025-11-28T02:40:00","modified_gmt":"2025-11-28T02:40:00","slug":"swiss-style-gst120-9-series-wooden-tripod","status":"publish","type":"product","link":"https:\/\/mountlaser.com\/de\/produkt\/swiss-style-gst120-9-series-wooden-tripod\/","title":{"rendered":"Holzstativ der Serie GST120-9 im Schweizer Stil"},"content":{"rendered":"<p>Der <a href=\"https:\/\/mountlaser.com\/de\/\"><strong>Holzstativ der Serie GST120-9 im Schweizer Stil<\/strong><\/a> Das Stativ von Mount Laser verk\u00f6rpert h\u00f6chste Pr\u00e4zision in der Ingenieurskunst und traditionelle Handwerkskunst. Konzipiert als robustes Schwerlast-Holzstativ, verf\u00fcgt dieses au\u00dfergew\u00f6hnliche Stativsystem \u00fcber einen innovativen, integrierten Selbstverriegelungsmechanismus, der es zum f\u00fchrenden selbstverriegelnden Holzstativ seiner Klasse macht.<\/p>\n<p>Dieses bemerkenswerte M\u00f6belst\u00fcck wurde aus importiertem, hochwertigem Birkenholz gefertigt. <a href=\"https:\/\/mountlaser.com\/de\/products\/\"><strong>Robustes Holzstativ<\/strong><\/a> bietet hervorragende Stabilit\u00e4t, die Verformungen und Rissen widersteht und gleichzeitig eine \u00fcberlegene Torsionsfestigkeit aufweist.<\/p>\n<p>Das flache Stativkopfdesign gew\u00e4hrleistet die perfekte Kompatibilit\u00e4t mit Totalstationen, 3D-Laserscannern und Baulasern und macht dieses fortschrittliche, selbstverriegelnde Holzstativ zur idealen Wahl f\u00fcr Vermesser, die sowohl traditionelle Zuverl\u00e4ssigkeit als auch modernen Komfort ben\u00f6tigen. Dank seiner durchdachten Konstruktion und der Verwendung hochwertiger Materialien setzt dieses elegante, selbstverriegelnde Holzstativ neue Ma\u00dfst\u00e4be f\u00fcr anspruchsvolle Vermessungsanwendungen.<\/p>\n<p>&nbsp;<\/p>\n<p><img fetchpriority=\"high\" decoding=\"async\" class=\"aligncenter wp-image-3313\" src=\"https:\/\/mountlaser.com\/wp-content\/uploads\/2025\/11\/GST120-9\uff084\uff09.webp\" alt=\"Heavy Duty Wooden Tripod\" width=\"500\" height=\"500\" srcset=\"https:\/\/mountlaser.com\/wp-content\/uploads\/2025\/11\/GST120-9\uff084\uff09.webp 1000w, https:\/\/mountlaser.com\/wp-content\/uploads\/2025\/11\/GST120-9\uff084\uff09-300x300.webp 300w, https:\/\/mountlaser.com\/wp-content\/uploads\/2025\/11\/GST120-9\uff084\uff09-400x400.webp 400w, https:\/\/mountlaser.com\/wp-content\/uploads\/2025\/11\/GST120-9\uff084\uff09-800x800.webp 800w, https:\/\/mountlaser.com\/wp-content\/uploads\/2025\/11\/GST120-9\uff084\uff09-600x600.webp 600w, https:\/\/mountlaser.com\/wp-content\/uploads\/2025\/11\/GST120-9\uff084\uff09-150x150.webp 150w, https:\/\/mountlaser.com\/wp-content\/uploads\/2025\/11\/GST120-9\uff084\uff09-768x768.webp 768w, https:\/\/mountlaser.com\/wp-content\/uploads\/2025\/11\/GST120-9\uff084\uff09-12x12.webp 12w\" sizes=\"(max-width: 500px) 100vw, 500px\" \/><\/p>\n<p><strong><a href=\"https:\/\/mountlaser.com\/de\/contact-us\/\">Schweizer Stil GST120-9 Serie<\/a> Spezifikationen des Holzstativs:<\/strong><\/p>\n<table style=\"border-collapse: collapse; width: 650.27pt;\" border=\"0\" width=\"867\" cellspacing=\"0\" cellpadding=\"0\">\n<tbody>\n<tr style=\"height: 14.25pt;\">\n<td class=\"et2\" style=\"height: 14.25pt; width: 122.25pt;\" width=\"163\" height=\"19\">NUMMER<\/td>\n<td class=\"et2\" style=\"width: 97.50pt;\" width=\"130\">BEINE<\/td>\n<td class=\"et2\" style=\"width: 90.75pt;\" width=\"121\">KOPF<\/td>\n<td class=\"et2\" style=\"width: 100.50pt;\" width=\"134\">VERRIEGELUNGSTYP<\/td>\n<td class=\"et2\" style=\"width: 99.00pt;\" width=\"132\">HARDWARE<\/td>\n<td class=\"et2\" style=\"width: 86.25pt;\" width=\"115\">VERL\u00c4NGERUNG<\/td>\n<td class=\"et2\" style=\"width: 54.00pt;\" width=\"72\">NW<\/td>\n<\/tr>\n<tr style=\"height: 14.25pt;\">\n<td class=\"et2\" style=\"height: 14.25pt;\" height=\"19\">GST120-9-FCT<\/td>\n<td class=\"et2\">Holz<\/td>\n<td class=\"et2\">160 mm flach<\/td>\n<td class=\"et2\">Drehklemme<\/td>\n<td class=\"et2\">Rot<\/td>\n<td class=\"et2\">181 cm<\/td>\n<td class=\"et2\">6,0 kg<\/td>\n<\/tr>\n<\/tbody>\n<\/table>\n<p>&nbsp;<\/p>","protected":false},"excerpt":{"rendered":"<ul>\n<li>Hergestellt aus importiertem, hochwertigem Birkenholz f\u00fcr au\u00dfergew\u00f6hnliche Langlebigkeit<\/li>\n<li>Hervorragende Stabilit\u00e4t, die Verformungen und Rissen unter verschiedenen Witterungsbedingungen widersteht.<\/li>\n<li>\u00dcberlegene Torsionssteifigkeit zur Aufrechterhaltung der Messgenauigkeit<\/li>\n<\/ul>","protected":false},"featured_media":3314,"comment_status":"open","ping_status":"closed","template":"","meta":[],"product_brand":[],"product_cat":[91,113],"product_tag":[],"class_list":{"0":"post-3311","1":"product","2":"type-product","3":"status-publish","4":"has-post-thumbnail","6":"product_cat-bipod-tripod","7":"product_cat-wood-fiberglass-tripods","9":"first","10":"instock","11":"shipping-taxable","12":"product-type-simple"},"_links":{"self":[{"href":"https:\/\/mountlaser.com\/de\/wp-json\/wp\/v2\/product\/3311","targetHints":{"allow":["GET"]}}],"collection":[{"href":"https:\/\/mountlaser.com\/de\/wp-json\/wp\/v2\/product"}],"about":[{"href":"https:\/\/mountlaser.com\/de\/wp-json\/wp\/v2\/types\/product"}],"replies":[{"embeddable":true,"href":"https:\/\/mountlaser.com\/de\/wp-json\/wp\/v2\/comments?post=3311"}],"wp:featuredmedia":[{"embeddable":true,"href":"https:\/\/mountlaser.com\/de\/wp-json\/wp\/v2\/media\/3314"}],"wp:attachment":[{"href":"https:\/\/mountlaser.com\/de\/wp-json\/wp\/v2\/media?parent=3311"}],"wp:term":[{"taxonomy":"product_brand","embeddable":true,"href":"https:\/\/mountlaser.com\/de\/wp-json\/wp\/v2\/product_brand?post=3311"},{"taxonomy":"product_cat","embeddable":true,"href":"https:\/\/mountlaser.com\/de\/wp-json\/wp\/v2\/product_cat?post=3311"},{"taxonomy":"product_tag","embeddable":true,"href":"https:\/\/mountlaser.com\/de\/wp-json\/wp\/v2\/product_tag?post=3311"}],"curies":[{"name":"wp","href":"https:\/\/api.w.org\/{rel}","templated":true}]}}