{"id":3310,"date":"2025-11-04T09:08:26","date_gmt":"2025-11-04T09:08:26","guid":{"rendered":"https:\/\/mountlaser.com\/?post_type=product&#038;p=3310"},"modified":"2025-11-28T02:37:31","modified_gmt":"2025-11-28T02:37:31","slug":"bp003-ball-prism","status":"publish","type":"product","link":"https:\/\/mountlaser.com\/de\/produkt\/bp003-ball-prism\/","title":{"rendered":"BP003 Kugelprisma"},"content":{"rendered":"<p>Der <a href=\"https:\/\/mountlaser.com\/de\/\"><strong>BP003 Kugelprisma<\/strong><\/a> Das Kugelprisma BP003 ist ein pr\u00e4zisionsgefertigtes Kugelprisma f\u00fcr Totalstationen, das f\u00fcr die permanente und tempor\u00e4re Deformationsmessung in anspruchsvollen Umgebungen wie Tunneln, Eisenbahnstrecken und Baustellen entwickelt wurde. Dank seiner hohen Genauigkeit und Stabilit\u00e4t gew\u00e4hrleistet es zuverl\u00e4ssige Ausrichtungs- und Messergebnisse in vielf\u00e4ltigen Anwendungen.<\/p>\n<p>Diese Hochleistungs- <a href=\"https:\/\/mountlaser.com\/de\/about-us\/\"><strong>sph\u00e4risches Prisma<\/strong><\/a> F\u00fcr Totalstationen ist eine Edelstahlkugel mit \u00d8 45 mm verbaut, die die Sichtbarkeit verbessert und die Ausrichtungsgenauigkeit erh\u00f6ht. Das mitgelieferte 25,4-mm-Prisma (1 Zoll) ist mit den meisten Standard-\u00dcberwachungssystemen kompatibel und somit ideal f\u00fcr professionelle Vermessungs- und geod\u00e4tische \u00dcberwachungsprojekte geeignet.<\/p>\n<p><img fetchpriority=\"high\" decoding=\"async\" class=\"aligncenter wp-image-3337\" src=\"https:\/\/mountlaser.com\/wp-content\/uploads\/2025\/11\/3-9BP0034-1.webp\" alt=\"spherical prism for total stations\" width=\"500\" height=\"500\" srcset=\"https:\/\/mountlaser.com\/wp-content\/uploads\/2025\/11\/3-9BP0034-1.webp 1000w, https:\/\/mountlaser.com\/wp-content\/uploads\/2025\/11\/3-9BP0034-1-300x300.webp 300w, https:\/\/mountlaser.com\/wp-content\/uploads\/2025\/11\/3-9BP0034-1-400x400.webp 400w, https:\/\/mountlaser.com\/wp-content\/uploads\/2025\/11\/3-9BP0034-1-800x800.webp 800w, https:\/\/mountlaser.com\/wp-content\/uploads\/2025\/11\/3-9BP0034-1-600x600.webp 600w, https:\/\/mountlaser.com\/wp-content\/uploads\/2025\/11\/3-9BP0034-1-150x150.webp 150w, https:\/\/mountlaser.com\/wp-content\/uploads\/2025\/11\/3-9BP0034-1-768x768.webp 768w, https:\/\/mountlaser.com\/wp-content\/uploads\/2025\/11\/3-9BP0034-1-12x12.webp 12w\" sizes=\"(max-width: 500px) 100vw, 500px\" \/><\/p>\n<p>Der <a href=\"https:\/\/mountlaser.com\/de\/contact-us\/\">BP003 Kugelprisma<\/a> Erh\u00e4ltlich in zwei Ausf\u00fchrungen f\u00fcr unterschiedliche Installationsanforderungen:<\/p>\n<p>BP003: mit starkem Magnetfu\u00df zur schnellen und sicheren Montage auf Metalloberfl\u00e4chen.<\/p>\n<p>BP004: mit Mini-Zweibein f\u00fcr einen stabilen Aufstellwinkel auf nichtmagnetischen Oberfl\u00e4chen oder unebenem Gel\u00e4nde.<\/p>\n<p>Um optimale Signalreflexion und Messkonsistenz zu gew\u00e4hrleisten, ist dieses sph\u00e4rische Prisma f\u00fcr Totalstationen wahlweise mit Kupfer- oder Silberbeschichtung erh\u00e4ltlich. Beide Beschichtungen bieten hervorragende Reflexionseigenschaften und dauerhafte Leistung auch unter rauen Au\u00dfenbedingungen.<\/p>","protected":false},"excerpt":{"rendered":"<ul>\n<li>Pr\u00e4zisions\u00fcberwachung: Ideal f\u00fcr Aufgaben der Struktur-, Verformungs- und geotechnischen \u00dcberwachung.<\/li>\n<li>Robuste Bauweise: Gew\u00e4hrleistet Langlebigkeit und Stabilit\u00e4t auch unter h\u00e4rtesten Bedingungen.<\/li>\n<li>Montageoptionen: Magnetfu\u00df oder Mini-Zweibein f\u00fcr flexible Einsatzm\u00f6glichkeiten.<\/li>\n<li>Hohe Kompatibilit\u00e4t: Geeignet f\u00fcr die meisten Totalstationssysteme.<\/li>\n<li>Optionen f\u00fcr die reflektierende Beschichtung: Kupferbeschichtet f\u00fcr Langlebigkeit oder silberbeschichtet f\u00fcr hohe Pr\u00e4zision.<\/li>\n<\/ul>","protected":false},"featured_media":3339,"comment_status":"open","ping_status":"closed","template":"","meta":[],"product_brand":[],"product_cat":[72,112],"product_tag":[],"class_list":{"0":"post-3310","1":"product","2":"type-product","3":"status-publish","4":"has-post-thumbnail","6":"product_cat-reflective-target-prism","7":"product_cat-monitoring-prism","9":"first","10":"instock","11":"shipping-taxable","12":"product-type-simple"},"_links":{"self":[{"href":"https:\/\/mountlaser.com\/de\/wp-json\/wp\/v2\/product\/3310","targetHints":{"allow":["GET"]}}],"collection":[{"href":"https:\/\/mountlaser.com\/de\/wp-json\/wp\/v2\/product"}],"about":[{"href":"https:\/\/mountlaser.com\/de\/wp-json\/wp\/v2\/types\/product"}],"replies":[{"embeddable":true,"href":"https:\/\/mountlaser.com\/de\/wp-json\/wp\/v2\/comments?post=3310"}],"wp:featuredmedia":[{"embeddable":true,"href":"https:\/\/mountlaser.com\/de\/wp-json\/wp\/v2\/media\/3339"}],"wp:attachment":[{"href":"https:\/\/mountlaser.com\/de\/wp-json\/wp\/v2\/media?parent=3310"}],"wp:term":[{"taxonomy":"product_brand","embeddable":true,"href":"https:\/\/mountlaser.com\/de\/wp-json\/wp\/v2\/product_brand?post=3310"},{"taxonomy":"product_cat","embeddable":true,"href":"https:\/\/mountlaser.com\/de\/wp-json\/wp\/v2\/product_cat?post=3310"},{"taxonomy":"product_tag","embeddable":true,"href":"https:\/\/mountlaser.com\/de\/wp-json\/wp\/v2\/product_tag?post=3310"}],"curies":[{"name":"wp","href":"https:\/\/api.w.org\/{rel}","templated":true}]}}