{"id":3296,"date":"2025-11-04T08:06:31","date_gmt":"2025-11-04T08:06:31","guid":{"rendered":"https:\/\/mountlaser.com\/?post_type=product&#038;p=3296"},"modified":"2025-11-28T02:41:47","modified_gmt":"2025-11-28T02:41:47","slug":"bp001-ball-prism-with-magnetic-base","status":"publish","type":"product","link":"https:\/\/mountlaser.com\/de\/produkt\/bp001-ball-prism-with-magnetic-base\/","title":{"rendered":"BP001 Kugelprisma mit Magnetfu\u00df"},"content":{"rendered":"<p>BP001 Kugelprisma mit Magnetfu\u00df \u2013 Produkteinf\u00fchrung<\/p>\n<p>Der <a href=\"https:\/\/mountlaser.com\/de\/about-us\/\"><strong>BP001 Kugelprisma mit Magnetfu\u00df<\/strong><\/a> ist ein pr\u00e4zisionsgefertigtes <a href=\"https:\/\/mountlaser.com\/de\/products\/\"><strong>sph\u00e4risches \u00dcberwachungsprisma<\/strong><\/a> Das Kugelprisma BP001 mit Magnetfu\u00df wurde f\u00fcr die pr\u00e4zise Deformationsmessung, Ausrichtung und Bauwerks\u00fcberwachung in anspruchsvollen Umgebungen wie Tunneln, Baustellen und geod\u00e4tischen Netzen entwickelt. Es vereint Flexibilit\u00e4t, Stabilit\u00e4t und Wiederholgenauigkeit und ist damit die ideale Wahl f\u00fcr professionelle Vermesser und \u00dcberwachungsingenieure.<\/p>\n<p>Das sph\u00e4rische Messprisma besteht aus einer korrosionsbest\u00e4ndigen Edelstahlkugel und ist mit einem starken Magnetfu\u00df ausgestattet. Dadurch l\u00e4sst es sich schnell und sicher auf Metalloberfl\u00e4chen montieren, ohne dass zus\u00e4tzliches Werkzeug ben\u00f6tigt wird. Dank des Magnetfu\u00dfes kann es f\u00fcr wiederholte Messungen einfach neu positioniert werden, ohne dass die Genauigkeit beeintr\u00e4chtigt wird.<\/p>\n<p><img fetchpriority=\"high\" decoding=\"async\" class=\"aligncenter wp-image-3298\" src=\"https:\/\/mountlaser.com\/wp-content\/uploads\/2025\/11\/BP0012.webp\" alt=\"spherical monitoring prism\" width=\"500\" height=\"500\" srcset=\"https:\/\/mountlaser.com\/wp-content\/uploads\/2025\/11\/BP0012.webp 1000w, https:\/\/mountlaser.com\/wp-content\/uploads\/2025\/11\/BP0012-300x300.webp 300w, https:\/\/mountlaser.com\/wp-content\/uploads\/2025\/11\/BP0012-400x400.webp 400w, https:\/\/mountlaser.com\/wp-content\/uploads\/2025\/11\/BP0012-800x800.webp 800w, https:\/\/mountlaser.com\/wp-content\/uploads\/2025\/11\/BP0012-600x600.webp 600w, https:\/\/mountlaser.com\/wp-content\/uploads\/2025\/11\/BP0012-150x150.webp 150w, https:\/\/mountlaser.com\/wp-content\/uploads\/2025\/11\/BP0012-768x768.webp 768w, https:\/\/mountlaser.com\/wp-content\/uploads\/2025\/11\/BP0012-12x12.webp 12w\" sizes=\"(max-width: 500px) 100vw, 500px\" \/><\/p>\n<p>Der <a href=\"https:\/\/mountlaser.com\/de\/contact-us\/\">BP001 Kugelprisma mit Magnetfu\u00df<\/a> ist in verschiedenen Konfigurationen erh\u00e4ltlich:<\/p>\n<p>BP001A: Prisma \u00d817,8 mm, Kugel \u00d830 mm<\/p>\n<p>BP001B: Prisma \u00d825,4 mm, Kugel \u00d838,1 mm<\/p>\n<p>BP002A: Prisma \u00d8 17,8 mm, Kugel \u00d8 30 mm mit schwarzem Prismenring<\/p>\n<p>BP002B: Prisma \u00d8 25,4 mm, Kugel \u00d8 38,1 mm mit schwarzem Prismenring<\/p>\n<p>BP002C: Prisma \u00d8 25,4 mm, Kugel \u00d8 45 mm mit schwarzem Prismenring<\/p>\n<p>F\u00fcr spezielle Messanforderungen kann dieses sph\u00e4rische \u00dcberwachungsprisma mit kupferbeschichteten oder silberbeschichteten Prismenoberfl\u00e4chen geliefert werden, um eine verbesserte Signalr\u00fcckgewinnung unter verschiedenen Feldbedingungen zu gew\u00e4hrleisten.<\/p>","protected":false},"excerpt":{"rendered":"<ul>\n<li>Hochfeste Konstruktion: Die Edelstahlkugel bietet Korrosionsbest\u00e4ndigkeit und Langzeitbest\u00e4ndigkeit.<\/li>\n<li>Magnetische Befestigung: Ein starker Magnetfu\u00df erm\u00f6glicht die schnelle, werkzeuglose Anbringung auf Metalloberfl\u00e4chen.<\/li>\n<li>Flexible Modelloptionen: Mehrere Prismen- und Kugelgr\u00f6\u00dfen zur Anpassung an verschiedene \u00dcberwachungskonfigurationen.<\/li>\n<li>Individuell anpassbare Beschichtungen: Kupfer- oder Silberbeschichtungsoptionen f\u00fcr optimierte Reflektivit\u00e4t.<\/li>\n<\/ul>","protected":false},"featured_media":3302,"comment_status":"open","ping_status":"closed","template":"","meta":[],"product_brand":[],"product_cat":[72,112],"product_tag":[],"class_list":{"0":"post-3296","1":"product","2":"type-product","3":"status-publish","4":"has-post-thumbnail","6":"product_cat-reflective-target-prism","7":"product_cat-monitoring-prism","9":"first","10":"instock","11":"shipping-taxable","12":"product-type-simple"},"_links":{"self":[{"href":"https:\/\/mountlaser.com\/de\/wp-json\/wp\/v2\/product\/3296","targetHints":{"allow":["GET"]}}],"collection":[{"href":"https:\/\/mountlaser.com\/de\/wp-json\/wp\/v2\/product"}],"about":[{"href":"https:\/\/mountlaser.com\/de\/wp-json\/wp\/v2\/types\/product"}],"replies":[{"embeddable":true,"href":"https:\/\/mountlaser.com\/de\/wp-json\/wp\/v2\/comments?post=3296"}],"wp:featuredmedia":[{"embeddable":true,"href":"https:\/\/mountlaser.com\/de\/wp-json\/wp\/v2\/media\/3302"}],"wp:attachment":[{"href":"https:\/\/mountlaser.com\/de\/wp-json\/wp\/v2\/media?parent=3296"}],"wp:term":[{"taxonomy":"product_brand","embeddable":true,"href":"https:\/\/mountlaser.com\/de\/wp-json\/wp\/v2\/product_brand?post=3296"},{"taxonomy":"product_cat","embeddable":true,"href":"https:\/\/mountlaser.com\/de\/wp-json\/wp\/v2\/product_cat?post=3296"},{"taxonomy":"product_tag","embeddable":true,"href":"https:\/\/mountlaser.com\/de\/wp-json\/wp\/v2\/product_tag?post=3296"}],"curies":[{"name":"wp","href":"https:\/\/api.w.org\/{rel}","templated":true}]}}