{"id":3293,"date":"2025-11-04T07:46:37","date_gmt":"2025-11-04T07:46:37","guid":{"rendered":"https:\/\/mountlaser.com\/?post_type=product&#038;p=3293"},"modified":"2025-11-28T02:43:26","modified_gmt":"2025-11-28T02:43:26","slug":"premium-t-series-rtf30-fiberglass-tripod","status":"publish","type":"product","link":"https:\/\/mountlaser.com\/de\/produkt\/premium-t-series-rtf30-fiberglass-tripod\/","title":{"rendered":"Premium T-Serie RTF30 Fiberglas-Stativ"},"content":{"rendered":"<p>Der <a href=\"https:\/\/mountlaser.com\/de\/\"><strong>Premium T-Serie RTF30 Fiberglas-Stativ<\/strong><\/a> Das Stativ von Mount Laser setzt neue Ma\u00dfst\u00e4be in puncto Zuverl\u00e4ssigkeit f\u00fcr anspruchsvolle Vermessungsumgebungen. Als robustes, kugelgelagertes Stativ aus Fiberglas konzipiert, bietet dieses Modell au\u00dfergew\u00f6hnliche Stabilit\u00e4t f\u00fcr hochpr\u00e4zise Instrumente wie Totalstationen und 3D-Laserscanner.<\/p>\n<p>Dieses robuste Vermessungsstativ aus Fiberglas mit gro\u00dfem, rundem Stativkopf ist f\u00fcr den harten t\u00e4glichen Einsatz konzipiert und gew\u00e4hrleistet dabei h\u00f6chste Pr\u00e4zision. Hergestellt aus hochwertigem Fiberglas, bietet es \u00fcberragende Sto\u00dffestigkeit und Belastbarkeit. <a href=\"https:\/\/mountlaser.com\/de\/products\/\"><strong>Robustes Fiberglas-Rundbeinstativ<\/strong><\/a> Die ideale Wahl f\u00fcr Baustellen und anspruchsvolle topografische Vermessungen.<br \/>\nDank seiner korrosionsbest\u00e4ndigen Eigenschaften und der verst\u00e4rkten Konstruktion gew\u00e4hrleistet dieses professionelle Fiberglas-Vermessungsstativ eine langfristige Leistungsf\u00e4higkeit unter allen Arbeitsbedingungen.<\/p>\n<figure id=\"attachment_3295\" aria-describedby=\"caption-attachment-3295\" style=\"width: 500px\" class=\"wp-caption aligncenter\"><img fetchpriority=\"high\" decoding=\"async\" class=\"wp-image-3295\" src=\"https:\/\/mountlaser.com\/wp-content\/uploads\/2025\/11\/RTF30-BCD2.webp\" alt=\"Heavy Duty Fiberglass Round Leg Tripod\" width=\"500\" height=\"500\" srcset=\"https:\/\/mountlaser.com\/wp-content\/uploads\/2025\/11\/RTF30-BCD2.webp 1000w, https:\/\/mountlaser.com\/wp-content\/uploads\/2025\/11\/RTF30-BCD2-300x300.webp 300w, https:\/\/mountlaser.com\/wp-content\/uploads\/2025\/11\/RTF30-BCD2-400x400.webp 400w, https:\/\/mountlaser.com\/wp-content\/uploads\/2025\/11\/RTF30-BCD2-800x800.webp 800w, https:\/\/mountlaser.com\/wp-content\/uploads\/2025\/11\/RTF30-BCD2-600x600.webp 600w, https:\/\/mountlaser.com\/wp-content\/uploads\/2025\/11\/RTF30-BCD2-150x150.webp 150w, https:\/\/mountlaser.com\/wp-content\/uploads\/2025\/11\/RTF30-BCD2-768x768.webp 768w, https:\/\/mountlaser.com\/wp-content\/uploads\/2025\/11\/RTF30-BCD2-12x12.webp 12w\" sizes=\"(max-width: 500px) 100vw, 500px\" \/><figcaption id=\"caption-attachment-3295\" class=\"wp-caption-text\">Robustes Fiberglas-Rundbeinstativ<\/figcaption><\/figure>\n<p>&nbsp;<\/p>\n<p><strong>Premium T-Serie RTF30 Fiberglas-Stativ \u2013 Spezifikationen<\/strong><\/p>\n<table style=\"border-collapse: collapse; width: 650.27pt;\" border=\"0\" width=\"867\" cellspacing=\"0\" cellpadding=\"0\">\n<tbody>\n<tr style=\"height: 14.25pt;\">\n<td class=\"et2\" style=\"height: 14.25pt; width: 122.25pt;\" width=\"163\" height=\"19\">NUMMER<\/td>\n<td class=\"et2\" style=\"width: 97.50pt;\" width=\"130\">BEINE<\/td>\n<td class=\"et2\" style=\"width: 90.75pt;\" width=\"121\">KOPF<\/td>\n<td class=\"et2\" style=\"width: 100.50pt;\" width=\"134\">VERRIEGELUNGSTYP<\/td>\n<td class=\"et2\" style=\"width: 99.00pt;\" width=\"132\">HARDWARE<\/td>\n<td class=\"et2\" style=\"width: 86.25pt;\" width=\"115\">VERL\u00c4NGERUNG<\/td>\n<td class=\"et2\" style=\"width: 54.00pt;\" width=\"72\">NW<\/td>\n<\/tr>\n<tr style=\"height: 14.25pt;\">\n<td class=\"et2\" style=\"height: 14.25pt;\" height=\"19\">RTF30-BCD<\/td>\n<td class=\"et2\">Fiberglas<\/td>\n<td class=\"et2\">166 mm rund<\/td>\n<td class=\"et2\">Doppelklemme<\/td>\n<td class=\"et2\">Schwarz<\/td>\n<td class=\"et2\">180 cm<\/td>\n<td class=\"et2\">8,0 kg<\/td>\n<\/tr>\n<\/tbody>\n<\/table>","protected":false},"excerpt":{"rendered":"<ul>\n<li>Die robuste Konstruktion mit runden Beinen aus Fiberglas gew\u00e4hrleistet maximale Stabilit\u00e4t und Langlebigkeit.<\/li>\n<li>Hervorragende Schlagfestigkeit und Belastungsbest\u00e4ndigkeit f\u00fcr langfristige Zuverl\u00e4ssigkeit<\/li>\n<li>\u00dcberlegene Korrosionsbest\u00e4ndigkeit verl\u00e4ngert die Lebensdauer in rauen Umgebungen<\/li>\n<li>Robustes Fiberglas-Rundbeinstativ inklusive praktischer Handschlaufe f\u00fcr einfachen Transport zu verschiedenen Einsatzorten<\/li>\n<\/ul>","protected":false},"featured_media":3294,"comment_status":"open","ping_status":"closed","template":"","meta":[],"product_brand":[],"product_cat":[91,113],"product_tag":[],"class_list":{"0":"post-3293","1":"product","2":"type-product","3":"status-publish","4":"has-post-thumbnail","6":"product_cat-bipod-tripod","7":"product_cat-wood-fiberglass-tripods","9":"first","10":"instock","11":"shipping-taxable","12":"product-type-simple"},"_links":{"self":[{"href":"https:\/\/mountlaser.com\/de\/wp-json\/wp\/v2\/product\/3293","targetHints":{"allow":["GET"]}}],"collection":[{"href":"https:\/\/mountlaser.com\/de\/wp-json\/wp\/v2\/product"}],"about":[{"href":"https:\/\/mountlaser.com\/de\/wp-json\/wp\/v2\/types\/product"}],"replies":[{"embeddable":true,"href":"https:\/\/mountlaser.com\/de\/wp-json\/wp\/v2\/comments?post=3293"}],"wp:featuredmedia":[{"embeddable":true,"href":"https:\/\/mountlaser.com\/de\/wp-json\/wp\/v2\/media\/3294"}],"wp:attachment":[{"href":"https:\/\/mountlaser.com\/de\/wp-json\/wp\/v2\/media?parent=3293"}],"wp:term":[{"taxonomy":"product_brand","embeddable":true,"href":"https:\/\/mountlaser.com\/de\/wp-json\/wp\/v2\/product_brand?post=3293"},{"taxonomy":"product_cat","embeddable":true,"href":"https:\/\/mountlaser.com\/de\/wp-json\/wp\/v2\/product_cat?post=3293"},{"taxonomy":"product_tag","embeddable":true,"href":"https:\/\/mountlaser.com\/de\/wp-json\/wp\/v2\/product_tag?post=3293"}],"curies":[{"name":"wp","href":"https:\/\/api.w.org\/{rel}","templated":true}]}}