{"id":3280,"date":"2025-11-04T07:37:26","date_gmt":"2025-11-04T07:37:26","guid":{"rendered":"https:\/\/mountlaser.com\/?post_type=product&#038;p=3280"},"modified":"2025-11-28T02:53:40","modified_gmt":"2025-11-28T02:53:40","slug":"premium-t-series-rtw20a-wooden-tripod","status":"publish","type":"product","link":"https:\/\/mountlaser.com\/de\/produkt\/premium-t-series-rtw20a-wooden-tripod\/","title":{"rendered":"Premium T-Serie RTW20A Holzstativ"},"content":{"rendered":"<p>Der <a href=\"https:\/\/mountlaser.com\/de\/\"><strong>Premium T-Serie RTW20A Holzstativ<\/strong><\/a> Das Stativ von Mount Laser vereint traditionelle Handwerkskunst mit modernen Vermessungsanforderungen. Konzipiert als zuverl\u00e4ssiges Holzstativ f\u00fcr mittlere Belastungen, bietet es die von Profis gesch\u00e4tzte au\u00dfergew\u00f6hnliche Stabilit\u00e4t und Vibrationsd\u00e4mpfung. Erh\u00e4ltlich in zwei Ausf\u00fchrungen: dem Holzstativ RTW20A mit flachem Kopf und dem \u2026 <a href=\"https:\/\/mountlaser.com\/de\/products\/\">Gro\u00dfes rundes Kopf-Holzstativ RTW20A<\/a> \u2013 Dieses Modell eignet sich ideal f\u00fcr die Verwendung mit Theodoliten und Totalstationen und gew\u00e4hrleistet, dass Ihre Instrumente sicher befestigt sind, um genaue Messwerte zu erhalten.<\/p>\n<p><img fetchpriority=\"high\" decoding=\"async\" class=\"aligncenter wp-image-3282\" src=\"https:\/\/mountlaser.com\/wp-content\/uploads\/2025\/11\/rtw20a.webp\" alt=\"Medium-Duty Wooden Tripod\" width=\"500\" height=\"500\" srcset=\"https:\/\/mountlaser.com\/wp-content\/uploads\/2025\/11\/rtw20a.webp 800w, https:\/\/mountlaser.com\/wp-content\/uploads\/2025\/11\/rtw20a-300x300.webp 300w, https:\/\/mountlaser.com\/wp-content\/uploads\/2025\/11\/rtw20a-400x400.webp 400w, https:\/\/mountlaser.com\/wp-content\/uploads\/2025\/11\/rtw20a-600x600.webp 600w, https:\/\/mountlaser.com\/wp-content\/uploads\/2025\/11\/rtw20a-150x150.webp 150w, https:\/\/mountlaser.com\/wp-content\/uploads\/2025\/11\/rtw20a-768x768.webp 768w, https:\/\/mountlaser.com\/wp-content\/uploads\/2025\/11\/rtw20a-12x12.webp 12w\" sizes=\"(max-width: 500px) 100vw, 500px\" \/><\/p>\n<p>Dieses aus hochwertigem, ausgew\u00e4hltem Holz gefertigte Pr\u00e4zisions-Holzstativ f\u00fcr mittlere Belastungen bietet im Vergleich zu Standardmodellen \u00fcberlegene Stabilit\u00e4t und verbesserte Verwindungssteifigkeit. Seine mittlere Gr\u00f6\u00dfe sorgt f\u00fcr die perfekte Balance zwischen einem sicheren Stand im Gel\u00e4nde und gleichzeitig guter Tragbarkeit. Als vielseitiges Holzstativ f\u00fcr mittlere Belastungen ist es mit einer standardm\u00e4\u00dfigen 5\/8\u2033-11 Messing-Gabelschraube ausgestattet, die breite Kompatibilit\u00e4t und Korrosionsbest\u00e4ndigkeit gew\u00e4hrleistet. F\u00fcr Vermesser, die Wert auf zuverl\u00e4ssige Leistung und die nat\u00fcrliche St\u00e4rke von Holz legen, ist das RTW20A das ideale Pr\u00e4zisions-Holzstativ f\u00fcr ein breites Anwendungsspektrum.<\/p>\n<p>&nbsp;<\/p>\n<p><strong><a href=\"https:\/\/mountlaser.com\/de\/contact-us\/\">Premium T-Serie RTW20A<\/a> Spezifikationen f\u00fcr Holzstativ<\/strong><\/p>\n<table style=\"border-collapse: collapse; width: 650.27pt;\" border=\"0\" width=\"867\" cellspacing=\"0\" cellpadding=\"0\">\n<tbody>\n<tr style=\"height: 14.25pt;\">\n<td class=\"et2\" style=\"height: 14.25pt; width: 122.25pt;\" width=\"163\" height=\"19\">NUMMER<\/td>\n<td class=\"et2\" style=\"width: 97.50pt;\" width=\"130\">BEINE<\/td>\n<td class=\"et2\" style=\"width: 90.75pt;\" width=\"121\">KOPF<\/td>\n<td class=\"et2\" style=\"width: 100.50pt;\" width=\"134\">VERRIEGELUNGSTYP<\/td>\n<td class=\"et2\" style=\"width: 99.00pt;\" width=\"132\">HARDWARE<\/td>\n<td class=\"et2\" style=\"width: 86.25pt;\" width=\"115\">VERL\u00c4NGERUNG<\/td>\n<td class=\"et2\" style=\"width: 54.00pt;\" width=\"72\">NW<\/td>\n<\/tr>\n<tr style=\"height: 14.25pt;\">\n<td class=\"et2\" style=\"height: 14.25pt;\" height=\"19\">RTW20A-FCTBK<\/td>\n<td class=\"et2\">Holz<\/td>\n<td class=\"et2\">160 mm flach<\/td>\n<td class=\"et2\">Drehklemme<\/td>\n<td class=\"et2\">Schwarz<\/td>\n<td class=\"et2\">172 cm<\/td>\n<td class=\"et2\">5,8 kg<\/td>\n<\/tr>\n<tr style=\"height: 14.25pt;\">\n<td class=\"et2\" style=\"height: 14.25pt;\" height=\"19\">RTW20A-FCDBK<\/td>\n<td class=\"et2\">Holz<\/td>\n<td class=\"et2\">160 mm flach<\/td>\n<td class=\"et2\">Doppelklemme<\/td>\n<td class=\"et2\">Schwarz<\/td>\n<td class=\"et2\">167 cm<\/td>\n<td class=\"et2\">6,2 kg<\/td>\n<\/tr>\n<\/tbody>\n<\/table>","protected":false},"excerpt":{"rendered":"<ul>\n<li>Bietet dank seiner robusten Holzbeinkonstruktion eine verbesserte Verdrehsicherheit.<\/li>\n<li>Die mittelschwere Ausf\u00fchrung bietet ein optimales Gleichgewicht zwischen robuster Plattform und Mobilit\u00e4t im Feld.<\/li>\n<li>Die ideale Wahl f\u00fcr Profis, die ein zuverl\u00e4ssiges Pr\u00e4zisions-Holzstativ f\u00fcr kritische Messungen suchen.<\/li>\n<\/ul>","protected":false},"featured_media":3281,"comment_status":"open","ping_status":"closed","template":"","meta":[],"product_brand":[],"product_cat":[91,113],"product_tag":[],"class_list":{"0":"post-3280","1":"product","2":"type-product","3":"status-publish","4":"has-post-thumbnail","6":"product_cat-bipod-tripod","7":"product_cat-wood-fiberglass-tripods","9":"first","10":"instock","11":"shipping-taxable","12":"product-type-simple"},"_links":{"self":[{"href":"https:\/\/mountlaser.com\/de\/wp-json\/wp\/v2\/product\/3280","targetHints":{"allow":["GET"]}}],"collection":[{"href":"https:\/\/mountlaser.com\/de\/wp-json\/wp\/v2\/product"}],"about":[{"href":"https:\/\/mountlaser.com\/de\/wp-json\/wp\/v2\/types\/product"}],"replies":[{"embeddable":true,"href":"https:\/\/mountlaser.com\/de\/wp-json\/wp\/v2\/comments?post=3280"}],"wp:featuredmedia":[{"embeddable":true,"href":"https:\/\/mountlaser.com\/de\/wp-json\/wp\/v2\/media\/3281"}],"wp:attachment":[{"href":"https:\/\/mountlaser.com\/de\/wp-json\/wp\/v2\/media?parent=3280"}],"wp:term":[{"taxonomy":"product_brand","embeddable":true,"href":"https:\/\/mountlaser.com\/de\/wp-json\/wp\/v2\/product_brand?post=3280"},{"taxonomy":"product_cat","embeddable":true,"href":"https:\/\/mountlaser.com\/de\/wp-json\/wp\/v2\/product_cat?post=3280"},{"taxonomy":"product_tag","embeddable":true,"href":"https:\/\/mountlaser.com\/de\/wp-json\/wp\/v2\/product_tag?post=3280"}],"curies":[{"name":"wp","href":"https:\/\/api.w.org\/{rel}","templated":true}]}}