{"id":3279,"date":"2025-11-04T07:43:20","date_gmt":"2025-11-04T07:43:20","guid":{"rendered":"https:\/\/mountlaser.com\/?post_type=product&#038;p=3279"},"modified":"2025-11-28T02:52:06","modified_gmt":"2025-11-28T02:52:06","slug":"mp109-angled-mini-prism","status":"publish","type":"product","link":"https:\/\/mountlaser.com\/de\/produkt\/mp109-angled-mini-prism\/","title":{"rendered":"MP109 Abgewinkeltes Mini-Prisma"},"content":{"rendered":"<p>Die MP109-Serie abgewinkelter Mini-Prismen wurde f\u00fcr die pr\u00e4zise, langfristige Struktur- und Verformungs\u00fcberwachung in anspruchsvollen Umgebungen wie Eisenbahnstrecken, Br\u00fccken und Tunneln entwickelt. Erh\u00e4ltlich in zwei Modellen: MP109S (Einzel-Retroreflexions-Mini-Prisma) und MP109D. <a href=\"https:\/\/mountlaser.com\/de\/products\/\"><strong>Doppeltes retroreflektierendes Mini-Prisma<\/strong><\/a> \u2014 Dieses System bietet zuverl\u00e4ssige Genauigkeit und flexible Installationsm\u00f6glichkeiten f\u00fcr verschiedene technische Anwendungen.<\/p>\n<p>Der <a href=\"https:\/\/mountlaser.com\/de\/\"><strong>Doppelseitiges Mini-Prisma<\/strong><\/a> Die Konfiguration erm\u00f6glicht simultane Messungen aus mehreren Richtungen und gew\u00e4hrleistet so eine hohe Pr\u00e4zision und Effizienz bei der Datenerfassung. Montiert auf einer geneigten Platte, erm\u00f6glicht das doppelseitige Mini-Prisma genaue Messwerte selbst aus schr\u00e4gen Beobachtungswinkeln und ist daher ideal f\u00fcr beengte oder schwer zug\u00e4ngliche Orte.<\/p>\n<p><img fetchpriority=\"high\" decoding=\"async\" class=\"wp-image-3284 aligncenter\" src=\"https:\/\/mountlaser.com\/wp-content\/uploads\/2025\/11\/3-1MP1092.webp\" alt=\"mp109 Double side mini prism\" width=\"500\" height=\"500\" srcset=\"https:\/\/mountlaser.com\/wp-content\/uploads\/2025\/11\/3-1MP1092.webp 1000w, https:\/\/mountlaser.com\/wp-content\/uploads\/2025\/11\/3-1MP1092-300x300.webp 300w, https:\/\/mountlaser.com\/wp-content\/uploads\/2025\/11\/3-1MP1092-400x400.webp 400w, https:\/\/mountlaser.com\/wp-content\/uploads\/2025\/11\/3-1MP1092-800x800.webp 800w, https:\/\/mountlaser.com\/wp-content\/uploads\/2025\/11\/3-1MP1092-600x600.webp 600w, https:\/\/mountlaser.com\/wp-content\/uploads\/2025\/11\/3-1MP1092-150x150.webp 150w, https:\/\/mountlaser.com\/wp-content\/uploads\/2025\/11\/3-1MP1092-768x768.webp 768w, https:\/\/mountlaser.com\/wp-content\/uploads\/2025\/11\/3-1MP1092-12x12.webp 12w\" sizes=\"(max-width: 500px) 100vw, 500px\" \/><\/p>\n<p>Hergestellt aus robusten, witterungsbest\u00e4ndigen Materialien, <a href=\"https:\/\/mountlaser.com\/de\/contact-us\/\">Doppelseitiges Mini-Prisma<\/a> Es widersteht rauen Au\u00dfenbedingungen und beh\u00e4lt dabei seine optische Genauigkeit bei. Dank seiner permanenten Montage erm\u00f6glicht es Fernmessungen, ohne den Verkehr oder Bauarbeiten zu beeintr\u00e4chtigen, und bietet somit Sicherheit und Komfort f\u00fcr langfristige \u00dcberwachungsprojekte.<\/p>","protected":false},"excerpt":{"rendered":"<ul>\n<li>Design f\u00fcr die permanente Montage: Erm\u00f6glicht die Fern\u00fcberwachung ohne Eingriff in den Verkehr und ohne Verkehrsbehinderung.<\/li>\n<li>Schr\u00e4ge Prismenhalterung: Verbessert die Messgenauigkeit aus verschiedenen Beobachtungsrichtungen.<\/li>\n<li>Doppelte Konfiguration: Das doppelseitige Mini-Prisma bietet flexible Messm\u00f6glichkeiten in beide Richtungen.<\/li>\n<li>Langlebig und witterungsbest\u00e4ndig: Entwickelt f\u00fcr langfristige Stabilit\u00e4t im Au\u00dfenbereich.<\/li>\n<li>Ideal f\u00fcr beengte R\u00e4ume: Wirksam bei \u00dcberwachungsanwendungen in Eisenbahnen, Tunneln und Br\u00fccken.<\/li>\n<\/ul>","protected":false},"featured_media":3284,"comment_status":"open","ping_status":"closed","template":"","meta":[],"product_brand":[],"product_cat":[72,112],"product_tag":[],"class_list":{"0":"post-3279","1":"product","2":"type-product","3":"status-publish","4":"has-post-thumbnail","6":"product_cat-reflective-target-prism","7":"product_cat-monitoring-prism","9":"first","10":"instock","11":"shipping-taxable","12":"product-type-simple"},"_links":{"self":[{"href":"https:\/\/mountlaser.com\/de\/wp-json\/wp\/v2\/product\/3279","targetHints":{"allow":["GET"]}}],"collection":[{"href":"https:\/\/mountlaser.com\/de\/wp-json\/wp\/v2\/product"}],"about":[{"href":"https:\/\/mountlaser.com\/de\/wp-json\/wp\/v2\/types\/product"}],"replies":[{"embeddable":true,"href":"https:\/\/mountlaser.com\/de\/wp-json\/wp\/v2\/comments?post=3279"}],"wp:featuredmedia":[{"embeddable":true,"href":"https:\/\/mountlaser.com\/de\/wp-json\/wp\/v2\/media\/3284"}],"wp:attachment":[{"href":"https:\/\/mountlaser.com\/de\/wp-json\/wp\/v2\/media?parent=3279"}],"wp:term":[{"taxonomy":"product_brand","embeddable":true,"href":"https:\/\/mountlaser.com\/de\/wp-json\/wp\/v2\/product_brand?post=3279"},{"taxonomy":"product_cat","embeddable":true,"href":"https:\/\/mountlaser.com\/de\/wp-json\/wp\/v2\/product_cat?post=3279"},{"taxonomy":"product_tag","embeddable":true,"href":"https:\/\/mountlaser.com\/de\/wp-json\/wp\/v2\/product_tag?post=3279"}],"curies":[{"name":"wp","href":"https:\/\/api.w.org\/{rel}","templated":true}]}}