{"id":3261,"date":"2025-11-04T06:28:51","date_gmt":"2025-11-04T06:28:51","guid":{"rendered":"https:\/\/mountlaser.com\/?post_type=product&#038;p=3261"},"modified":"2025-11-28T02:56:54","modified_gmt":"2025-11-28T02:56:54","slug":"premium-t-series-rtf20-fiberglass-tripod","status":"publish","type":"product","link":"https:\/\/mountlaser.com\/de\/produkt\/premium-t-series-rtf20-fiberglass-tripod\/","title":{"rendered":"Premium t Series RTF20 Fiberglas-Stativ"},"content":{"rendered":"<p><a href=\"https:\/\/mountlaser.com\/de\/\u3001\/\"><strong>Premium T-Serie RTF20 Fiberglas-Stativ<\/strong><\/a> Von Mount Laser \u2013 die erste Wahl f\u00fcr Vermesser, die keine Kompromisse bei Stabilit\u00e4t und Langlebigkeit eingehen wollen. Das robuste Fiberglasstativ RTF20 ist f\u00fcr h\u00f6chste Beanspruchung ausgelegt und bietet \u00fcberragende Leistung unter verschiedensten Einsatzbedingungen. Ob Sie sich f\u00fcr das RTF20 Fiberglasstativ mit flachem Kopf oder mit gro\u00dfem Rundkopf entscheiden \u2013 Sie erhalten garantiert ein zuverl\u00e4ssiges Stativ, das sich ideal f\u00fcr den Einsatz mit Totalstationen und anderen Pr\u00e4zisionsinstrumenten eignet.<\/p>\n<p><img fetchpriority=\"high\" decoding=\"async\" class=\"aligncenter wp-image-3266\" src=\"https:\/\/mountlaser.com\/wp-content\/uploads\/2025\/11\/RTF20-FCD7.webp\" alt=\"Medium-duty Fiberglass Tripod\" width=\"500\" height=\"500\" srcset=\"https:\/\/mountlaser.com\/wp-content\/uploads\/2025\/11\/RTF20-FCD7.webp 1000w, https:\/\/mountlaser.com\/wp-content\/uploads\/2025\/11\/RTF20-FCD7-300x300.webp 300w, https:\/\/mountlaser.com\/wp-content\/uploads\/2025\/11\/RTF20-FCD7-400x400.webp 400w, https:\/\/mountlaser.com\/wp-content\/uploads\/2025\/11\/RTF20-FCD7-800x800.webp 800w, https:\/\/mountlaser.com\/wp-content\/uploads\/2025\/11\/RTF20-FCD7-600x600.webp 600w, https:\/\/mountlaser.com\/wp-content\/uploads\/2025\/11\/RTF20-FCD7-150x150.webp 150w, https:\/\/mountlaser.com\/wp-content\/uploads\/2025\/11\/RTF20-FCD7-768x768.webp 768w, https:\/\/mountlaser.com\/wp-content\/uploads\/2025\/11\/RTF20-FCD7-12x12.webp 12w\" sizes=\"(max-width: 500px) 100vw, 500px\" \/><\/p>\n<p>Dieses Vermessungsstativ aus Fiberglas mit robuster Vierkantbeinkonstruktion bietet erh\u00f6hte Stabilit\u00e4t und Verwindungssteifigkeit unter Last. Es besteht aus hochwertigen Aluminiumlegierungskomponenten., <a href=\"https:\/\/mountlaser.com\/de\/products\/\"><strong>mittelschweres Fiberglas-Stativ<\/strong> <\/a>Es bietet eine hervorragende Sto\u00dffestigkeit und gew\u00e4hrleistet so einen langfristigen Einsatz selbst auf anspruchsvollsten Baustellen. Ausgestattet mit einer universellen 5\/8\u2033-11 Messing-Jochschraube, ist das RTF20 mit einer Vielzahl von Vermessungsinstrumenten kompatibel und somit vielseitig und zuverl\u00e4ssig. <a href=\"https:\/\/mountlaser.com\/de\/contact-us\/\">mittelschweres Fiberglas-Stativ<\/a> F\u00fcr all Ihre beruflichen Bed\u00fcrfnisse.<\/p>\n<p>&nbsp;<\/p>\n<p>Premium t Series RTF20 Fiberglas-Stativ \u2013 Spezifikationen<\/p>\n<table style=\"border-collapse: collapse; width: 622.52pt;\" border=\"0\" width=\"830\" cellspacing=\"0\" cellpadding=\"0\">\n<tbody>\n<tr style=\"height: 14.25pt;\">\n<td class=\"et2\" style=\"height: 14.25pt; width: 94.50pt;\" width=\"126\" height=\"19\">NUMMER<\/td>\n<td class=\"et2\" style=\"width: 97.50pt;\" width=\"130\">BEINE<\/td>\n<td class=\"et2\" style=\"width: 90.75pt;\" width=\"121\">KOPF<\/td>\n<td class=\"et2\" style=\"width: 100.50pt;\" width=\"134\">VERRIEGELUNGSTYP<\/td>\n<td class=\"et2\" style=\"width: 99.00pt;\" width=\"132\">HARDWARE<\/td>\n<td class=\"et2\" style=\"width: 86.25pt;\" width=\"115\">VERL\u00c4NGERUNG<\/td>\n<td class=\"et2\" style=\"width: 54.00pt;\" width=\"72\">NW<\/td>\n<\/tr>\n<tr style=\"height: 14.25pt;\">\n<td class=\"et2\" style=\"height: 14.25pt;\" height=\"19\">RTF20-FCD<\/td>\n<td class=\"et2\">Fiberglas<\/td>\n<td class=\"et2\">160 mm flach<\/td>\n<td class=\"et2\">Doppelklemme<\/td>\n<td class=\"et2\">Schwarz<\/td>\n<td class=\"et2\">165 cm<\/td>\n<td class=\"et2\">5,6 kg<\/td>\n<\/tr>\n<tr style=\"height: 14.25pt;\">\n<td class=\"et2\" style=\"height: 14.25pt;\" height=\"19\">RTF20-BCD<\/td>\n<td class=\"et2\">Fiberglas<\/td>\n<td class=\"et2\">166 mm rund<\/td>\n<td class=\"et2\">Doppelklemme<\/td>\n<td class=\"et2\">Schwarz<\/td>\n<td class=\"et2\">165 cm<\/td>\n<td class=\"et2\">5,8 kg<\/td>\n<\/tr>\n<\/tbody>\n<\/table>","protected":false},"excerpt":{"rendered":"<ul>\n<li>Die robuste Bauweise h\u00e4lt auch h\u00e4rtesten Einsatzbedingungen stand, ohne Kompromisse bei der Genauigkeit einzugehen.<\/li>\n<li>Gefertigt aus einer Aluminiumlegierung f\u00fcr ein perfektes Gleichgewicht zwischen Festigkeit und Sto\u00dffestigkeit.<\/li>\n<li>Ein hervorragendes und zuverl\u00e4ssiges Beispiel f\u00fcr ein Vermessungsstativ aus Fiberglas, das eine stabile Basis f\u00fcr pr\u00e4zise Messungen bietet.<\/li>\n<\/ul>","protected":false},"featured_media":3262,"comment_status":"open","ping_status":"closed","template":"","meta":[],"product_brand":[],"product_cat":[91,113],"product_tag":[],"class_list":{"0":"post-3261","1":"product","2":"type-product","3":"status-publish","4":"has-post-thumbnail","6":"product_cat-bipod-tripod","7":"product_cat-wood-fiberglass-tripods","9":"first","10":"instock","11":"shipping-taxable","12":"product-type-simple"},"_links":{"self":[{"href":"https:\/\/mountlaser.com\/de\/wp-json\/wp\/v2\/product\/3261","targetHints":{"allow":["GET"]}}],"collection":[{"href":"https:\/\/mountlaser.com\/de\/wp-json\/wp\/v2\/product"}],"about":[{"href":"https:\/\/mountlaser.com\/de\/wp-json\/wp\/v2\/types\/product"}],"replies":[{"embeddable":true,"href":"https:\/\/mountlaser.com\/de\/wp-json\/wp\/v2\/comments?post=3261"}],"wp:featuredmedia":[{"embeddable":true,"href":"https:\/\/mountlaser.com\/de\/wp-json\/wp\/v2\/media\/3262"}],"wp:attachment":[{"href":"https:\/\/mountlaser.com\/de\/wp-json\/wp\/v2\/media?parent=3261"}],"wp:term":[{"taxonomy":"product_brand","embeddable":true,"href":"https:\/\/mountlaser.com\/de\/wp-json\/wp\/v2\/product_brand?post=3261"},{"taxonomy":"product_cat","embeddable":true,"href":"https:\/\/mountlaser.com\/de\/wp-json\/wp\/v2\/product_cat?post=3261"},{"taxonomy":"product_tag","embeddable":true,"href":"https:\/\/mountlaser.com\/de\/wp-json\/wp\/v2\/product_tag?post=3261"}],"curies":[{"name":"wp","href":"https:\/\/api.w.org\/{rel}","templated":true}]}}