{"id":3248,"date":"2025-11-04T05:40:20","date_gmt":"2025-11-04T05:40:20","guid":{"rendered":"https:\/\/mountlaser.com\/?post_type=product&#038;p=3248"},"modified":"2025-11-28T02:57:56","modified_gmt":"2025-11-28T02:57:56","slug":"mp112-rod-monitoring-prism","status":"publish","type":"product","link":"https:\/\/mountlaser.com\/de\/produkt\/mp112-rod-monitoring-prism\/","title":{"rendered":"MP112 Stab\u00fcberwachungsprisma"},"content":{"rendered":"<p>MP112 Metallstra\u00dfenprisma \u2013 Produkteinf\u00fchrung<\/p>\n<p>Das MP112 Metallstra\u00dfenprisma ist ein hochpr\u00e4zises <a href=\"https:\/\/mountlaser.com\/de\/\"><strong>Mini-Prisma zur Stra\u00dfen\u00fcberwachung<\/strong><\/a>, Entwickelt f\u00fcr die langfristige Strukturbeobachtung und Stabilit\u00e4tsmessung in kritischen Infrastrukturen. Konzipiert f\u00fcr die nahtlose Integration in automatisierte motorisierte Totalstationssysteme (AMTS). <a href=\"https:\/\/mountlaser.com\/de\/products\/\"><strong>MP112 Stab\u00fcberwachungsprisma<\/strong><\/a> bietet gleichbleibende Genauigkeit und zuverl\u00e4ssige Leistung f\u00fcr Projekte im Bereich Stra\u00dfen, Gehwege, Tunnel und Geb\u00e4ude.<\/p>\n<p>Erh\u00e4ltlich in zwei Ausf\u00fchrungen \u2013 dem einseitigen Mini-Prisma MP112 und dem doppelseitigen Mini-Prisma MP112D \u2013 bietet dieses Mini-Prisma zur Stra\u00dfen\u00fcberwachung flexible Installationsm\u00f6glichkeiten f\u00fcr unterschiedlichste Einsatzbedingungen. Dank seines pr\u00e4zisionsgegossenen Aluminiumgeh\u00e4uses gew\u00e4hrleistet das Messstab-\u00dcberwachungsprisma MP112 au\u00dfergew\u00f6hnliche Langlebigkeit, Korrosionsbest\u00e4ndigkeit und langfristige Zuverl\u00e4ssigkeit selbst unter rauen Umgebungsbedingungen.<\/p>\n<p><img fetchpriority=\"high\" decoding=\"async\" class=\"aligncenter wp-image-3256\" src=\"https:\/\/mountlaser.com\/wp-content\/uploads\/2025\/11\/3-3MP1128.webp\" alt=\"MP112 rod monitoring prism\" width=\"500\" height=\"500\" srcset=\"https:\/\/mountlaser.com\/wp-content\/uploads\/2025\/11\/3-3MP1128.webp 1000w, https:\/\/mountlaser.com\/wp-content\/uploads\/2025\/11\/3-3MP1128-300x300.webp 300w, https:\/\/mountlaser.com\/wp-content\/uploads\/2025\/11\/3-3MP1128-400x400.webp 400w, https:\/\/mountlaser.com\/wp-content\/uploads\/2025\/11\/3-3MP1128-800x800.webp 800w, https:\/\/mountlaser.com\/wp-content\/uploads\/2025\/11\/3-3MP1128-600x600.webp 600w, https:\/\/mountlaser.com\/wp-content\/uploads\/2025\/11\/3-3MP1128-150x150.webp 150w, https:\/\/mountlaser.com\/wp-content\/uploads\/2025\/11\/3-3MP1128-768x768.webp 768w, https:\/\/mountlaser.com\/wp-content\/uploads\/2025\/11\/3-3MP1128-12x12.webp 12w\" sizes=\"(max-width: 500px) 100vw, 500px\" \/><\/p>\n<p>Dank seines kompakten Profils und der 10\u00b0-Neigung erm\u00f6glicht dieses Mini-Prisma f\u00fcr die Stra\u00dfen\u00fcberwachung eine Installation bei geringer Sicht, ohne den Stra\u00dfenverkehr zu beeintr\u00e4chtigen, und gew\u00e4hrleistet gleichzeitig eine perfekte Ausrichtung f\u00fcr AMTS-Systeme. <a href=\"https:\/\/mountlaser.com\/de\/contact-us\/\">Das MP112 Stab\u00fcberwachungsprisma<\/a> liefert pr\u00e4zise Verformungsdaten und unterst\u00fctzt so eine genaue \u00dcberwachung von Stra\u00dfen und Bauwerken \u00fcber l\u00e4ngere Betriebszeiten hinweg.<\/p>","protected":false},"excerpt":{"rendered":"<ul>\n<li>Zwei Modelloptionen: MP112 (einseitig) und MP112D (beidseitig) f\u00fcr flexible Monitoring-Setups.<\/li>\n<li>Robustes Metallgeh\u00e4use<\/li>\n<li>Optimiert f\u00fcr AMTS<\/li>\n<li>Flaches Design<\/li>\n<li>Hohe Pr\u00e4zision<\/li>\n<\/ul>","protected":false},"featured_media":3249,"comment_status":"open","ping_status":"closed","template":"","meta":[],"product_brand":[],"product_cat":[72,112],"product_tag":[],"class_list":{"0":"post-3248","1":"product","2":"type-product","3":"status-publish","4":"has-post-thumbnail","6":"product_cat-reflective-target-prism","7":"product_cat-monitoring-prism","9":"first","10":"instock","11":"shipping-taxable","12":"product-type-simple"},"_links":{"self":[{"href":"https:\/\/mountlaser.com\/de\/wp-json\/wp\/v2\/product\/3248","targetHints":{"allow":["GET"]}}],"collection":[{"href":"https:\/\/mountlaser.com\/de\/wp-json\/wp\/v2\/product"}],"about":[{"href":"https:\/\/mountlaser.com\/de\/wp-json\/wp\/v2\/types\/product"}],"replies":[{"embeddable":true,"href":"https:\/\/mountlaser.com\/de\/wp-json\/wp\/v2\/comments?post=3248"}],"wp:featuredmedia":[{"embeddable":true,"href":"https:\/\/mountlaser.com\/de\/wp-json\/wp\/v2\/media\/3249"}],"wp:attachment":[{"href":"https:\/\/mountlaser.com\/de\/wp-json\/wp\/v2\/media?parent=3248"}],"wp:term":[{"taxonomy":"product_brand","embeddable":true,"href":"https:\/\/mountlaser.com\/de\/wp-json\/wp\/v2\/product_brand?post=3248"},{"taxonomy":"product_cat","embeddable":true,"href":"https:\/\/mountlaser.com\/de\/wp-json\/wp\/v2\/product_cat?post=3248"},{"taxonomy":"product_tag","embeddable":true,"href":"https:\/\/mountlaser.com\/de\/wp-json\/wp\/v2\/product_tag?post=3248"}],"curies":[{"name":"wp","href":"https:\/\/api.w.org\/{rel}","templated":true}]}}