{"id":3237,"date":"2025-11-04T03:07:54","date_gmt":"2025-11-04T03:07:54","guid":{"rendered":"https:\/\/mountlaser.com\/?post_type=product&#038;p=3237"},"modified":"2025-11-28T02:59:26","modified_gmt":"2025-11-28T02:59:26","slug":"mp111-road-monitoring-prism","status":"publish","type":"product","link":"https:\/\/mountlaser.com\/de\/produkt\/mp111-road-monitoring-prism\/","title":{"rendered":"MP111 Stra\u00dfen\u00fcberwachungsprisma"},"content":{"rendered":"<p>MP111 Kunststoff-Stra\u00dfenprisma \u2013 Zuverl\u00e4ssiges Stra\u00dfen\u00fcberwachungsprisma f\u00fcr Infrastrukturprojekte<\/p>\n<p>Der <a href=\"https:\/\/mountlaser.com\/de\/products\/\"><strong>MP111 Kunststoff-Stra\u00dfenprisma<\/strong><\/a> ist kompakt und robust <a href=\"https:\/\/mountlaser.com\/de\/about-us\/\"><strong>Stra\u00dfen\u00fcberwachungsprisma<\/strong><\/a> Entwickelt f\u00fcr Pr\u00e4zision und Langlebigkeit in anspruchsvollen Infrastrukturumgebungen wie Stra\u00dfen, U-Bahnen und Br\u00fccken. Dieses Stra\u00dfen\u00fcberwachungsprisma ist f\u00fcr die diskrete Langzeit\u00fcberwachung konzipiert und vereint ein flaches Design mit \u00fcberragender optischer Leistung.<\/p>\n<p>Das aus hochfestem, verschlei\u00dffestem ABS gefertigte MP111-Stra\u00dfenprisma aus Kunststoff gew\u00e4hrleistet Langlebigkeit auch unter rauen Au\u00dfenbedingungen. Die kratzfeste Schutzabdeckung sch\u00fctzt das Prisma vor Staub, St\u00f6\u00dfen und Abrieb und erh\u00e4lt so dauerhaft klare Reflexion und Messgenauigkeit.<\/p>\n<p><img fetchpriority=\"high\" decoding=\"async\" class=\"aligncenter wp-image-3239\" src=\"https:\/\/mountlaser.com\/wp-content\/uploads\/2025\/11\/3-2MP1112.webp\" alt=\" MP111 Road Monitoring Prism\" width=\"500\" height=\"500\" srcset=\"https:\/\/mountlaser.com\/wp-content\/uploads\/2025\/11\/3-2MP1112.webp 1000w, https:\/\/mountlaser.com\/wp-content\/uploads\/2025\/11\/3-2MP1112-300x300.webp 300w, https:\/\/mountlaser.com\/wp-content\/uploads\/2025\/11\/3-2MP1112-400x400.webp 400w, https:\/\/mountlaser.com\/wp-content\/uploads\/2025\/11\/3-2MP1112-800x800.webp 800w, https:\/\/mountlaser.com\/wp-content\/uploads\/2025\/11\/3-2MP1112-600x600.webp 600w, https:\/\/mountlaser.com\/wp-content\/uploads\/2025\/11\/3-2MP1112-150x150.webp 150w, https:\/\/mountlaser.com\/wp-content\/uploads\/2025\/11\/3-2MP1112-768x768.webp 768w, https:\/\/mountlaser.com\/wp-content\/uploads\/2025\/11\/3-2MP1112-12x12.webp 12w\" sizes=\"(max-width: 500px) 100vw, 500px\" \/><\/p>\n<p>Das <a href=\"https:\/\/mountlaser.com\/de\/\">Stra\u00dfen\u00fcberwachungsprisma<\/a> Das MP111-Stra\u00dfenprisma zeichnet sich durch sein extrem flaches Design aus \u2013 nur 20 mm hoch und 145 mm im Durchmesser \u2013 und erm\u00f6glicht so eine sichere Installation, ohne den Fu\u00dfg\u00e4nger- oder Fahrzeugverkehr zu behindern. Ausgestattet mit einem 12,7 mm starken, kupferbeschichteten Prisma und vier sicheren Befestigungsl\u00f6chern, garantiert es eine stabile und manipulationssichere Montage. Seine vertikale Neigung von 10\u00b0 sorgt f\u00fcr optimale Sicht und pr\u00e4zise Datenerfassung, selbst bei Messungen in flachen Winkeln.<\/p>","protected":false},"excerpt":{"rendered":"<ul>\n<li>Erm\u00f6glicht eine pr\u00e4zise und langfristige \u00dcberwachung von Stra\u00dfen und Br\u00fccken.<\/li>\n<li>Widerstehen Sie rauen Witterungsbedingungen und mechanischer Belastung.<\/li>\n<li>Die flache Bauweise gew\u00e4hrleistet Sicherheit und minimale Sichtbarkeit.<\/li>\n<li>Das kupferbeschichtete Prisma erm\u00f6glicht stabile Messungen mit hoher Reflektivit\u00e4t.<\/li>\n<li>Einfache und sichere Installation<\/li>\n<\/ul>","protected":false},"featured_media":3240,"comment_status":"open","ping_status":"closed","template":"","meta":[],"product_brand":[],"product_cat":[72,112],"product_tag":[],"class_list":{"0":"post-3237","1":"product","2":"type-product","3":"status-publish","4":"has-post-thumbnail","6":"product_cat-reflective-target-prism","7":"product_cat-monitoring-prism","9":"first","10":"instock","11":"shipping-taxable","12":"product-type-simple"},"_links":{"self":[{"href":"https:\/\/mountlaser.com\/de\/wp-json\/wp\/v2\/product\/3237","targetHints":{"allow":["GET"]}}],"collection":[{"href":"https:\/\/mountlaser.com\/de\/wp-json\/wp\/v2\/product"}],"about":[{"href":"https:\/\/mountlaser.com\/de\/wp-json\/wp\/v2\/types\/product"}],"replies":[{"embeddable":true,"href":"https:\/\/mountlaser.com\/de\/wp-json\/wp\/v2\/comments?post=3237"}],"wp:featuredmedia":[{"embeddable":true,"href":"https:\/\/mountlaser.com\/de\/wp-json\/wp\/v2\/media\/3240"}],"wp:attachment":[{"href":"https:\/\/mountlaser.com\/de\/wp-json\/wp\/v2\/media?parent=3237"}],"wp:term":[{"taxonomy":"product_brand","embeddable":true,"href":"https:\/\/mountlaser.com\/de\/wp-json\/wp\/v2\/product_brand?post=3237"},{"taxonomy":"product_cat","embeddable":true,"href":"https:\/\/mountlaser.com\/de\/wp-json\/wp\/v2\/product_cat?post=3237"},{"taxonomy":"product_tag","embeddable":true,"href":"https:\/\/mountlaser.com\/de\/wp-json\/wp\/v2\/product_tag?post=3237"}],"curies":[{"name":"wp","href":"https:\/\/api.w.org\/{rel}","templated":true}]}}