{"id":3227,"date":"2025-11-03T09:21:41","date_gmt":"2025-11-03T09:21:41","guid":{"rendered":"https:\/\/mountlaser.com\/?post_type=product&#038;p=3227"},"modified":"2025-11-28T03:00:58","modified_gmt":"2025-11-28T03:00:58","slug":"pfa1-series-aluminum-tripod","status":"publish","type":"product","link":"https:\/\/mountlaser.com\/de\/produkt\/pfa1-series-aluminum-tripod\/","title":{"rendered":"Aluminium-Stativ der PFA1-Serie"},"content":{"rendered":"<p><a href=\"https:\/\/mountlaser.com\/de\/\"><strong>Aluminium-Stativ der PFA1-Serie<\/strong><\/a>, Dieses robuste und zuverl\u00e4ssige Stativ aus Aluminium mit goldener Rohrkonstruktion im Sok-Stil wurde f\u00fcr Profis mit h\u00f6chsten Anspr\u00fcchen entwickelt und ist mit zwei vielseitigen Stativkopfvarianten \u2013 Flachkopf und Kuppelkopf \u2013 erh\u00e4ltlich, um optimale Kompatibilit\u00e4t und einfache Montage f\u00fcr unterschiedlichste Anwendungen zu gew\u00e4hrleisten.<\/p>\n<p><img fetchpriority=\"high\" decoding=\"async\" class=\"aligncenter wp-image-3234\" src=\"https:\/\/mountlaser.com\/wp-content\/uploads\/2025\/11\/PFA1-FCT7.webp\" alt=\"Sok Style Golden Tube Aluminum Tripod\" width=\"500\" height=\"500\" srcset=\"https:\/\/mountlaser.com\/wp-content\/uploads\/2025\/11\/PFA1-FCT7.webp 1000w, https:\/\/mountlaser.com\/wp-content\/uploads\/2025\/11\/PFA1-FCT7-300x300.webp 300w, https:\/\/mountlaser.com\/wp-content\/uploads\/2025\/11\/PFA1-FCT7-400x400.webp 400w, https:\/\/mountlaser.com\/wp-content\/uploads\/2025\/11\/PFA1-FCT7-800x800.webp 800w, https:\/\/mountlaser.com\/wp-content\/uploads\/2025\/11\/PFA1-FCT7-600x600.webp 600w, https:\/\/mountlaser.com\/wp-content\/uploads\/2025\/11\/PFA1-FCT7-150x150.webp 150w, https:\/\/mountlaser.com\/wp-content\/uploads\/2025\/11\/PFA1-FCT7-768x768.webp 768w, https:\/\/mountlaser.com\/wp-content\/uploads\/2025\/11\/PFA1-FCT7-12x12.webp 12w\" sizes=\"(max-width: 500px) 100vw, 500px\" \/><\/p>\n<p>Das herausragende Merkmal ist die Vierkantbeinkonstruktion, die f\u00fcr hohe Stabilit\u00e4t und Steifigkeit auf jedem Untergrund sorgt. Gefertigt aus einer robusten, hochwertigen Aluminiumlegierung, h\u00e4lt dieses PFA1 Aluminium-Verl\u00e4ngerungsstativ selbst h\u00e4rtesten Feldbedingungen stand und bietet gleichzeitig eine hervorragende Sto\u00dffestigkeit. Die integrierte 5\/8\u2033-11 Messing-Gabelschraube erm\u00f6glicht die Kompatibilit\u00e4t mit einer Vielzahl von Instrumenten, einschlie\u00dflich Totalstationen. F\u00fcr Profis, die eine perfekte Kombination aus traditioneller Langlebigkeit und moderner Leistung suchen, ist dieses Stativ die ideale Wahl. <a href=\"https:\/\/mountlaser.com\/de\/products\/\"><strong>Sok Style Golden Tube Aluminium-Stativ<\/strong><\/a> ist die endg\u00fcltige Wahl.<\/p>\n<p>Verlassen Sie sich auf das PFA1 Aluminium-Verl\u00e4ngerungsstativ f\u00fcr zuverl\u00e4ssige Unterst\u00fctzung bei all Ihren Vermessungsarbeiten.<\/p>\n<p>&nbsp;<\/p>\n<p><strong>Spezifikationen des Aluminium-Stativs der PFA1-Serie<\/strong><\/p>\n<table style=\"border-collapse: collapse; width: 622.52pt;\" border=\"0\" width=\"830\" cellspacing=\"0\" cellpadding=\"0\">\n<tbody>\n<tr style=\"height: 14.25pt;\">\n<td class=\"et2\" style=\"height: 14.25pt; width: 94.50pt;\" width=\"126\" height=\"19\">NUMMER<\/td>\n<td class=\"et2\" style=\"width: 97.50pt;\" width=\"130\">BEINE<\/td>\n<td class=\"et2\" style=\"width: 90.75pt;\" width=\"121\">KOPF<\/td>\n<td class=\"et2\" style=\"width: 100.50pt;\" width=\"134\">VERRIEGELUNGSTYP<\/td>\n<td class=\"et2\" style=\"width: 99.00pt;\" width=\"132\">HARDWARE<\/td>\n<td class=\"et2\" style=\"width: 86.25pt;\" width=\"115\">VERL\u00c4NGERUNG<\/td>\n<td class=\"et2\" style=\"width: 54.00pt;\" width=\"72\">NW<\/td>\n<\/tr>\n<tr style=\"height: 14.25pt;\">\n<td class=\"et2\" style=\"height: 14.25pt;\" height=\"19\">PFA1- FCT<\/td>\n<td class=\"et2\">Aluminium<\/td>\n<td class=\"et2\">160 mm flach<\/td>\n<td class=\"et2\">Drehklemme<\/td>\n<td class=\"et2\">Grau<\/td>\n<td class=\"et2\">165 cm<\/td>\n<td class=\"et2\">3,4 kg<\/td>\n<\/tr>\n<tr style=\"height: 14.25pt;\">\n<td class=\"et2\" style=\"height: 14.25pt;\" height=\"19\">PFA1-DCT<\/td>\n<td class=\"et2\">Aluminium<\/td>\n<td class=\"et2\">160-mm-Kuppel<\/td>\n<td class=\"et2\">Drehklemme<\/td>\n<td class=\"et2\">Grau<\/td>\n<td class=\"et2\">165 cm<\/td>\n<td class=\"et2\">3,4 kg<\/td>\n<\/tr>\n<\/tbody>\n<\/table>","protected":false},"excerpt":{"rendered":"<ul>\n<li>Durch die quadratische Beinkonstruktion wird eine stabile und starre Plattform f\u00fcr Vermessungsinstrumente wie Totalstationen geschaffen.<\/li>\n<li>Um durch seine robuste Aluminiumlegierungskonstruktion eine ausgezeichnete Sto\u00dffestigkeit und Langlebigkeit unter harten Feldbedingungen zu gew\u00e4hrleisten.<\/li>\n<li>Um eine breite Kompatibilit\u00e4t mit verschiedenen Instrumenten durch eine standardm\u00e4\u00dfige 5\/8\u2033-11 Messing-Jochschraube zu gew\u00e4hrleisten.<\/li>\n<\/ul>","protected":false},"featured_media":3230,"comment_status":"open","ping_status":"closed","template":"","meta":[],"product_brand":[],"product_cat":[91,111],"product_tag":[],"class_list":{"0":"post-3227","1":"product","2":"type-product","3":"status-publish","4":"has-post-thumbnail","6":"product_cat-bipod-tripod","7":"product_cat-aluminum-surveying-tripod","9":"first","10":"instock","11":"shipping-taxable","12":"product-type-simple"},"_links":{"self":[{"href":"https:\/\/mountlaser.com\/de\/wp-json\/wp\/v2\/product\/3227","targetHints":{"allow":["GET"]}}],"collection":[{"href":"https:\/\/mountlaser.com\/de\/wp-json\/wp\/v2\/product"}],"about":[{"href":"https:\/\/mountlaser.com\/de\/wp-json\/wp\/v2\/types\/product"}],"replies":[{"embeddable":true,"href":"https:\/\/mountlaser.com\/de\/wp-json\/wp\/v2\/comments?post=3227"}],"wp:featuredmedia":[{"embeddable":true,"href":"https:\/\/mountlaser.com\/de\/wp-json\/wp\/v2\/media\/3230"}],"wp:attachment":[{"href":"https:\/\/mountlaser.com\/de\/wp-json\/wp\/v2\/media?parent=3227"}],"wp:term":[{"taxonomy":"product_brand","embeddable":true,"href":"https:\/\/mountlaser.com\/de\/wp-json\/wp\/v2\/product_brand?post=3227"},{"taxonomy":"product_cat","embeddable":true,"href":"https:\/\/mountlaser.com\/de\/wp-json\/wp\/v2\/product_cat?post=3227"},{"taxonomy":"product_tag","embeddable":true,"href":"https:\/\/mountlaser.com\/de\/wp-json\/wp\/v2\/product_tag?post=3227"}],"curies":[{"name":"wp","href":"https:\/\/api.w.org\/{rel}","templated":true}]}}