{"id":3218,"date":"2025-11-03T09:09:42","date_gmt":"2025-11-03T09:09:42","guid":{"rendered":"https:\/\/mountlaser.com\/?post_type=product&#038;p=3218"},"modified":"2025-11-28T03:04:21","modified_gmt":"2025-11-28T03:04:21","slug":"premium-t-series-heavy-duty-aluminum-tripod","status":"publish","type":"product","link":"https:\/\/mountlaser.com\/de\/produkt\/premium-t-series-heavy-duty-aluminum-tripod\/","title":{"rendered":"Premium T-Serie Schwerlast-Aluminiumstativ"},"content":{"rendered":"<p>Premium T-Serie <a href=\"https:\/\/mountlaser.com\/de\/\"><strong>STA30 Schwerlast-Aluminiumstativ<\/strong><\/a>, Dieses hochbelastbare Aluminium-Vermessungsstativ der Spitzenklasse ist f\u00fcr Pr\u00e4zision und Langlebigkeit konzipiert. Das robuste Stativ mit Vierkantbeinen ist in drei Kopfvarianten erh\u00e4ltlich \u2013 Flachkopf, Kuppelkopf und gro\u00dfer Rundkopf \u2013 und passt sich so optimal Ihrem Instrument an. Dadurch eignet es sich ideal f\u00fcr den Einsatz mit Totalstationen.<\/p>\n<p>Dank seiner einzigartigen Fu\u00dfkonstruktion und der robusten Vierkantbeine bietet dieses Stativ hervorragende Stabilit\u00e4t auf jedem Untergrund. Der fortschrittliche Schnellverschlussmechanismus reduziert die Belastung bei der Bedienung und gew\u00e4hrleistet eine lange Lebensdauer. Gefertigt aus hochfester Aluminiumlegierung, zeichnet sich dieses robuste Aluminium-Vermessungsstativ durch seine hervorragende Sto\u00dffestigkeit aus.<\/p>\n<p><img fetchpriority=\"high\" decoding=\"async\" class=\"aligncenter wp-image-3221\" src=\"https:\/\/mountlaser.com\/wp-content\/uploads\/2025\/11\/STA30-DCD2.webp\" alt=\"Square Leg Surveying Aluminum Tripod\" width=\"500\" height=\"500\" srcset=\"https:\/\/mountlaser.com\/wp-content\/uploads\/2025\/11\/STA30-DCD2.webp 1000w, https:\/\/mountlaser.com\/wp-content\/uploads\/2025\/11\/STA30-DCD2-300x300.webp 300w, https:\/\/mountlaser.com\/wp-content\/uploads\/2025\/11\/STA30-DCD2-400x400.webp 400w, https:\/\/mountlaser.com\/wp-content\/uploads\/2025\/11\/STA30-DCD2-800x800.webp 800w, https:\/\/mountlaser.com\/wp-content\/uploads\/2025\/11\/STA30-DCD2-600x600.webp 600w, https:\/\/mountlaser.com\/wp-content\/uploads\/2025\/11\/STA30-DCD2-150x150.webp 150w, https:\/\/mountlaser.com\/wp-content\/uploads\/2025\/11\/STA30-DCD2-768x768.webp 768w, https:\/\/mountlaser.com\/wp-content\/uploads\/2025\/11\/STA30-DCD2-12x12.webp 12w\" sizes=\"(max-width: 500px) 100vw, 500px\" \/><br \/>\nEs ist mit einem standardm\u00e4\u00dfigen Selbstverriegelungsmechanismus f\u00fcr einfaches Tragen und einem 5\/8\u2033-11 Messing-Jochbolzen f\u00fcr universelle Kompatibilit\u00e4t ausgestattet. Als vielseitiges <a href=\"https:\/\/mountlaser.com\/de\/about-us\/\"><strong>Vierkant-Vermessungsstativ aus Aluminium<\/strong><\/a>, Wir bieten auf Anfrage auch individuelle Farben und H\u00f6hen an, um Ihren spezifischen Projektanforderungen gerecht zu werden.<\/p>\n<p>&nbsp;<\/p>\n<p><strong>Premium T-Serie STA30 Schwerlast-Aluminiumstativ \u2013 Spezifikationen<\/strong><\/p>\n<table style=\"border-collapse: collapse; width: 622.52pt;\" border=\"0\" width=\"830\" cellspacing=\"0\" cellpadding=\"0\">\n<tbody>\n<tr style=\"height: 14.25pt;\">\n<td class=\"et2\" style=\"height: 14.25pt; width: 94.50pt;\" width=\"126\" height=\"19\">NUMMER<\/td>\n<td class=\"et2\" style=\"width: 97.50pt;\" width=\"130\">BEINE<\/td>\n<td class=\"et2\" style=\"width: 90.75pt;\" width=\"121\">KOPF<\/td>\n<td class=\"et2\" style=\"width: 100.50pt;\" width=\"134\">VERRIEGELUNGSTYP<\/td>\n<td class=\"et2\" style=\"width: 99.00pt;\" width=\"132\">HARDWARE<\/td>\n<td class=\"et2\" style=\"width: 86.25pt;\" width=\"115\">VERL\u00c4NGERUNG<\/td>\n<td class=\"et2\" style=\"width: 54.00pt;\" width=\"72\">NW<\/td>\n<\/tr>\n<tr style=\"height: 14.25pt;\">\n<td class=\"et2\" style=\"height: 14.25pt;\" height=\"19\">STA30-FCTSYL<\/td>\n<td class=\"et2\">Aluminium<\/td>\n<td class=\"et2\">160 mm flach<\/td>\n<td class=\"et2\">Drehklemme<\/td>\n<td class=\"et2\">Gelb<\/td>\n<td class=\"et2\">174 cm<\/td>\n<td class=\"et2\">4,5 kg<\/td>\n<\/tr>\n<tr style=\"height: 14.25pt;\">\n<td class=\"et2\" style=\"height: 14.25pt;\" height=\"19\">STA30-FCDSYL<\/td>\n<td class=\"et2\">Aluminium<\/td>\n<td class=\"et2\">160 mm flach<\/td>\n<td class=\"et2\">Doppelklemme<\/td>\n<td class=\"et2\">Gelb<\/td>\n<td class=\"et2\">168 cm<\/td>\n<td class=\"et2\">5,1 kg<\/td>\n<\/tr>\n<\/tbody>\n<\/table>","protected":false},"excerpt":{"rendered":"<ul>\n<li>Gew\u00e4hrleistet einen schnellen, sicheren Aufbau und eine m\u00fchelose H\u00f6henverstellung dank eines fortschrittlichen Schnellverriegelungsmechanismus.<\/li>\n<li>Dank seiner robusten Konstruktion aus Aluminiumlegierung h\u00e4lt es auch h\u00e4rtesten Feldbedingungen stand.<\/li>\n<li>Bietet breite Instrumentenkompatibilit\u00e4t mit einer standardm\u00e4\u00dfigen 5\/8\u2033-11 Messing-Jochschraube.<\/li>\n<\/ul>","protected":false},"featured_media":3219,"comment_status":"open","ping_status":"closed","template":"","meta":[],"product_brand":[],"product_cat":[91,111],"product_tag":[],"class_list":{"0":"post-3218","1":"product","2":"type-product","3":"status-publish","4":"has-post-thumbnail","6":"product_cat-bipod-tripod","7":"product_cat-aluminum-surveying-tripod","9":"first","10":"instock","11":"shipping-taxable","12":"product-type-simple"},"_links":{"self":[{"href":"https:\/\/mountlaser.com\/de\/wp-json\/wp\/v2\/product\/3218","targetHints":{"allow":["GET"]}}],"collection":[{"href":"https:\/\/mountlaser.com\/de\/wp-json\/wp\/v2\/product"}],"about":[{"href":"https:\/\/mountlaser.com\/de\/wp-json\/wp\/v2\/types\/product"}],"replies":[{"embeddable":true,"href":"https:\/\/mountlaser.com\/de\/wp-json\/wp\/v2\/comments?post=3218"}],"wp:featuredmedia":[{"embeddable":true,"href":"https:\/\/mountlaser.com\/de\/wp-json\/wp\/v2\/media\/3219"}],"wp:attachment":[{"href":"https:\/\/mountlaser.com\/de\/wp-json\/wp\/v2\/media?parent=3218"}],"wp:term":[{"taxonomy":"product_brand","embeddable":true,"href":"https:\/\/mountlaser.com\/de\/wp-json\/wp\/v2\/product_brand?post=3218"},{"taxonomy":"product_cat","embeddable":true,"href":"https:\/\/mountlaser.com\/de\/wp-json\/wp\/v2\/product_cat?post=3218"},{"taxonomy":"product_tag","embeddable":true,"href":"https:\/\/mountlaser.com\/de\/wp-json\/wp\/v2\/product_tag?post=3218"}],"curies":[{"name":"wp","href":"https:\/\/api.w.org\/{rel}","templated":true}]}}