{"id":3205,"date":"2025-11-03T09:10:57","date_gmt":"2025-11-03T09:10:57","guid":{"rendered":"https:\/\/mountlaser.com\/?post_type=product&#038;p=3205"},"modified":"2025-11-28T03:02:14","modified_gmt":"2025-11-28T03:02:14","slug":"mp108-mini-prism","status":"publish","type":"product","link":"https:\/\/mountlaser.com\/de\/produkt\/mp108-mini-prism\/","title":{"rendered":"MP108 Mini-Prisma"},"content":{"rendered":"<p>MP108 Mini-Prisma \u2013 Hochpr\u00e4zises \u00dcberwachungsprisma f\u00fcr Nahbereichsanwendungen<\/p>\n<p>Der <a href=\"https:\/\/mountlaser.com\/de\/about-us\/\"><strong>MP108 Mini-Prisma<\/strong><\/a> ist ein hochpr\u00e4zises \u00dcberwachungsprisma, das f\u00fcr pr\u00e4zise Messungen in anspruchsvollen Umgebungen wie Br\u00fccken, Tunneln, Eisenbahnstrecken und U-Bahnen entwickelt wurde. Es ist f\u00fcr die Nahbereichs\u00fcberwachung konzipiert. <a href=\"https:\/\/mountlaser.com\/de\/products\/\"><strong>Hochpr\u00e4zisions-\u00dcberwachungsprisma<\/strong><\/a> bietet au\u00dfergew\u00f6hnliche Langlebigkeit und gleichbleibende Leistung auch unter extremen Bedingungen.<\/p>\n<p>Das Mini-Prisma MP108 ist in zwei Prismengr\u00f6\u00dfen erh\u00e4ltlich \u2013 MP108A (\u00d825,4 mm) und MP108B (\u00d838,1 mm) \u2013 und verf\u00fcgt \u00fcber ein pr\u00e4zisionsgefertigtes Prisma, das hermetisch in einem sto\u00dffesten und wasserdichten Metallgeh\u00e4use versiegelt ist, um langfristige Stabilit\u00e4t und Schutz vor Umwelteinfl\u00fcssen zu gew\u00e4hrleisten.<\/p>\n<p><img fetchpriority=\"high\" decoding=\"async\" class=\"aligncenter wp-image-3214\" src=\"https:\/\/mountlaser.com\/wp-content\/uploads\/2025\/11\/5-1MP1089.webp\" alt=\"MP108 mini prism\" width=\"500\" height=\"500\" srcset=\"https:\/\/mountlaser.com\/wp-content\/uploads\/2025\/11\/5-1MP1089.webp 1000w, https:\/\/mountlaser.com\/wp-content\/uploads\/2025\/11\/5-1MP1089-300x300.webp 300w, https:\/\/mountlaser.com\/wp-content\/uploads\/2025\/11\/5-1MP1089-400x400.webp 400w, https:\/\/mountlaser.com\/wp-content\/uploads\/2025\/11\/5-1MP1089-800x800.webp 800w, https:\/\/mountlaser.com\/wp-content\/uploads\/2025\/11\/5-1MP1089-600x600.webp 600w, https:\/\/mountlaser.com\/wp-content\/uploads\/2025\/11\/5-1MP1089-150x150.webp 150w, https:\/\/mountlaser.com\/wp-content\/uploads\/2025\/11\/5-1MP1089-768x768.webp 768w, https:\/\/mountlaser.com\/wp-content\/uploads\/2025\/11\/5-1MP1089-12x12.webp 12w\" sizes=\"(max-width: 500px) 100vw, 500px\" \/><\/p>\n<p>Anwender k\u00f6nnen aus individuell anpassbaren Genauigkeitsoptionen (2\u2033, 3\u20134\u2033 oder 5\u20138\u2033) und Beschichtungsoptionen (Kupfer oder Silber) w\u00e4hlen, um optimale Reflektivit\u00e4t und Messgenauigkeit zu erzielen. Mit einer 360\u00b0-Rotationsgenauigkeit von \u00b10,2 mm bietet dieses Ger\u00e4t <a href=\"https:\/\/mountlaser.com\/de\/contact-us\/\">Hochpr\u00e4zisions-\u00dcberwachungsprisma<\/a> Gew\u00e4hrleistet zuverl\u00e4ssige Messwerte aus jeder Richtung und ist somit eine vertrauensw\u00fcrdige L\u00f6sung f\u00fcr die kritische \u00dcberwachung von Industrieanlagen und Infrastrukturen.<\/p>","protected":false},"excerpt":{"rendered":"<ul>\n<li>Bietet hochpr\u00e4zise \u00dcberwachung f\u00fcr Infrastruktur- und Industrieanwendungen.<\/li>\n<li>Das hermetisch abgedichtete Metallgeh\u00e4use gew\u00e4hrleistet Wasserdichtigkeit und Sto\u00dffestigkeit.<\/li>\n<li>Die individuell einstellbare Prismengenauigkeit (2\u2033 bis 8\u2033) erf\u00fcllt eine Vielzahl von Projektanforderungen.<\/li>\n<li>Eine Kupfer- oder Silberbeschichtung verbessert das Reflexionsverm\u00f6gen und die Signalst\u00e4rke.<\/li>\n<li>Die Rotationsgenauigkeit gew\u00e4hrleistet konsistente Messwerte aus allen Winkeln.<\/li>\n<\/ul>","protected":false},"featured_media":3206,"comment_status":"open","ping_status":"closed","template":"","meta":[],"product_brand":[],"product_cat":[72,112],"product_tag":[],"class_list":{"0":"post-3205","1":"product","2":"type-product","3":"status-publish","4":"has-post-thumbnail","6":"product_cat-reflective-target-prism","7":"product_cat-monitoring-prism","9":"first","10":"instock","11":"shipping-taxable","12":"product-type-simple"},"_links":{"self":[{"href":"https:\/\/mountlaser.com\/de\/wp-json\/wp\/v2\/product\/3205","targetHints":{"allow":["GET"]}}],"collection":[{"href":"https:\/\/mountlaser.com\/de\/wp-json\/wp\/v2\/product"}],"about":[{"href":"https:\/\/mountlaser.com\/de\/wp-json\/wp\/v2\/types\/product"}],"replies":[{"embeddable":true,"href":"https:\/\/mountlaser.com\/de\/wp-json\/wp\/v2\/comments?post=3205"}],"wp:featuredmedia":[{"embeddable":true,"href":"https:\/\/mountlaser.com\/de\/wp-json\/wp\/v2\/media\/3206"}],"wp:attachment":[{"href":"https:\/\/mountlaser.com\/de\/wp-json\/wp\/v2\/media?parent=3205"}],"wp:term":[{"taxonomy":"product_brand","embeddable":true,"href":"https:\/\/mountlaser.com\/de\/wp-json\/wp\/v2\/product_brand?post=3205"},{"taxonomy":"product_cat","embeddable":true,"href":"https:\/\/mountlaser.com\/de\/wp-json\/wp\/v2\/product_cat?post=3205"},{"taxonomy":"product_tag","embeddable":true,"href":"https:\/\/mountlaser.com\/de\/wp-json\/wp\/v2\/product_tag?post=3205"}],"curies":[{"name":"wp","href":"https:\/\/api.w.org\/{rel}","templated":true}]}}