{"id":3187,"date":"2025-11-03T08:34:14","date_gmt":"2025-11-03T08:34:14","guid":{"rendered":"https:\/\/mountlaser.com\/?post_type=product&#038;p=3187"},"modified":"2025-11-28T03:06:41","modified_gmt":"2025-11-28T03:06:41","slug":"premium-t-series-rta20-medium-duty-aluminum-tripod","status":"publish","type":"product","link":"https:\/\/mountlaser.com\/de\/produkt\/premium-t-series-rta20-medium-duty-aluminum-tripod\/","title":{"rendered":"Premium T-Serie RTA20 Mittelschweres Aluminium-Stativ"},"content":{"rendered":"<p>Premium T-Serie RTA20 Mittelschweres Aluminiumstativ, das <a href=\"https:\/\/mountlaser.com\/de\/\"><strong>Rundbein-Vermessungsstativ aus Aluminium<\/strong><\/a> darauf vertrauen die Einsatzkr\u00e4fte vor Ort, wenn jeder Millimeter z\u00e4hlt.<\/p>\n<p>Erh\u00e4ltlich mit flachem Kopf, gew\u00f6lbtem Kopf oder gro\u00dfem runden Kopf,<a href=\"https:\/\/mountlaser.com\/de\/products\/\"><strong> RTA20 Mittleres Vermessungsstativ aus Aluminium<\/strong> <\/a>Die Beine aus einer extrem robusten Aluminiumlegierung sind mit einem einzigartigen Fu\u00dfdesign ausgestattet, das sich in jedes Gel\u00e4nde krallt.<\/p>\n<p><img fetchpriority=\"high\" decoding=\"async\" class=\"aligncenter wp-image-3202\" src=\"https:\/\/mountlaser.com\/wp-content\/uploads\/2025\/11\/RTA20-DCD7.webp\" alt=\"Round Leg Surveying Aluminum Tripod\" width=\"500\" height=\"500\" srcset=\"https:\/\/mountlaser.com\/wp-content\/uploads\/2025\/11\/RTA20-DCD7.webp 1000w, https:\/\/mountlaser.com\/wp-content\/uploads\/2025\/11\/RTA20-DCD7-300x300.webp 300w, https:\/\/mountlaser.com\/wp-content\/uploads\/2025\/11\/RTA20-DCD7-400x400.webp 400w, https:\/\/mountlaser.com\/wp-content\/uploads\/2025\/11\/RTA20-DCD7-800x800.webp 800w, https:\/\/mountlaser.com\/wp-content\/uploads\/2025\/11\/RTA20-DCD7-600x600.webp 600w, https:\/\/mountlaser.com\/wp-content\/uploads\/2025\/11\/RTA20-DCD7-150x150.webp 150w, https:\/\/mountlaser.com\/wp-content\/uploads\/2025\/11\/RTA20-DCD7-768x768.webp 768w, https:\/\/mountlaser.com\/wp-content\/uploads\/2025\/11\/RTA20-DCD7-12x12.webp 12w\" sizes=\"(max-width: 500px) 100vw, 500px\" \/><\/p>\n<p>Eine 5\/8\u2033-11 Messing-Jochschraube garantiert universelle Instrumentenkompatibilit\u00e4t, w\u00e4hrend der fortschrittliche Schnellverschlussmechanismus dieses Rundbein-Vermessungsstativs aus Aluminium die Aufbauzeit verk\u00fcrzt und die Erm\u00fcdung des Bedieners reduziert. Ben\u00f6tigen Sie Sonderfarben oder -h\u00f6hen? Wir fertigen sie individuell an. <a href=\"https:\/\/mountlaser.com\/de\/contact-us\/\">RTA20 Mittleres Vermessungsstativ aus Aluminium<\/a> nach Ihren Vorgaben, und das integrierte Selbstverriegelungssystem (S) erm\u00f6glicht es Ihnen, das Stativ ohne Gurt zu tragen, ohne dass lose Beine im Wind flattern.<\/p>","protected":false},"excerpt":{"rendered":"<ul>\n<li>Die Premium-T-Serie RTA20 bietet vibrationsfreie Stabilit\u00e4t f\u00fcr Totalstationen, Theodolite und Laser. Ihre abgerundete Fu\u00dfgeometrie verteilt die Last gleichm\u00e4\u00dfig.<\/li>\n<li>Dadurch bietet das Rundbein-Vermessungsstativ aus Aluminium eine \u00fcberlegene Torsionssteifigkeit auf Asphalt, Schotter oder Gras.<\/li>\n<li>Mit den einh\u00e4ndig bedienbaren Schnellverschlussklemmen lassen sich die Beine in Sekundenschnelle aus- und einfahren, und das selbstverriegelnde System sorgt daf\u00fcr, dass alles w\u00e4hrend des Transports fest sitzt \u2013 Gurte sind nicht erforderlich.<\/li>\n<\/ul>","protected":false},"featured_media":3201,"comment_status":"open","ping_status":"closed","template":"","meta":[],"product_brand":[],"product_cat":[91,111],"product_tag":[],"class_list":{"0":"post-3187","1":"product","2":"type-product","3":"status-publish","4":"has-post-thumbnail","6":"product_cat-bipod-tripod","7":"product_cat-aluminum-surveying-tripod","9":"first","10":"instock","11":"shipping-taxable","12":"product-type-simple"},"_links":{"self":[{"href":"https:\/\/mountlaser.com\/de\/wp-json\/wp\/v2\/product\/3187","targetHints":{"allow":["GET"]}}],"collection":[{"href":"https:\/\/mountlaser.com\/de\/wp-json\/wp\/v2\/product"}],"about":[{"href":"https:\/\/mountlaser.com\/de\/wp-json\/wp\/v2\/types\/product"}],"replies":[{"embeddable":true,"href":"https:\/\/mountlaser.com\/de\/wp-json\/wp\/v2\/comments?post=3187"}],"wp:featuredmedia":[{"embeddable":true,"href":"https:\/\/mountlaser.com\/de\/wp-json\/wp\/v2\/media\/3201"}],"wp:attachment":[{"href":"https:\/\/mountlaser.com\/de\/wp-json\/wp\/v2\/media?parent=3187"}],"wp:term":[{"taxonomy":"product_brand","embeddable":true,"href":"https:\/\/mountlaser.com\/de\/wp-json\/wp\/v2\/product_brand?post=3187"},{"taxonomy":"product_cat","embeddable":true,"href":"https:\/\/mountlaser.com\/de\/wp-json\/wp\/v2\/product_cat?post=3187"},{"taxonomy":"product_tag","embeddable":true,"href":"https:\/\/mountlaser.com\/de\/wp-json\/wp\/v2\/product_tag?post=3187"}],"curies":[{"name":"wp","href":"https:\/\/api.w.org\/{rel}","templated":true}]}}