{"id":3186,"date":"2025-11-03T08:23:15","date_gmt":"2025-11-03T08:23:15","guid":{"rendered":"https:\/\/mountlaser.com\/?post_type=product&#038;p=3186"},"modified":"2025-11-28T03:07:39","modified_gmt":"2025-11-28T03:07:39","slug":"mp105-mini-prism","status":"publish","type":"product","link":"https:\/\/mountlaser.com\/de\/produkt\/mp105-mini-prism\/","title":{"rendered":"MP105 Mini Prism"},"content":{"rendered":"<p>MP105 Mini Prism \u2013 Hochpr\u00e4zise \u00dcberwachung f\u00fcr industrielle Anwendungen<\/p>\n<p>Der <a href=\"https:\/\/mountlaser.com\/de\/\"><strong>MP105 Mini-Prisma<\/strong><\/a> ist ein <a href=\"https:\/\/mountlaser.com\/de\/products\/\"><strong>Gelbes \u00dcberwachungs-Miniprisma<\/strong><\/a> Dieses gelbe Mini-\u00dcberwachungsprisma wurde f\u00fcr h\u00f6chste Genauigkeit und Langlebigkeit bei der langfristigen industriellen und geotechnischen \u00dcberwachung entwickelt. Es ist mit Prismendurchmessern von 25,4 mm und 38,1 mm erh\u00e4ltlich und gew\u00e4hrleistet zuverl\u00e4ssige und stabile Leistung auch unter anspruchsvollen Einsatzbedingungen.<\/p>\n<p>Das Mini-Prisma MP105 ist mit einer robusten, wetterfesten Kunststoffhalterung ausgestattet und verf\u00fcgt \u00fcber eine um 360\u00b0 drehbare Halterung f\u00fcr flexible Positionierung und pr\u00e4zise Ausrichtung. Die wackelfreie Schwenkkonstruktion verbessert die Messgenauigkeit, w\u00e4hrend die Neigungsachsenh\u00f6he von 86 mm eine gleichbleibende Geometrie f\u00fcr pr\u00e4zise \u00dcberwachung gew\u00e4hrleistet.<\/p>\n<p><img fetchpriority=\"high\" decoding=\"async\" class=\"aligncenter wp-image-3188\" src=\"https:\/\/mountlaser.com\/wp-content\/uploads\/2025\/11\/2-9MP1051.webp\" alt=\"MP105 mini prism\" width=\"500\" height=\"500\" srcset=\"https:\/\/mountlaser.com\/wp-content\/uploads\/2025\/11\/2-9MP1051.webp 1000w, https:\/\/mountlaser.com\/wp-content\/uploads\/2025\/11\/2-9MP1051-300x300.webp 300w, https:\/\/mountlaser.com\/wp-content\/uploads\/2025\/11\/2-9MP1051-400x400.webp 400w, https:\/\/mountlaser.com\/wp-content\/uploads\/2025\/11\/2-9MP1051-800x800.webp 800w, https:\/\/mountlaser.com\/wp-content\/uploads\/2025\/11\/2-9MP1051-600x600.webp 600w, https:\/\/mountlaser.com\/wp-content\/uploads\/2025\/11\/2-9MP1051-150x150.webp 150w, https:\/\/mountlaser.com\/wp-content\/uploads\/2025\/11\/2-9MP1051-768x768.webp 768w, https:\/\/mountlaser.com\/wp-content\/uploads\/2025\/11\/2-9MP1051-12x12.webp 12w\" sizes=\"(max-width: 500px) 100vw, 500px\" \/><\/p>\n<p>Der <a href=\"https:\/\/mountlaser.com\/de\/contact-us\/\">MP105 Mini-Prisma<\/a> Das System bietet verschiedene Adapterkonfigurationen (5\/8\u2033, 3\/8\u2033 und M8-Gewinde) f\u00fcr eine flexible Installation in unterschiedlichen Umgebungen. Dank absoluter und schweizerischer Prismenkonstanten ist das Yellow Monitoring Mini Prism f\u00fcr verschiedene Totalstationssysteme und Projektanforderungen geeignet und gew\u00e4hrleistet eine herausragende Langzeitstabilit\u00e4t.<\/p>","protected":false},"excerpt":{"rendered":"<ul>\n<li>Bietet hochpr\u00e4zise Messungen f\u00fcr industrielle und geotechnische \u00dcberwachungsaufgaben.<\/li>\n<li>Die verstellbare Halterung erm\u00f6glicht flexibles Ausrichten und Zielen.<\/li>\n<li>Die witterungsbest\u00e4ndige Konstruktion gew\u00e4hrleistet einen zuverl\u00e4ssigen Betrieb auch unter widrigen Bedingungen.<\/li>\n<li>Eine stabile Montage minimiert Vibrationen und Messwertabweichungen.<\/li>\n<li>Kompatibel mit verschiedenen Gewindeadaptern f\u00fcr universelle Montageanwendungen.<\/li>\n<\/ul>","protected":false},"featured_media":3193,"comment_status":"open","ping_status":"closed","template":"","meta":[],"product_brand":[],"product_cat":[72,112],"product_tag":[],"class_list":{"0":"post-3186","1":"product","2":"type-product","3":"status-publish","4":"has-post-thumbnail","6":"product_cat-reflective-target-prism","7":"product_cat-monitoring-prism","9":"first","10":"instock","11":"shipping-taxable","12":"product-type-simple"},"_links":{"self":[{"href":"https:\/\/mountlaser.com\/de\/wp-json\/wp\/v2\/product\/3186","targetHints":{"allow":["GET"]}}],"collection":[{"href":"https:\/\/mountlaser.com\/de\/wp-json\/wp\/v2\/product"}],"about":[{"href":"https:\/\/mountlaser.com\/de\/wp-json\/wp\/v2\/types\/product"}],"replies":[{"embeddable":true,"href":"https:\/\/mountlaser.com\/de\/wp-json\/wp\/v2\/comments?post=3186"}],"wp:featuredmedia":[{"embeddable":true,"href":"https:\/\/mountlaser.com\/de\/wp-json\/wp\/v2\/media\/3193"}],"wp:attachment":[{"href":"https:\/\/mountlaser.com\/de\/wp-json\/wp\/v2\/media?parent=3186"}],"wp:term":[{"taxonomy":"product_brand","embeddable":true,"href":"https:\/\/mountlaser.com\/de\/wp-json\/wp\/v2\/product_brand?post=3186"},{"taxonomy":"product_cat","embeddable":true,"href":"https:\/\/mountlaser.com\/de\/wp-json\/wp\/v2\/product_cat?post=3186"},{"taxonomy":"product_tag","embeddable":true,"href":"https:\/\/mountlaser.com\/de\/wp-json\/wp\/v2\/product_tag?post=3186"}],"curies":[{"name":"wp","href":"https:\/\/api.w.org\/{rel}","templated":true}]}}