{"id":3173,"date":"2025-11-03T07:54:36","date_gmt":"2025-11-03T07:54:36","guid":{"rendered":"https:\/\/mountlaser.com\/?post_type=product&#038;p=3173"},"modified":"2025-11-28T03:19:32","modified_gmt":"2025-11-28T03:19:32","slug":"standard-j-series-rja20-medium-duty-aluminum-tripod","status":"publish","type":"product","link":"https:\/\/mountlaser.com\/de\/produkt\/standard-j-series-rja20-medium-duty-aluminum-tripod\/","title":{"rendered":"Standard J-Serie RJA20 Mittelschweres Aluminium-Stativ"},"content":{"rendered":"<p>Wir bei Mount Laser sind auf Pr\u00e4zisionsmesszubeh\u00f6r spezialisiert, und das Standard J Series RJA20 Medium-Duty Aluminium-Stativ bildet da keine Ausnahme.<\/p>\n<figure id=\"attachment_3182\" aria-describedby=\"caption-attachment-3182\" style=\"width: 300px\" class=\"wp-caption aligncenter\"><img fetchpriority=\"high\" decoding=\"async\" class=\"wp-image-3182 size-medium\" src=\"https:\/\/mountlaser.com\/wp-content\/uploads\/2025\/11\/RJA20-FAT6-300x300.webp\" alt=\"Precision Medium-Duty Aluminum Tripod\" width=\"300\" height=\"300\" srcset=\"https:\/\/mountlaser.com\/wp-content\/uploads\/2025\/11\/RJA20-FAT6-300x300.webp 300w, https:\/\/mountlaser.com\/wp-content\/uploads\/2025\/11\/RJA20-FAT6-400x400.webp 400w, https:\/\/mountlaser.com\/wp-content\/uploads\/2025\/11\/RJA20-FAT6-800x800.webp 800w, https:\/\/mountlaser.com\/wp-content\/uploads\/2025\/11\/RJA20-FAT6-600x600.webp 600w, https:\/\/mountlaser.com\/wp-content\/uploads\/2025\/11\/RJA20-FAT6-150x150.webp 150w, https:\/\/mountlaser.com\/wp-content\/uploads\/2025\/11\/RJA20-FAT6-768x768.webp 768w, https:\/\/mountlaser.com\/wp-content\/uploads\/2025\/11\/RJA20-FAT6-12x12.webp 12w, https:\/\/mountlaser.com\/wp-content\/uploads\/2025\/11\/RJA20-FAT6.webp 1000w\" sizes=\"(max-width: 300px) 100vw, 300px\" \/><figcaption id=\"caption-attachment-3182\" class=\"wp-caption-text\">RJA20 Aluminium-Stativ mit flachem Kopf, mittlere Belastbarkeit<\/figcaption><\/figure>\n<p>&nbsp;<\/p>\n<p>Dieses Produkt wurde f\u00fcr Profis entwickelt, die Zuverl\u00e4ssigkeit fordern. <a href=\"https:\/\/mountlaser.com\/de\/\"><strong>Pr\u00e4zisions-Aluminiumstativ f\u00fcr mittlere Belastungen<\/strong><\/a> Das Stativ RJA20 ist in drei Kopfvarianten erh\u00e4ltlich \u2013 Flachkopf, Kuppelkopf und gro\u00dfer Rundkopf \u2013 und ist somit mit Theodoliten und Totalstationen kompatibel. Gefertigt aus hochfester Aluminiumlegierung, bietet es hervorragende Sto\u00dffestigkeit und verf\u00fcgt \u00fcber eine 5\/8\u2033-11 Messing-Jochschraube f\u00fcr universelle Instrumentenbefestigung. Ob Sie sich f\u00fcr die Version mit Drehklemme, Schnellspannklemme oder Doppelklemme entscheiden: Dieses mittelschwere Aluminiumstativ mit Schnellspannklemme erm\u00f6glicht einen schnellen Aufbau und h\u00f6chste Stabilit\u00e4t. Ein optionaler Selbstverriegelungsmechanismus (S) sowie individuelle Farben und H\u00f6hen sind auf Anfrage erh\u00e4ltlich.<\/p>\n<p>&nbsp;<\/p>\n<figure id=\"attachment_3180\" aria-describedby=\"caption-attachment-3180\" style=\"width: 300px\" class=\"wp-caption aligncenter\"><img decoding=\"async\" class=\"wp-image-3180 size-medium\" src=\"https:\/\/mountlaser.com\/wp-content\/uploads\/2025\/11\/RJA20-DAD7-300x300.webp\" alt=\"Precision Medium-Duty Aluminum Tripod\" width=\"300\" height=\"300\" srcset=\"https:\/\/mountlaser.com\/wp-content\/uploads\/2025\/11\/RJA20-DAD7-300x300.webp 300w, https:\/\/mountlaser.com\/wp-content\/uploads\/2025\/11\/RJA20-DAD7-400x400.webp 400w, https:\/\/mountlaser.com\/wp-content\/uploads\/2025\/11\/RJA20-DAD7-800x800.webp 800w, https:\/\/mountlaser.com\/wp-content\/uploads\/2025\/11\/RJA20-DAD7-600x600.webp 600w, https:\/\/mountlaser.com\/wp-content\/uploads\/2025\/11\/RJA20-DAD7-150x150.webp 150w, https:\/\/mountlaser.com\/wp-content\/uploads\/2025\/11\/RJA20-DAD7-768x768.webp 768w, https:\/\/mountlaser.com\/wp-content\/uploads\/2025\/11\/RJA20-DAD7-12x12.webp 12w, https:\/\/mountlaser.com\/wp-content\/uploads\/2025\/11\/RJA20-DAD7.webp 1000w\" sizes=\"(max-width: 300px) 100vw, 300px\" \/><figcaption id=\"caption-attachment-3180\" class=\"wp-caption-text\">Kuppelkopf RJA20 Mittelschweres Aluminium-Stativ<\/figcaption><\/figure>\n<p>&nbsp;<\/p>\n<figure id=\"attachment_3178\" aria-describedby=\"caption-attachment-3178\" style=\"width: 300px\" class=\"wp-caption aligncenter\"><img decoding=\"async\" class=\"wp-image-3178 size-medium\" src=\"https:\/\/mountlaser.com\/wp-content\/uploads\/2025\/11\/RJA20-BAD7-300x300.webp\" alt=\"Precision Medium-Duty Aluminum Tripod\" width=\"300\" height=\"300\" srcset=\"https:\/\/mountlaser.com\/wp-content\/uploads\/2025\/11\/RJA20-BAD7-300x300.webp 300w, https:\/\/mountlaser.com\/wp-content\/uploads\/2025\/11\/RJA20-BAD7-400x400.webp 400w, https:\/\/mountlaser.com\/wp-content\/uploads\/2025\/11\/RJA20-BAD7-800x800.webp 800w, https:\/\/mountlaser.com\/wp-content\/uploads\/2025\/11\/RJA20-BAD7-600x600.webp 600w, https:\/\/mountlaser.com\/wp-content\/uploads\/2025\/11\/RJA20-BAD7-150x150.webp 150w, https:\/\/mountlaser.com\/wp-content\/uploads\/2025\/11\/RJA20-BAD7-768x768.webp 768w, https:\/\/mountlaser.com\/wp-content\/uploads\/2025\/11\/RJA20-BAD7-12x12.webp 12w, https:\/\/mountlaser.com\/wp-content\/uploads\/2025\/11\/RJA20-BAD7.webp 1000w\" sizes=\"(max-width: 300px) 100vw, 300px\" \/><figcaption id=\"caption-attachment-3178\" class=\"wp-caption-text\">RJA20 Aluminium-Stativ mit gro\u00dfem runden Kopf, mittlere Belastbarkeit<\/figcaption><\/figure>\n<p>Der <a href=\"https:\/\/mountlaser.com\/de\/products\/\"><strong>RJA20 Mittelschweres Aluminium-Stativ<\/strong> <\/a>Bietet sicheren, vibrationsfreien Halt f\u00fcr Pr\u00e4zisionsinstrumente im Feld. Dank seiner leichten und dennoch robusten Bauweise ist es einfach zu transportieren, ohne an Stabilit\u00e4t einzub\u00fc\u00dfen. Das Pr\u00e4zisions-Aluminiumstativ f\u00fcr mittlere Beanspruchung gew\u00e4hrleistet gleichbleibende Genauigkeit, w\u00e4hrend das Aluminiumstativ mit Schnellklemme einen schnellen Auf- und Abbau sowie eine einfache Justierung erm\u00f6glicht und so wertvolle Zeit vor Ort spart.<\/p>\n<p>&nbsp;<\/p>\n<p><strong>Spezifikationen des Standard J Series RJA20 Aluminium-Stativs f\u00fcr mittlere Beanspruchung<\/strong><\/p>\n<table width=\"830\">\n<tbody>\n<tr>\n<td width=\"126\">NUMMER<\/td>\n<td width=\"130\">BEINE<\/td>\n<td width=\"121\">KOPF<\/td>\n<td width=\"134\">VERRIEGELUNGSTYP<\/td>\n<td width=\"132\">HARDWARE<\/td>\n<td width=\"115\">VERL\u00c4NGERUNG<\/td>\n<td width=\"72\">NW<\/td>\n<\/tr>\n<tr>\n<td>RJA20-FCTOR<\/td>\n<td>Aluminium<\/td>\n<td>160 mm flach<\/td>\n<td>Drehklemme<\/td>\n<td>Orange<\/td>\n<td>170 cm<\/td>\n<td>3,7 kg<\/td>\n<\/tr>\n<tr>\n<td>RJA20-FCDOR<\/td>\n<td>Aluminium<\/td>\n<td>160 mm flach<\/td>\n<td>Doppelklemme<\/td>\n<td>Orange<\/td>\n<td>160 cm<\/td>\n<td>4,3 kg<\/td>\n<\/tr>\n<\/tbody>\n<\/table>","protected":false},"excerpt":{"rendered":"<ul>\n<li>F\u00fcr Vermesser und Ingenieure, die ein zuverl\u00e4ssiges, anpassbares Unterst\u00fctzungssystem ben\u00f6tigen<\/li>\n<li>Das Standard J Series RJA20 Medium-Duty Aluminium-Stativ ist die ideale Wahl.<\/li>\n<li>Mit verschiedenen Kopfoptionen, Klemmarten und der Langlebigkeit eines pr\u00e4zisionsgefertigten, mittelschweren Aluminiumstativs<\/li>\n<\/ul>","protected":false},"featured_media":3174,"comment_status":"open","ping_status":"closed","template":"","meta":[],"product_brand":[],"product_cat":[91,111],"product_tag":[],"class_list":{"0":"post-3173","1":"product","2":"type-product","3":"status-publish","4":"has-post-thumbnail","6":"product_cat-bipod-tripod","7":"product_cat-aluminum-surveying-tripod","9":"first","10":"instock","11":"shipping-taxable","12":"product-type-simple"},"_links":{"self":[{"href":"https:\/\/mountlaser.com\/de\/wp-json\/wp\/v2\/product\/3173","targetHints":{"allow":["GET"]}}],"collection":[{"href":"https:\/\/mountlaser.com\/de\/wp-json\/wp\/v2\/product"}],"about":[{"href":"https:\/\/mountlaser.com\/de\/wp-json\/wp\/v2\/types\/product"}],"replies":[{"embeddable":true,"href":"https:\/\/mountlaser.com\/de\/wp-json\/wp\/v2\/comments?post=3173"}],"wp:featuredmedia":[{"embeddable":true,"href":"https:\/\/mountlaser.com\/de\/wp-json\/wp\/v2\/media\/3174"}],"wp:attachment":[{"href":"https:\/\/mountlaser.com\/de\/wp-json\/wp\/v2\/media?parent=3173"}],"wp:term":[{"taxonomy":"product_brand","embeddable":true,"href":"https:\/\/mountlaser.com\/de\/wp-json\/wp\/v2\/product_brand?post=3173"},{"taxonomy":"product_cat","embeddable":true,"href":"https:\/\/mountlaser.com\/de\/wp-json\/wp\/v2\/product_cat?post=3173"},{"taxonomy":"product_tag","embeddable":true,"href":"https:\/\/mountlaser.com\/de\/wp-json\/wp\/v2\/product_tag?post=3173"}],"curies":[{"name":"wp","href":"https:\/\/api.w.org\/{rel}","templated":true}]}}