{"id":3167,"date":"2025-11-03T07:50:02","date_gmt":"2025-11-03T07:50:02","guid":{"rendered":"https:\/\/mountlaser.com\/?post_type=product&#038;p=3167"},"modified":"2025-11-28T03:21:56","modified_gmt":"2025-11-28T03:21:56","slug":"mp104-monitoring-prism","status":"publish","type":"product","link":"https:\/\/mountlaser.com\/de\/produkt\/mp104-monitoring-prism\/","title":{"rendered":"MP104 \u00dcberwachungsprisma"},"content":{"rendered":"<p>MP104 Mini-Prisma \u2013 Wetterfestes wei\u00dfes \u00dcberwachungs-Mini-Prisma f\u00fcr langfristige Pr\u00e4zision<\/p>\n<p>Der <a href=\"https:\/\/mountlaser.com\/de\/\"><strong>MP104 Mini-Prisma<\/strong><\/a> ist ein professionelles Produkt <a href=\"https:\/\/mountlaser.com\/de\/about-us\/\"><strong>wei\u00dfes \u00dcberwachungsminiprisma<\/strong><\/a> Dieses Prisma wurde f\u00fcr die pr\u00e4zise und langfristige Deformations\u00fcberwachung in Bau-, Geotechnik- und Bauwerks\u00fcberwachungsprojekten entwickelt. Es ist f\u00fcr den Einsatz unter rauen Feldbedingungen konzipiert und gew\u00e4hrleistet eine stabile und pr\u00e4zise Datenerfassung \u00fcber lange \u00dcberwachungszeitr\u00e4ume.<\/p>\n<p>Das Mini-Prisma MP104 ist mit einem hochpr\u00e4zisen 25,4-mm-Prisma und einer Neigungsachsenh\u00f6he von 86 mm ausgestattet und bietet einen Versatz von -17,5 mm f\u00fcr zuverl\u00e4ssige Ergebnisse bei anspruchsvollen Vermessungsaufgaben. Dank seiner witterungsbest\u00e4ndigen Konstruktion mit Schutzkappe und speziell behandeltem Glas ist es \u00e4u\u00dferst widerstandsf\u00e4hig gegen Umwelteinfl\u00fcsse wie Regen, Staub und Temperaturschwankungen.<\/p>\n<p>&nbsp;<\/p>\n<p><img fetchpriority=\"high\" decoding=\"async\" class=\"aligncenter wp-image-3169\" src=\"https:\/\/mountlaser.com\/wp-content\/uploads\/2025\/11\/2-8MP1042.webp\" alt=\"MP104 MINI prism\" width=\"500\" height=\"500\" srcset=\"https:\/\/mountlaser.com\/wp-content\/uploads\/2025\/11\/2-8MP1042.webp 1000w, https:\/\/mountlaser.com\/wp-content\/uploads\/2025\/11\/2-8MP1042-300x300.webp 300w, https:\/\/mountlaser.com\/wp-content\/uploads\/2025\/11\/2-8MP1042-400x400.webp 400w, https:\/\/mountlaser.com\/wp-content\/uploads\/2025\/11\/2-8MP1042-800x800.webp 800w, https:\/\/mountlaser.com\/wp-content\/uploads\/2025\/11\/2-8MP1042-600x600.webp 600w, https:\/\/mountlaser.com\/wp-content\/uploads\/2025\/11\/2-8MP1042-150x150.webp 150w, https:\/\/mountlaser.com\/wp-content\/uploads\/2025\/11\/2-8MP1042-768x768.webp 768w, https:\/\/mountlaser.com\/wp-content\/uploads\/2025\/11\/2-8MP1042-12x12.webp 12w\" sizes=\"(max-width: 500px) 100vw, 500px\" \/><\/p>\n<p>Das wei\u00dfe Mini-Prisma f\u00fcr die \u00dcberwachung verf\u00fcgt \u00fcber ein hochfestes Kunststoffgeh\u00e4use im Schweizer Stil, das geringes Gewicht mit langer Lebensdauer vereint. Es ist au\u00dferdem mit kupfer- oder silberbeschichtetem Prisma erh\u00e4ltlich, sodass Anwender die Signalst\u00e4rke an die jeweiligen Umgebungs- und Reflexionsbedingungen anpassen k\u00f6nnen.<\/p>\n<p>F\u00fcr eine flexible Installation, <a href=\"https:\/\/mountlaser.com\/de\/products\/\">MP104 Mini-Prisma<\/a> beinhaltet drei Adapteroptionen:<\/p>\n<p>MP104-A01 \u2013 5\/8\u2033 Gewindeadapter<\/p>\n<p>MP104-A02 \u2013 3\/8\u2033 Gewindeadapter<\/p>\n<p>MP104-A03 \u2013 M8 Gewindeadapter<\/p>\n<p>Diese Optionen machen das wei\u00dfe \u00dcberwachungsminiprisma mit einer Vielzahl von Montagekonfigurationen kompatibel und bieten so maximale Flexibilit\u00e4t im Einsatz.<\/p>","protected":false},"excerpt":{"rendered":"<ul>\n<li>Wettergesch\u00fctztes Geh\u00e4use und behandeltes Glas f\u00fcr Langlebigkeit im Au\u00dfenbereich<\/li>\n<li>Hochfeste Kunststoffhalterung im Schweizer Stil f\u00fcr langfristige Stabilit\u00e4t<\/li>\n<li>Erh\u00e4ltlich mit Kupfer- oder Silberbeschichtung f\u00fcr verbesserte Reflexion<\/li>\n<li>Mehrere Adapteroptionen f\u00fcr universelle Installation<\/li>\n<\/ul>","protected":false},"featured_media":3168,"comment_status":"open","ping_status":"closed","template":"","meta":[],"product_brand":[],"product_cat":[72,112],"product_tag":[],"class_list":{"0":"post-3167","1":"product","2":"type-product","3":"status-publish","4":"has-post-thumbnail","6":"product_cat-reflective-target-prism","7":"product_cat-monitoring-prism","9":"first","10":"instock","11":"shipping-taxable","12":"product-type-simple"},"_links":{"self":[{"href":"https:\/\/mountlaser.com\/de\/wp-json\/wp\/v2\/product\/3167","targetHints":{"allow":["GET"]}}],"collection":[{"href":"https:\/\/mountlaser.com\/de\/wp-json\/wp\/v2\/product"}],"about":[{"href":"https:\/\/mountlaser.com\/de\/wp-json\/wp\/v2\/types\/product"}],"replies":[{"embeddable":true,"href":"https:\/\/mountlaser.com\/de\/wp-json\/wp\/v2\/comments?post=3167"}],"wp:featuredmedia":[{"embeddable":true,"href":"https:\/\/mountlaser.com\/de\/wp-json\/wp\/v2\/media\/3168"}],"wp:attachment":[{"href":"https:\/\/mountlaser.com\/de\/wp-json\/wp\/v2\/media?parent=3167"}],"wp:term":[{"taxonomy":"product_brand","embeddable":true,"href":"https:\/\/mountlaser.com\/de\/wp-json\/wp\/v2\/product_brand?post=3167"},{"taxonomy":"product_cat","embeddable":true,"href":"https:\/\/mountlaser.com\/de\/wp-json\/wp\/v2\/product_cat?post=3167"},{"taxonomy":"product_tag","embeddable":true,"href":"https:\/\/mountlaser.com\/de\/wp-json\/wp\/v2\/product_tag?post=3167"}],"curies":[{"name":"wp","href":"https:\/\/api.w.org\/{rel}","templated":true}]}}