{"id":3112,"date":"2025-10-31T09:18:04","date_gmt":"2025-10-31T09:18:04","guid":{"rendered":"https:\/\/mountlaser.com\/?post_type=product&#038;p=3112"},"modified":"2025-11-28T03:26:02","modified_gmt":"2025-11-28T03:26:02","slug":"premium-t-series-rta10-aluminum-tripod","status":"publish","type":"product","link":"https:\/\/mountlaser.com\/de\/produkt\/premium-t-series-rta10-aluminum-tripod\/","title":{"rendered":"Premium T-Serie RTA10 Aluminium-Stativ"},"content":{"rendered":"<p>Der <a href=\"https:\/\/mountlaser.com\/de\/\"><strong>Premium T-Serie RTA10 Aluminium-Stativ<\/strong> <\/a>Dieses Stativ repr\u00e4sentiert die Spitze der Ingenieurskunst im Bereich der Vermessungsst\u00fctzsysteme und setzt neue Ma\u00dfst\u00e4be f\u00fcr Zuverl\u00e4ssigkeit und Leistung. Das au\u00dfergew\u00f6hnliche Aluminiumstativ mit flachem Kopf wurde mit h\u00f6chster Pr\u00e4zision gefertigt, um den anspruchsvollen Anforderungen professioneller Vermesser gerecht zu werden, die keine Kompromisse bei Stabilit\u00e4t und Genauigkeit eingehen k\u00f6nnen.<br \/>\nVerf\u00fcgt \u00fcber eine spezielle Flachkopfkonfiguration, die optimale Instrumentenstabilit\u00e4t und sicheren Halt gew\u00e4hrleistet.<br \/>\nAusgestattet mit einer standardm\u00e4\u00dfigen 5\/8\u2033-11 Aluminium-Jochschraube zur nahtlosen Integration mit automatischen Nivellierger\u00e4ten und Rotationslasern<\/p>\n<p><img fetchpriority=\"high\" decoding=\"async\" class=\"aligncenter wp-image-3115\" src=\"https:\/\/mountlaser.com\/wp-content\/uploads\/2025\/10\/RTA10-FCD3.webp\" alt=\"Flat Head Aluminum Tripod\" width=\"500\" height=\"500\" srcset=\"https:\/\/mountlaser.com\/wp-content\/uploads\/2025\/10\/RTA10-FCD3.webp 1000w, https:\/\/mountlaser.com\/wp-content\/uploads\/2025\/10\/RTA10-FCD3-300x300.webp 300w, https:\/\/mountlaser.com\/wp-content\/uploads\/2025\/10\/RTA10-FCD3-400x400.webp 400w, https:\/\/mountlaser.com\/wp-content\/uploads\/2025\/10\/RTA10-FCD3-800x800.webp 800w, https:\/\/mountlaser.com\/wp-content\/uploads\/2025\/10\/RTA10-FCD3-600x600.webp 600w, https:\/\/mountlaser.com\/wp-content\/uploads\/2025\/10\/RTA10-FCD3-150x150.webp 150w, https:\/\/mountlaser.com\/wp-content\/uploads\/2025\/10\/RTA10-FCD3-768x768.webp 768w, https:\/\/mountlaser.com\/wp-content\/uploads\/2025\/10\/RTA10-FCD3-12x12.webp 12w\" sizes=\"(max-width: 500px) 100vw, 500px\" \/><br \/>\nAls ausgekl\u00fcgeltes, selbstverriegelndes Aluminiumstativ verf\u00fcgt das RTA10 \u00fcber fortschrittliche Verriegelungsmechanismen, die eine absolut stabile Positionierung des Instruments w\u00e4hrend l\u00e4ngerer Messsitzungen gew\u00e4hrleisten.<br \/>\nDas innovative Design dieses <a href=\"https:\/\/mountlaser.com\/de\/products\/\"><strong>Flachkopf-Aluminiumstativ<\/strong> <\/a>Dieses Stativ bietet un\u00fcbertroffene Kompatibilit\u00e4t mit verschiedenen Vermessungsinstrumenten und gew\u00e4hrleistet gleichzeitig die von Au\u00dfendiensttechnikern ben\u00f6tigte Mobilit\u00e4t. Das selbstverriegelnde Aluminiumstativ wurde f\u00fcr Langlebigkeit und Benutzerfreundlichkeit entwickelt und unterstreicht Mountlasers Engagement f\u00fcr erstklassige Vermessungsl\u00f6sungen, die Produktivit\u00e4t und Messgenauigkeit in anspruchsvollen Arbeitsumgebungen verbessern.<\/p>\n<p><img decoding=\"async\" class=\"aligncenter wp-image-3118\" src=\"https:\/\/mountlaser.com\/wp-content\/uploads\/2025\/10\/RTA10-FCD6.webp\" alt=\"Flat Head Aluminum Tripod\" width=\"500\" height=\"500\" srcset=\"https:\/\/mountlaser.com\/wp-content\/uploads\/2025\/10\/RTA10-FCD6.webp 1000w, https:\/\/mountlaser.com\/wp-content\/uploads\/2025\/10\/RTA10-FCD6-300x300.webp 300w, https:\/\/mountlaser.com\/wp-content\/uploads\/2025\/10\/RTA10-FCD6-400x400.webp 400w, https:\/\/mountlaser.com\/wp-content\/uploads\/2025\/10\/RTA10-FCD6-800x800.webp 800w, https:\/\/mountlaser.com\/wp-content\/uploads\/2025\/10\/RTA10-FCD6-600x600.webp 600w, https:\/\/mountlaser.com\/wp-content\/uploads\/2025\/10\/RTA10-FCD6-150x150.webp 150w, https:\/\/mountlaser.com\/wp-content\/uploads\/2025\/10\/RTA10-FCD6-768x768.webp 768w, https:\/\/mountlaser.com\/wp-content\/uploads\/2025\/10\/RTA10-FCD6-12x12.webp 12w\" sizes=\"(max-width: 500px) 100vw, 500px\" \/><\/p>\n<p>&nbsp;<\/p>\n<p><strong><a href=\"https:\/\/mountlaser.com\/de\/contact-us\/\">Premium T-Serie RTA10 Aluminium-Stativ<\/a> Spezifikationen<\/strong><\/p>\n<table style=\"border-collapse: collapse; width: 622.52pt;\" border=\"0\" width=\"830\" cellspacing=\"0\" cellpadding=\"0\">\n<tbody>\n<tr style=\"height: 14.25pt;\">\n<td class=\"et2\" style=\"height: 14.25pt; width: 94.50pt;\" width=\"126\" height=\"19\">NUMMER<\/td>\n<td class=\"et2\" style=\"width: 97.50pt;\" width=\"130\">BEINE<\/td>\n<td class=\"et2\" style=\"width: 90.75pt;\" width=\"121\">KOPF<\/td>\n<td class=\"et2\" style=\"width: 100.50pt;\" width=\"134\">VERRIEGELUNGSTYP<\/td>\n<td class=\"et2\" style=\"width: 99.00pt;\" width=\"132\">HARDWARE<\/td>\n<td class=\"et2\" style=\"width: 86.25pt;\" width=\"115\">VERL\u00c4NGERUNG<\/td>\n<td class=\"et2\" style=\"width: 54.00pt;\" width=\"72\">NW<\/td>\n<\/tr>\n<tr style=\"height: 14.25pt;\">\n<td class=\"et2\" style=\"height: 14.25pt;\" height=\"19\">RTA10-FATYL<\/td>\n<td class=\"et2\">Aluminium<\/td>\n<td class=\"et2\">140 mm flach<\/td>\n<td class=\"et2\">Drehklemme<\/td>\n<td class=\"et2\">Gelb<\/td>\n<td class=\"et2\">170 cm<\/td>\n<td class=\"et2\">3,0 kg<\/td>\n<\/tr>\n<tr style=\"height: 14.25pt;\">\n<td class=\"et2\" style=\"height: 14.25pt;\" height=\"19\">RTA10-FADYL<\/td>\n<td class=\"et2\">Aluminium<\/td>\n<td class=\"et2\">140 mm flach<\/td>\n<td class=\"et2\">Doppelklemme<\/td>\n<td class=\"et2\">Gelb<\/td>\n<td class=\"et2\">165 cm<\/td>\n<td class=\"et2\">3,6 kg<\/td>\n<\/tr>\n<\/tbody>\n<\/table>","protected":false},"excerpt":{"rendered":"<p>\u2022 Konstruktion aus Flugzeugaluminium: Hergestellt aus einer hochfesten Aluminiumlegierung, die eine au\u00dfergew\u00f6hnliche Schlagfestigkeit bietet.<br \/>\n\u2022 Mehrere Klemmoptionen: Erh\u00e4ltlich mit Drehklemme, Schnellspannklemme oder Doppelklemmkonfiguration<br \/>\n\u2022 Anpassbare Spezifikationen: Auf Anfrage bieten wir individuelle Farben und H\u00f6hen an, um den spezifischen Projektanforderungen gerecht zu werden.<\/p>","protected":false},"featured_media":3117,"comment_status":"open","ping_status":"closed","template":"","meta":[],"product_brand":[],"product_cat":[91,111],"product_tag":[],"class_list":{"0":"post-3112","1":"product","2":"type-product","3":"status-publish","4":"has-post-thumbnail","6":"product_cat-bipod-tripod","7":"product_cat-aluminum-surveying-tripod","9":"first","10":"instock","11":"shipping-taxable","12":"product-type-simple"},"_links":{"self":[{"href":"https:\/\/mountlaser.com\/de\/wp-json\/wp\/v2\/product\/3112","targetHints":{"allow":["GET"]}}],"collection":[{"href":"https:\/\/mountlaser.com\/de\/wp-json\/wp\/v2\/product"}],"about":[{"href":"https:\/\/mountlaser.com\/de\/wp-json\/wp\/v2\/types\/product"}],"replies":[{"embeddable":true,"href":"https:\/\/mountlaser.com\/de\/wp-json\/wp\/v2\/comments?post=3112"}],"wp:featuredmedia":[{"embeddable":true,"href":"https:\/\/mountlaser.com\/de\/wp-json\/wp\/v2\/media\/3117"}],"wp:attachment":[{"href":"https:\/\/mountlaser.com\/de\/wp-json\/wp\/v2\/media?parent=3112"}],"wp:term":[{"taxonomy":"product_brand","embeddable":true,"href":"https:\/\/mountlaser.com\/de\/wp-json\/wp\/v2\/product_brand?post=3112"},{"taxonomy":"product_cat","embeddable":true,"href":"https:\/\/mountlaser.com\/de\/wp-json\/wp\/v2\/product_cat?post=3112"},{"taxonomy":"product_tag","embeddable":true,"href":"https:\/\/mountlaser.com\/de\/wp-json\/wp\/v2\/product_tag?post=3112"}],"curies":[{"name":"wp","href":"https:\/\/api.w.org\/{rel}","templated":true}]}}