{"id":3101,"date":"2025-10-31T08:52:31","date_gmt":"2025-10-31T08:52:31","guid":{"rendered":"https:\/\/mountlaser.com\/?post_type=product&#038;p=3101"},"modified":"2025-11-28T03:27:10","modified_gmt":"2025-11-28T03:27:10","slug":"rja10-aluminum-tripod","status":"publish","type":"product","link":"https:\/\/mountlaser.com\/de\/produkt\/rja10-aluminum-tripod\/","title":{"rendered":"RJA10 Aluminium-Stativ"},"content":{"rendered":"<p>Der<a href=\"https:\/\/mountlaser.com\/de\/\"> <strong>RJA10 Aluminium-Stativ<\/strong> <\/a>stellt die ideale L\u00f6sung dar in <a href=\"https:\/\/mountlaser.com\/de\/about-us\/\"><strong>leichtes Aluminiumstativ<\/strong> <\/a>Systeme, die speziell f\u00fcr Vermessungsfachleute entwickelt wurden, die eine zuverl\u00e4ssige Unterst\u00fctzung f\u00fcr ihre Pr\u00e4zisionsinstrumente ben\u00f6tigen.<\/p>\n<p>Dieses vielseitige Dreibeinstativ aus Aluminium ist in drei verschiedenen Ausf\u00fchrungen erh\u00e4ltlich, um den unterschiedlichen Anforderungen auf der Baustelle gerecht zu werden:<\/p>\n<figure id=\"attachment_3110\" aria-describedby=\"caption-attachment-3110\" style=\"width: 300px\" class=\"wp-caption aligncenter\"><img fetchpriority=\"high\" decoding=\"async\" class=\"wp-image-3110 size-medium\" src=\"https:\/\/mountlaser.com\/wp-content\/uploads\/2025\/10\/RJA10-FAT7-300x300.webp\" alt=\"Light-Duty Aluminum Tripod\" width=\"300\" height=\"300\" srcset=\"https:\/\/mountlaser.com\/wp-content\/uploads\/2025\/10\/RJA10-FAT7-300x300.webp 300w, https:\/\/mountlaser.com\/wp-content\/uploads\/2025\/10\/RJA10-FAT7-400x400.webp 400w, https:\/\/mountlaser.com\/wp-content\/uploads\/2025\/10\/RJA10-FAT7-800x800.webp 800w, https:\/\/mountlaser.com\/wp-content\/uploads\/2025\/10\/RJA10-FAT7-600x600.webp 600w, https:\/\/mountlaser.com\/wp-content\/uploads\/2025\/10\/RJA10-FAT7-150x150.webp 150w, https:\/\/mountlaser.com\/wp-content\/uploads\/2025\/10\/RJA10-FAT7-768x768.webp 768w, https:\/\/mountlaser.com\/wp-content\/uploads\/2025\/10\/RJA10-FAT7-12x12.webp 12w, https:\/\/mountlaser.com\/wp-content\/uploads\/2025\/10\/RJA10-FAT7.webp 1000w\" sizes=\"(max-width: 300px) 100vw, 300px\" \/><figcaption id=\"caption-attachment-3110\" class=\"wp-caption-text\">RJA10 Aluminium-Stativ mit Flachkopf<\/figcaption><\/figure>\n<p>&nbsp;<\/p>\n<p>Das RJA10 Aluminium-Stativ mit flachem Kopf, das RJA10 Aluminium-Stativ mit Kuppelkopf und das RJA10 Aluminium-Stativ mit gro\u00dfem runden Kopf.<\/p>\n<figure id=\"attachment_3109\" aria-describedby=\"caption-attachment-3109\" style=\"width: 300px\" class=\"wp-caption aligncenter\"><img decoding=\"async\" class=\"wp-image-3109 size-medium\" src=\"https:\/\/mountlaser.com\/wp-content\/uploads\/2025\/10\/RJA10-DAD8-300x300.webp\" alt=\"Light-Duty Aluminum Tripod\" width=\"300\" height=\"300\" srcset=\"https:\/\/mountlaser.com\/wp-content\/uploads\/2025\/10\/RJA10-DAD8-300x300.webp 300w, https:\/\/mountlaser.com\/wp-content\/uploads\/2025\/10\/RJA10-DAD8-400x400.webp 400w, https:\/\/mountlaser.com\/wp-content\/uploads\/2025\/10\/RJA10-DAD8-800x800.webp 800w, https:\/\/mountlaser.com\/wp-content\/uploads\/2025\/10\/RJA10-DAD8-600x600.webp 600w, https:\/\/mountlaser.com\/wp-content\/uploads\/2025\/10\/RJA10-DAD8-150x150.webp 150w, https:\/\/mountlaser.com\/wp-content\/uploads\/2025\/10\/RJA10-DAD8-768x768.webp 768w, https:\/\/mountlaser.com\/wp-content\/uploads\/2025\/10\/RJA10-DAD8-12x12.webp 12w, https:\/\/mountlaser.com\/wp-content\/uploads\/2025\/10\/RJA10-DAD8.webp 1000w\" sizes=\"(max-width: 300px) 100vw, 300px\" \/><figcaption id=\"caption-attachment-3109\" class=\"wp-caption-text\">Kuppelkopf RJA10 Aluminium-Stativ<\/figcaption><\/figure>\n<p>&nbsp;<\/p>\n<p>Im Rahmen unseres Engagements f\u00fcr flexible L\u00f6sungen bietet jedes RJA10 Leichtbau-Aluminiumstativ zwei Verriegelungsmechanismen zur Auswahl \u2013 die traditionelle Drehklemme f\u00fcr sicheren Halt und das innovative Doppelklemmsystem f\u00fcr schnelle Anpassungen und verbesserte Stabilit\u00e4t.<\/p>\n<figure id=\"attachment_3108\" aria-describedby=\"caption-attachment-3108\" style=\"width: 300px\" class=\"wp-caption aligncenter\"><img decoding=\"async\" class=\"wp-image-3108 size-medium\" src=\"https:\/\/mountlaser.com\/wp-content\/uploads\/2025\/10\/RJA10-BAT7-300x300.webp\" alt=\"Light-Duty Aluminum Tripod\" width=\"300\" height=\"300\" srcset=\"https:\/\/mountlaser.com\/wp-content\/uploads\/2025\/10\/RJA10-BAT7-300x300.webp 300w, https:\/\/mountlaser.com\/wp-content\/uploads\/2025\/10\/RJA10-BAT7-400x400.webp 400w, https:\/\/mountlaser.com\/wp-content\/uploads\/2025\/10\/RJA10-BAT7-800x800.webp 800w, https:\/\/mountlaser.com\/wp-content\/uploads\/2025\/10\/RJA10-BAT7-600x600.webp 600w, https:\/\/mountlaser.com\/wp-content\/uploads\/2025\/10\/RJA10-BAT7-150x150.webp 150w, https:\/\/mountlaser.com\/wp-content\/uploads\/2025\/10\/RJA10-BAT7-768x768.webp 768w, https:\/\/mountlaser.com\/wp-content\/uploads\/2025\/10\/RJA10-BAT7-12x12.webp 12w, https:\/\/mountlaser.com\/wp-content\/uploads\/2025\/10\/RJA10-BAT7.webp 1000w\" sizes=\"(max-width: 300px) 100vw, 300px\" \/><figcaption id=\"caption-attachment-3108\" class=\"wp-caption-text\">RJA10 Aluminium-Stativ mit gro\u00dfem runden Kopf<\/figcaption><\/figure>\n<p>Dieses Stativ aus Aluminiumkonstruktion wurde mit Fokus auf Leistung und Benutzerfreundlichkeit entwickelt und ist somit ein unverzichtbares Werkzeug f\u00fcr jedes Vermessungsprojekt.<\/p>\n<p><strong><a href=\"https:\/\/mountlaser.com\/de\/products\/\">RJA10 Aluminium-Stativ<\/a> Spezifikationen:<\/strong><\/p>\n<table style=\"border-collapse: collapse; width: 622.52pt;\" border=\"0\" width=\"830\" cellspacing=\"0\" cellpadding=\"0\">\n<tbody>\n<tr style=\"height: 14.25pt;\">\n<td class=\"et2\" style=\"height: 14.25pt; width: 94.50pt;\" width=\"126\" height=\"19\">NUMMER<\/td>\n<td class=\"et2\" style=\"width: 97.50pt;\" width=\"130\">BEINE<\/td>\n<td class=\"et2\" style=\"width: 90.75pt;\" width=\"121\">KOPF<\/td>\n<td class=\"et2\" style=\"width: 100.50pt;\" width=\"134\">VERRIEGELUNGSTYP<\/td>\n<td class=\"et2\" style=\"width: 99.00pt;\" width=\"132\">HARDWARE<\/td>\n<td class=\"et2\" style=\"width: 86.25pt;\" width=\"115\">VERL\u00c4NGERUNG<\/td>\n<td class=\"et2\" style=\"width: 54.00pt;\" width=\"72\">NW<\/td>\n<\/tr>\n<tr style=\"height: 14.25pt;\">\n<td class=\"et2\" style=\"height: 14.25pt;\" height=\"19\">RJA10-FATOR<\/td>\n<td class=\"et2\">Aluminium<\/td>\n<td class=\"et2\">126 mm flach<\/td>\n<td class=\"et2\">Drehklemme<\/td>\n<td class=\"et2\">Orange<\/td>\n<td class=\"et2\">160 cm<\/td>\n<td class=\"et2\">2,7 kg<\/td>\n<\/tr>\n<tr style=\"height: 14.25pt;\">\n<td class=\"et2\" style=\"height: 14.25pt;\" height=\"19\">RJA10-FADOR<\/td>\n<td class=\"et2\">Aluminium<\/td>\n<td class=\"et2\">126 mm flach<\/td>\n<td class=\"et2\">Doppelklemme<\/td>\n<td class=\"et2\">Orange<\/td>\n<td class=\"et2\">150 cm<\/td>\n<td class=\"et2\">3,3 kg<\/td>\n<\/tr>\n<\/tbody>\n<\/table>","protected":false},"excerpt":{"rendered":"<p>\u2022 Universelle Kompatibilit\u00e4t: Ausgestattet mit einer 5\/8\u2033-11 Aluminium-Jochschraube, die die Kompatibilit\u00e4t mit automatischen Nivellierger\u00e4ten, Rotationslasern und anderen Vermessungsger\u00e4ten gew\u00e4hrleistet.<br \/>\n\u2022 Erh\u00f6hte Langlebigkeit: Hervorragende Schlagfestigkeit gew\u00e4hrleistet langfristige Zuverl\u00e4ssigkeit unter Feldbedingungen.<br \/>\n\u2022 Optimale Gewichtsverteilung: Das moderate Gewicht erm\u00f6glicht einen einfachen Transport und gew\u00e4hrleistet gleichzeitig Stabilit\u00e4t w\u00e4hrend der Benutzung.<\/p>","protected":false},"featured_media":3102,"comment_status":"open","ping_status":"closed","template":"","meta":[],"product_brand":[],"product_cat":[91,111],"product_tag":[],"class_list":{"0":"post-3101","1":"product","2":"type-product","3":"status-publish","4":"has-post-thumbnail","6":"product_cat-bipod-tripod","7":"product_cat-aluminum-surveying-tripod","9":"first","10":"instock","11":"shipping-taxable","12":"product-type-simple"},"_links":{"self":[{"href":"https:\/\/mountlaser.com\/de\/wp-json\/wp\/v2\/product\/3101","targetHints":{"allow":["GET"]}}],"collection":[{"href":"https:\/\/mountlaser.com\/de\/wp-json\/wp\/v2\/product"}],"about":[{"href":"https:\/\/mountlaser.com\/de\/wp-json\/wp\/v2\/types\/product"}],"replies":[{"embeddable":true,"href":"https:\/\/mountlaser.com\/de\/wp-json\/wp\/v2\/comments?post=3101"}],"wp:featuredmedia":[{"embeddable":true,"href":"https:\/\/mountlaser.com\/de\/wp-json\/wp\/v2\/media\/3102"}],"wp:attachment":[{"href":"https:\/\/mountlaser.com\/de\/wp-json\/wp\/v2\/media?parent=3101"}],"wp:term":[{"taxonomy":"product_brand","embeddable":true,"href":"https:\/\/mountlaser.com\/de\/wp-json\/wp\/v2\/product_brand?post=3101"},{"taxonomy":"product_cat","embeddable":true,"href":"https:\/\/mountlaser.com\/de\/wp-json\/wp\/v2\/product_cat?post=3101"},{"taxonomy":"product_tag","embeddable":true,"href":"https:\/\/mountlaser.com\/de\/wp-json\/wp\/v2\/product_tag?post=3101"}],"curies":[{"name":"wp","href":"https:\/\/api.w.org\/{rel}","templated":true}]}}