{"id":3077,"date":"2025-10-31T07:29:54","date_gmt":"2025-10-31T07:29:54","guid":{"rendered":"https:\/\/mountlaser.com\/?post_type=product&#038;p=3077"},"modified":"2025-11-28T03:29:48","modified_gmt":"2025-11-28T03:29:48","slug":"rt104-reflective-target","status":"publish","type":"product","link":"https:\/\/mountlaser.com\/de\/produkt\/rt104-reflective-target\/","title":{"rendered":"RT104 Reflektierendes Ziel"},"content":{"rendered":"<p>RT104 Reflektierende Zielscheibe \u2013 Pr\u00e4zisions-Zielscheibe aus Aluminium f\u00fcr Totalstationen<\/p>\n<p>Der <a href=\"https:\/\/mountlaser.com\/de\/\"><strong>RT104 Reflektierendes Ziel<\/strong><\/a> Die Totalstation-Zielscheibe von Mount Laser ist eine professionelle Messscheibe f\u00fcr hochpr\u00e4zise Lasermessungen, Ausrichtungen und Vermessungsanwendungen. Dank des hochwertigen 3M-Reflexmaterials gew\u00e4hrleistet sie hervorragende Reflektivit\u00e4t und zuverl\u00e4ssige Signalr\u00fcckmeldung selbst bei schwierigen Lichtverh\u00e4ltnissen oder gro\u00dfen Entfernungen.<\/p>\n<p>Hergestellt aus robustem Aluminium, <a href=\"https:\/\/mountlaser.com\/de\/products\/\"><strong>Zielscheibe der Totalstation<\/strong> <\/a>Es bietet hervorragende Stabilit\u00e4t und Sto\u00dffestigkeit und ist daher ideal f\u00fcr den Feldeinsatz geeignet. Die 60 \u00d7 60 mm gro\u00dfe reflektierende Oberfl\u00e4che dient als klarer, gut sichtbarer Referenzpunkt, w\u00e4hrend das 5\/8\u2033-11-Gewinde die einfache Montage an Stativen, Stangen oder anderer Standardausr\u00fcstung erm\u00f6glicht.<\/p>\n<p>Als zuverl\u00e4ssiges Tachymeter-Zielblatt verbessert dieses Modell die Pr\u00e4zision und Wiederholgenauigkeit von Messungen und gew\u00e4hrleistet so konsistente Ergebnisse f\u00fcr Ingenieure und Vermesser. Ob im Bauwesen, bei der Trassierung in der Industrie oder bei geod\u00e4tischen Vermessungen \u2013 das RT104 bietet dauerhafte Leistung und au\u00dfergew\u00f6hnliche Genauigkeit.<\/p>\n<p><img fetchpriority=\"high\" decoding=\"async\" class=\"aligncenter wp-image-3082\" src=\"https:\/\/mountlaser.com\/wp-content\/uploads\/2025\/10\/1-5RT1044.webp\" alt=\"RT104 Reflective target\" width=\"500\" height=\"500\" srcset=\"https:\/\/mountlaser.com\/wp-content\/uploads\/2025\/10\/1-5RT1044.webp 1000w, https:\/\/mountlaser.com\/wp-content\/uploads\/2025\/10\/1-5RT1044-300x300.webp 300w, https:\/\/mountlaser.com\/wp-content\/uploads\/2025\/10\/1-5RT1044-400x400.webp 400w, https:\/\/mountlaser.com\/wp-content\/uploads\/2025\/10\/1-5RT1044-800x800.webp 800w, https:\/\/mountlaser.com\/wp-content\/uploads\/2025\/10\/1-5RT1044-600x600.webp 600w, https:\/\/mountlaser.com\/wp-content\/uploads\/2025\/10\/1-5RT1044-150x150.webp 150w, https:\/\/mountlaser.com\/wp-content\/uploads\/2025\/10\/1-5RT1044-768x768.webp 768w, https:\/\/mountlaser.com\/wp-content\/uploads\/2025\/10\/1-5RT1044-12x12.webp 12w\" sizes=\"(max-width: 500px) 100vw, 500px\" \/><\/p>\n<p>Montiert Laser <a href=\"https:\/\/mountlaser.com\/de\/contact-us\/\">RT104 Reflektierendes Ziel<\/a> Die Zielscheibe f\u00fcr Totalstationen vereint die reflektierende 3M-Folie mit einer robusten Aluminiumkonstruktion und ist somit eine zuverl\u00e4ssige Wahl f\u00fcr Profis, die bei jeder Messung Wert auf h\u00f6chste Genauigkeit legen. Sie zeichnet sich durch Pr\u00e4zision, Stabilit\u00e4t und lange Lebensdauer aus und ist daher die ideale L\u00f6sung.<\/p>","protected":false},"excerpt":{"rendered":"<ul>\n<li>Hochpr\u00e4zises RT104-Reflexionsziel f\u00fcr Totalstationssysteme<\/li>\n<li>Kompatibel mit Stativen und Stangen<\/li>\n<li>Ideale Zielscheibe f\u00fcr Totalstationen bei Vermessungs- und Ausrichtungsarbeiten<\/li>\n<\/ul>","protected":false},"featured_media":3079,"comment_status":"open","ping_status":"closed","template":"","meta":[],"product_brand":[],"product_cat":[104,72],"product_tag":[],"class_list":{"0":"post-3077","1":"product","2":"type-product","3":"status-publish","4":"has-post-thumbnail","6":"product_cat-reflective-target","7":"product_cat-reflective-target-prism","9":"first","10":"instock","11":"shipping-taxable","12":"product-type-simple"},"_links":{"self":[{"href":"https:\/\/mountlaser.com\/de\/wp-json\/wp\/v2\/product\/3077","targetHints":{"allow":["GET"]}}],"collection":[{"href":"https:\/\/mountlaser.com\/de\/wp-json\/wp\/v2\/product"}],"about":[{"href":"https:\/\/mountlaser.com\/de\/wp-json\/wp\/v2\/types\/product"}],"replies":[{"embeddable":true,"href":"https:\/\/mountlaser.com\/de\/wp-json\/wp\/v2\/comments?post=3077"}],"wp:featuredmedia":[{"embeddable":true,"href":"https:\/\/mountlaser.com\/de\/wp-json\/wp\/v2\/media\/3079"}],"wp:attachment":[{"href":"https:\/\/mountlaser.com\/de\/wp-json\/wp\/v2\/media?parent=3077"}],"wp:term":[{"taxonomy":"product_brand","embeddable":true,"href":"https:\/\/mountlaser.com\/de\/wp-json\/wp\/v2\/product_brand?post=3077"},{"taxonomy":"product_cat","embeddable":true,"href":"https:\/\/mountlaser.com\/de\/wp-json\/wp\/v2\/product_cat?post=3077"},{"taxonomy":"product_tag","embeddable":true,"href":"https:\/\/mountlaser.com\/de\/wp-json\/wp\/v2\/product_tag?post=3077"}],"curies":[{"name":"wp","href":"https:\/\/api.w.org\/{rel}","templated":true}]}}