{"id":3042,"date":"2025-10-31T05:17:25","date_gmt":"2025-10-31T05:17:25","guid":{"rendered":"https:\/\/mountlaser.com\/?post_type=product&#038;p=3042"},"modified":"2025-11-28T04:49:09","modified_gmt":"2025-11-28T04:49:09","slug":"rt-reflective-target","status":"publish","type":"product","link":"https:\/\/mountlaser.com\/de\/produkt\/rt-reflective-target\/","title":{"rendered":"RT101 Reflektierendes Ziel"},"content":{"rendered":"<p>RT101 RT Reflektierende Zielscheibe \u2013 Pr\u00e4zision trifft auf Langlebigkeit<\/p>\n<p>Der RT101 <a href=\"https:\/\/mountlaser.com\/de\/\"><strong>RT-Reflexionszielserie<\/strong><\/a> Die Laser von Mount Laser wurden f\u00fcr Profis entwickelt, die bei der Laserausrichtung und -messung h\u00f6chste Pr\u00e4zision, Stabilit\u00e4t und Zuverl\u00e4ssigkeit ben\u00f6tigen. Sie sind aus hochwertigen Materialien gefertigt. <a href=\"https:\/\/mountlaser.com\/de\/products\/\"><strong>3M reflektierendes Ziel<\/strong><\/a> Dank des verwendeten Materials und des hochfesten Nylonk\u00f6rpers bietet die RT101 au\u00dfergew\u00f6hnliche Reflektivit\u00e4t und eine lange Lebensdauer im Einsatz.<\/p>\n<p>Die Serie umfasst drei Modelle, die auf unterschiedliche Arbeitsanforderungen zugeschnitten sind:<\/p>\n<p>RT101S \u2013 Einseitiges Design, 30\u00d730 mm reflektierende Fl\u00e4che, kompakt und leicht.<\/p>\n<p>RT101D \u2013 Doppelseitiges Modell f\u00fcr mehr Flexibilit\u00e4t und einen gr\u00f6\u00dferen Reflexionsbereich.<\/p>\n<p>RT101SD \u2013 Doppelseitige Konfiguration mit verbesserter Struktur f\u00fcr \u00fcberlegene Haltbarkeit und Pr\u00e4zision.<\/p>\n<p>Jedes RT-Reflexionsziel hat eine Hauptk\u00f6rpergr\u00f6\u00dfe von 100 \u00d7 35 \u00d7 30 mm und bietet eine robuste, sto\u00dffeste Struktur, die auch rauen Umgebungsbedingungen standh\u00e4lt. Das 3M-Reflexionsmaterial gew\u00e4hrleistet hohe Sichtbarkeit und pr\u00e4zise Lasersignalr\u00fcckmeldung selbst \u00fcber gro\u00dfe Entfernungen und ist somit ideal f\u00fcr Anwendungen im Bauwesen, in der Vermessung und bei industriellen Kalibrierungen.<\/p>\n<p><img fetchpriority=\"high\" decoding=\"async\" class=\"aligncenter wp-image-3050\" src=\"https:\/\/mountlaser.com\/wp-content\/uploads\/2025\/10\/1-2RT1017.webp\" alt=\"RT101S Laser reflective target\" width=\"500\" height=\"500\" srcset=\"https:\/\/mountlaser.com\/wp-content\/uploads\/2025\/10\/1-2RT1017.webp 1000w, https:\/\/mountlaser.com\/wp-content\/uploads\/2025\/10\/1-2RT1017-300x300.webp 300w, https:\/\/mountlaser.com\/wp-content\/uploads\/2025\/10\/1-2RT1017-400x400.webp 400w, https:\/\/mountlaser.com\/wp-content\/uploads\/2025\/10\/1-2RT1017-800x800.webp 800w, https:\/\/mountlaser.com\/wp-content\/uploads\/2025\/10\/1-2RT1017-600x600.webp 600w, https:\/\/mountlaser.com\/wp-content\/uploads\/2025\/10\/1-2RT1017-150x150.webp 150w, https:\/\/mountlaser.com\/wp-content\/uploads\/2025\/10\/1-2RT1017-768x768.webp 768w, https:\/\/mountlaser.com\/wp-content\/uploads\/2025\/10\/1-2RT1017-12x12.webp 12w\" sizes=\"(max-width: 500px) 100vw, 500px\" \/>Montiert Laser<a href=\"https:\/\/mountlaser.com\/de\/contact-us\/\"> RT101 RT Reflektierendes Ziel<\/a> Die Kombination aus 3M-Reflexionstechnologie und robuster Nylonkonstruktion sorgt f\u00fcr stabile, gut sichtbare Reflexionen bei professionellen Messaufgaben. Eine ideale L\u00f6sung f\u00fcr Ingenieure und Vermesser, die Wert auf zuverl\u00e4ssige Genauigkeit und Langlebigkeit legen.<\/p>","protected":false},"excerpt":{"rendered":"<ul>\n<li>Original 3M-Reflexionsmaterial f\u00fcr eine gleichm\u00e4\u00dfige Laserreflexion<\/li>\n<li>Erh\u00e4ltlich als ein- oder doppelseitiges Modell (RT101S, RT101D, RT101SD)<\/li>\n<li>Hochfestes Nylongewebe f\u00fcr hervorragende Haltbarkeit<\/li>\n<li>Zuverl\u00e4ssige Leistung unter verschiedenen Messbedingungen<\/li>\n<\/ul>","protected":false},"featured_media":3046,"comment_status":"open","ping_status":"closed","template":"","meta":[],"product_brand":[],"product_cat":[72,104],"product_tag":[],"class_list":{"0":"post-3042","1":"product","2":"type-product","3":"status-publish","4":"has-post-thumbnail","6":"product_cat-reflective-target-prism","7":"product_cat-reflective-target","9":"first","10":"instock","11":"shipping-taxable","12":"product-type-simple"},"_links":{"self":[{"href":"https:\/\/mountlaser.com\/de\/wp-json\/wp\/v2\/product\/3042","targetHints":{"allow":["GET"]}}],"collection":[{"href":"https:\/\/mountlaser.com\/de\/wp-json\/wp\/v2\/product"}],"about":[{"href":"https:\/\/mountlaser.com\/de\/wp-json\/wp\/v2\/types\/product"}],"replies":[{"embeddable":true,"href":"https:\/\/mountlaser.com\/de\/wp-json\/wp\/v2\/comments?post=3042"}],"wp:featuredmedia":[{"embeddable":true,"href":"https:\/\/mountlaser.com\/de\/wp-json\/wp\/v2\/media\/3046"}],"wp:attachment":[{"href":"https:\/\/mountlaser.com\/de\/wp-json\/wp\/v2\/media?parent=3042"}],"wp:term":[{"taxonomy":"product_brand","embeddable":true,"href":"https:\/\/mountlaser.com\/de\/wp-json\/wp\/v2\/product_brand?post=3042"},{"taxonomy":"product_cat","embeddable":true,"href":"https:\/\/mountlaser.com\/de\/wp-json\/wp\/v2\/product_cat?post=3042"},{"taxonomy":"product_tag","embeddable":true,"href":"https:\/\/mountlaser.com\/de\/wp-json\/wp\/v2\/product_tag?post=3042"}],"curies":[{"name":"wp","href":"https:\/\/api.w.org\/{rel}","templated":true}]}}