{"id":3038,"date":"2025-10-31T01:59:59","date_gmt":"2025-10-31T01:59:59","guid":{"rendered":"https:\/\/mountlaser.com\/?post_type=product&#038;p=3038"},"modified":"2025-11-28T04:51:00","modified_gmt":"2025-11-28T04:51:00","slug":"rt010m-reflective-sheet","status":"publish","type":"product","link":"https:\/\/mountlaser.com\/de\/produkt\/rt010m-reflective-sheet\/","title":{"rendered":"RT010M Reflektierende Folie"},"content":{"rendered":"<p>RT010M Hochsichtbare Reflexfolie \u2013 Pr\u00e4zisionsziel f\u00fcr professionelle Messungen<\/p>\n<p>Der RT010M <a href=\"https:\/\/mountlaser.com\/de\/\"><strong>Reflektierende Folie<\/strong><\/a> Das von Mount Laser entwickelte System liefert herausragende Reflexionsleistung und Genauigkeit f\u00fcr Laser- und Vermessungssysteme. Es verwendet authentische <a href=\"https:\/\/mountlaser.com\/de\/products\/\"><strong>3M-Reflexfolie<\/strong><\/a> Dank des verwendeten Materials gew\u00e4hrleistet dieses Produkt auch auf gro\u00dfe Entfernungen oder bei schwachen Lichtverh\u00e4ltnissen eine gleichbleibende Sichtbarkeit.<\/p>\n<p>Diese hochsichtbare Reflexfolie zeichnet sich durch ein kompaktes 10\u00d710-mm-Zielformat und eine starke magnetische Haftung aus, wodurch sie fest auf metallischen Oberfl\u00e4chen haftet und so f\u00fcr stabile Messergebnisse sorgt. Sie ist in verschiedenen Gr\u00f6\u00dfen (20\/30\/40\/50\/60\/80\/100\/150 mm) erh\u00e4ltlich und passt somit zu diversen Lasermess- und Ausrichtungsger\u00e4ten.<\/p>\n<p><img fetchpriority=\"high\" decoding=\"async\" class=\"aligncenter wp-image-3039\" src=\"https:\/\/mountlaser.com\/wp-content\/uploads\/2025\/10\/05.webp\" alt=\"High Visibility Reflective Sheet\" width=\"500\" height=\"500\" srcset=\"https:\/\/mountlaser.com\/wp-content\/uploads\/2025\/10\/05.webp 1000w, https:\/\/mountlaser.com\/wp-content\/uploads\/2025\/10\/05-300x300.webp 300w, https:\/\/mountlaser.com\/wp-content\/uploads\/2025\/10\/05-400x400.webp 400w, https:\/\/mountlaser.com\/wp-content\/uploads\/2025\/10\/05-800x800.webp 800w, https:\/\/mountlaser.com\/wp-content\/uploads\/2025\/10\/05-600x600.webp 600w, https:\/\/mountlaser.com\/wp-content\/uploads\/2025\/10\/05-150x150.webp 150w, https:\/\/mountlaser.com\/wp-content\/uploads\/2025\/10\/05-768x768.webp 768w, https:\/\/mountlaser.com\/wp-content\/uploads\/2025\/10\/05-12x12.webp 12w\" sizes=\"(max-width: 500px) 100vw, 500px\" \/><\/p>\n<p>Der graue <a href=\"https:\/\/mountlaser.com\/de\/contact-us\/\">3M-Reflexfolie<\/a> Die Oberfl\u00e4che bietet eine hervorragende Lichtr\u00fcckgabe und verbessert so die Signalst\u00e4rke und Messgenauigkeit. Ob im Bauwesen, bei der industriellen Ausrichtung oder bei der Ger\u00e4tekalibrierung \u2013 die hochsichtbare Reflexfolie bietet professionelle Pr\u00e4zision und lange Haltbarkeit.<\/p>","protected":false},"excerpt":{"rendered":"<ul>\n<li>Magnetische Verbindung f\u00fcr einfache Installation und sicheren Halt<\/li>\n<li>Mehrere Gr\u00f6\u00dfenoptionen f\u00fcr vielseitige Anwendungen<\/li>\n<li>Zuverl\u00e4ssige Reflektivit\u00e4t f\u00fcr Lasermessungen im Nah- und Fernbereich<\/li>\n<\/ul>","protected":false},"featured_media":3039,"comment_status":"open","ping_status":"closed","template":"","meta":[],"product_brand":[],"product_cat":[72,104],"product_tag":[],"class_list":{"0":"post-3038","1":"product","2":"type-product","3":"status-publish","4":"has-post-thumbnail","6":"product_cat-reflective-target-prism","7":"product_cat-reflective-target","9":"first","10":"instock","11":"shipping-taxable","12":"product-type-simple"},"_links":{"self":[{"href":"https:\/\/mountlaser.com\/de\/wp-json\/wp\/v2\/product\/3038","targetHints":{"allow":["GET"]}}],"collection":[{"href":"https:\/\/mountlaser.com\/de\/wp-json\/wp\/v2\/product"}],"about":[{"href":"https:\/\/mountlaser.com\/de\/wp-json\/wp\/v2\/types\/product"}],"replies":[{"embeddable":true,"href":"https:\/\/mountlaser.com\/de\/wp-json\/wp\/v2\/comments?post=3038"}],"wp:featuredmedia":[{"embeddable":true,"href":"https:\/\/mountlaser.com\/de\/wp-json\/wp\/v2\/media\/3039"}],"wp:attachment":[{"href":"https:\/\/mountlaser.com\/de\/wp-json\/wp\/v2\/media?parent=3038"}],"wp:term":[{"taxonomy":"product_brand","embeddable":true,"href":"https:\/\/mountlaser.com\/de\/wp-json\/wp\/v2\/product_brand?post=3038"},{"taxonomy":"product_cat","embeddable":true,"href":"https:\/\/mountlaser.com\/de\/wp-json\/wp\/v2\/product_cat?post=3038"},{"taxonomy":"product_tag","embeddable":true,"href":"https:\/\/mountlaser.com\/de\/wp-json\/wp\/v2\/product_tag?post=3038"}],"curies":[{"name":"wp","href":"https:\/\/api.w.org\/{rel}","templated":true}]}}