{"id":3032,"date":"2025-10-30T09:13:49","date_gmt":"2025-10-30T09:13:49","guid":{"rendered":"https:\/\/mountlaser.com\/?post_type=product&#038;p=3032"},"modified":"2025-11-28T04:52:13","modified_gmt":"2025-11-28T04:52:13","slug":"rt010-reflective-sheet","status":"publish","type":"product","link":"https:\/\/mountlaser.com\/de\/produkt\/rt010-reflective-sheet\/","title":{"rendered":"RT010 Reflexionsblatt"},"content":{"rendered":"<p>Mit dem MountLaser stellen Sie sicher, dass Ihre Vermessungsziele mit maximaler Klarheit und Pr\u00e4zision sichtbar sind. <a href=\"https:\/\/mountlaser.com\/de\/\"><strong>RT010 Reflexionsblatt<\/strong><\/a>. Diese Hochleistungsfolie wurde f\u00fcr Profis entwickelt, die kompromisslose Sicht ben\u00f6tigen, und verwendet echtes <a href=\"https:\/\/mountlaser.com\/de\/products\/\"><strong>3M-Reflexfolie<\/strong><\/a> Das Material ist branchenf\u00fchrend in der retroreflektierenden Technologie. Die RT010-Reflexfolie ist in gut sichtbarem Gelb und Standardwei\u00df erh\u00e4ltlich und bietet eine hervorragende Signalr\u00fcckgabe f\u00fcr eine Vielzahl elektronischer Messger\u00e4te. Damit ist sie eine unverzichtbare, gut sichtbare Reflexfolie f\u00fcr alle Ihre Feldarbeiten.<\/p>\n<p><img fetchpriority=\"high\" decoding=\"async\" class=\"aligncenter wp-image-3035\" src=\"https:\/\/mountlaser.com\/wp-content\/uploads\/2025\/10\/03.webp\" alt=\"3m reflective sheet\" width=\"500\" height=\"500\" srcset=\"https:\/\/mountlaser.com\/wp-content\/uploads\/2025\/10\/03.webp 1000w, https:\/\/mountlaser.com\/wp-content\/uploads\/2025\/10\/03-300x300.webp 300w, https:\/\/mountlaser.com\/wp-content\/uploads\/2025\/10\/03-400x400.webp 400w, https:\/\/mountlaser.com\/wp-content\/uploads\/2025\/10\/03-800x800.webp 800w, https:\/\/mountlaser.com\/wp-content\/uploads\/2025\/10\/03-600x600.webp 600w, https:\/\/mountlaser.com\/wp-content\/uploads\/2025\/10\/03-150x150.webp 150w, https:\/\/mountlaser.com\/wp-content\/uploads\/2025\/10\/03-768x768.webp 768w, https:\/\/mountlaser.com\/wp-content\/uploads\/2025\/10\/03-12x12.webp 12w\" sizes=\"(max-width: 500px) 100vw, 500px\" \/><\/p>\n<p>Das Herzst\u00fcck der Leistungsf\u00e4higkeit dieses Produkts ist seine Premiumqualit\u00e4t. <a href=\"https:\/\/mountlaser.com\/de\/contact-us\/\">3M-Reflexfolie<\/a> Die Beschichtung sorgt f\u00fcr intensive Leuchtkraft und hohe Sichtbarkeit auch bei schwachem Licht. So lassen sich Prismen und Zielmarken problemlos von Totalstationen und Laserscannern erfassen, was die Effizienz und Genauigkeit auf der Baustelle deutlich erh\u00f6ht. Die vielseitige, hochsichtbare Reflexfolie RT010 verf\u00fcgt \u00fcber eine starke Kleber\u00fcckseite f\u00fcr eine schnelle und dauerhafte Anbringung auf verschiedenen sauberen und trockenen Oberfl\u00e4chen. Die Standardgr\u00f6\u00dfe betr\u00e4gt 10 x 10 mm, wir bieten jedoch maximale Flexibilit\u00e4t mit einer breiten Palette optionaler Gr\u00f6\u00dfen von 20\/30\/40\/50\/60\/80\/100\/150 mm. So finden Sie garantiert die passende 3M Reflexfolie f\u00fcr jede Anwendung.<\/p>","protected":false},"excerpt":{"rendered":"<ul>\n<li>Bietet intensive Helligkeit und hervorragende Sichtbarkeit auf gro\u00dfe Entfernungen f\u00fcr Vermessungsinstrumente.<\/li>\n<li>Erh\u00e4ltlich in gut sichtbarem Gelb und Standardwei\u00df f\u00fcr unterschiedliche Anwendungsbereiche und Hintergr\u00fcnde.<\/li>\n<li>Verbesserte Effizienz bei Vermessungsarbeiten: Verbessert die Geschwindigkeit und Genauigkeit der Instrumentenerfassung und reduziert so den Zeitaufwand f\u00fcr die Zielerfassung.<\/li>\n<\/ul>","protected":false},"featured_media":3033,"comment_status":"open","ping_status":"closed","template":"","meta":[],"product_brand":[],"product_cat":[72,104],"product_tag":[],"class_list":{"0":"post-3032","1":"product","2":"type-product","3":"status-publish","4":"has-post-thumbnail","6":"product_cat-reflective-target-prism","7":"product_cat-reflective-target","9":"first","10":"instock","11":"shipping-taxable","12":"product-type-simple"},"_links":{"self":[{"href":"https:\/\/mountlaser.com\/de\/wp-json\/wp\/v2\/product\/3032","targetHints":{"allow":["GET"]}}],"collection":[{"href":"https:\/\/mountlaser.com\/de\/wp-json\/wp\/v2\/product"}],"about":[{"href":"https:\/\/mountlaser.com\/de\/wp-json\/wp\/v2\/types\/product"}],"replies":[{"embeddable":true,"href":"https:\/\/mountlaser.com\/de\/wp-json\/wp\/v2\/comments?post=3032"}],"wp:featuredmedia":[{"embeddable":true,"href":"https:\/\/mountlaser.com\/de\/wp-json\/wp\/v2\/media\/3033"}],"wp:attachment":[{"href":"https:\/\/mountlaser.com\/de\/wp-json\/wp\/v2\/media?parent=3032"}],"wp:term":[{"taxonomy":"product_brand","embeddable":true,"href":"https:\/\/mountlaser.com\/de\/wp-json\/wp\/v2\/product_brand?post=3032"},{"taxonomy":"product_cat","embeddable":true,"href":"https:\/\/mountlaser.com\/de\/wp-json\/wp\/v2\/product_cat?post=3032"},{"taxonomy":"product_tag","embeddable":true,"href":"https:\/\/mountlaser.com\/de\/wp-json\/wp\/v2\/product_tag?post=3032"}],"curies":[{"name":"wp","href":"https:\/\/api.w.org\/{rel}","templated":true}]}}