{"id":3014,"date":"2025-10-29T09:13:37","date_gmt":"2025-10-29T09:13:37","guid":{"rendered":"https:\/\/mountlaser.com\/?post_type=product&#038;p=3014"},"modified":"2025-11-28T04:54:52","modified_gmt":"2025-11-28T04:54:52","slug":"cls33c-carbon-fiber-thumb-release-tripod","status":"publish","type":"product","link":"https:\/\/mountlaser.com\/de\/produkt\/cls33c-carbon-fiber-thumb-release-tripod\/","title":{"rendered":"CLS33C Stativ aus Kohlefaser mit Daumenverschluss"},"content":{"rendered":"<p><a href=\"https:\/\/mountlaser.com\/de\/\"><strong>CLS33C Stativ aus Kohlefaser mit Daumenverschluss<\/strong><\/a> Von Mount Laser. Dieses fortschrittliche Carbonfaser-Stativ mit Daumenentriegelung wurde f\u00fcr moderne Vermesser in anspruchsvollem Gel\u00e4nde entwickelt und setzt neue Ma\u00dfst\u00e4be in Sachen Mobilit\u00e4t ohne Kompromisse bei der Stabilit\u00e4t. Es ist die optimale St\u00fctzl\u00f6sung f\u00fcr Ihre Prismenstange und bietet eine deutliche Gewichtsreduzierung gegen\u00fcber herk\u00f6mmlichen Aluminiummodellen. So l\u00e4sst es sich auch auf langen Schichten problemlos tragen, ohne dass Sie an Pr\u00e4zision einb\u00fc\u00dfen.<\/p>\n<p>&nbsp;<\/p>\n<p><img fetchpriority=\"high\" decoding=\"async\" class=\"aligncenter wp-image-3019\" src=\"https:\/\/mountlaser.com\/wp-content\/uploads\/2025\/10\/CLS33C-5.webp\" alt=\"Carbon Fiber Tripod with Thumb Release\" width=\"500\" height=\"500\" srcset=\"https:\/\/mountlaser.com\/wp-content\/uploads\/2025\/10\/CLS33C-5.webp 1000w, https:\/\/mountlaser.com\/wp-content\/uploads\/2025\/10\/CLS33C-5-300x300.webp 300w, https:\/\/mountlaser.com\/wp-content\/uploads\/2025\/10\/CLS33C-5-400x400.webp 400w, https:\/\/mountlaser.com\/wp-content\/uploads\/2025\/10\/CLS33C-5-800x800.webp 800w, https:\/\/mountlaser.com\/wp-content\/uploads\/2025\/10\/CLS33C-5-600x600.webp 600w, https:\/\/mountlaser.com\/wp-content\/uploads\/2025\/10\/CLS33C-5-150x150.webp 150w, https:\/\/mountlaser.com\/wp-content\/uploads\/2025\/10\/CLS33C-5-768x768.webp 768w, https:\/\/mountlaser.com\/wp-content\/uploads\/2025\/10\/CLS33C-5-12x12.webp 12w\" sizes=\"(max-width: 500px) 100vw, 500px\" \/><\/p>\n<p>Der CLS33C ist auf h\u00f6chste Qualit\u00e4t ausgelegt und verf\u00fcgt \u00fcber ein robustes, poliertes schwarzes Aluminium-Innenrohr (Au\u00dfendurchmesser 18 mm) in Kombination mit einem hochfesten Carbonfaser-Au\u00dfenrohr (Au\u00dfendurchmesser 25 mm). Diese innovative Konstruktion macht ihn au\u00dfergew\u00f6hnlich stabil und gleichzeitig leicht. <a href=\"https:\/\/mountlaser.com\/de\/products\/\"><strong>Stativ aus Kohlefaser mit Daumenentriegelung<\/strong><\/a>, Es minimiert Vibrationen effektiv und erm\u00f6glicht so pr\u00e4zisere Messungen. Mit einer Auszugsl\u00e4nge von 180 cm ist es f\u00fcr unterschiedlichste Anforderungen auf Baustellen geeignet. Der praktische Daumenentriegelungsmechanismus erlaubt ein schnelles, einh\u00e4ndiges Aufstellen und unterstreicht damit seine Position als erstklassiges Carbonfaser-Stativ mit Daumenentriegelung f\u00fcr effizientes Arbeiten im Gel\u00e4nde. Die abnehmbaren F\u00fc\u00dfe erh\u00f6hen die Vielseitigkeit des Stativs, indem sie eine optimale Anpassungsf\u00e4higkeit an unebene Oberfl\u00e4chen gew\u00e4hrleisten und den Transport vereinfachen.<\/p>","protected":false},"excerpt":{"rendered":"<ul>\n<li>Abnehmbare Gummif\u00fc\u00dfe: Bieten verbesserte Stabilit\u00e4t auf unebenem Untergrund und erm\u00f6glichen einfache Wartung und platzsparende Lagerung.<\/li>\n<li>Komplettes Reise-Set: Enth\u00e4lt eine weiche Tragetasche und eine Innenbox f\u00fcr bequemen und gesch\u00fctzten Transport.<\/li>\n<\/ul>","protected":false},"featured_media":3016,"comment_status":"open","ping_status":"closed","template":"","meta":[],"product_brand":[],"product_cat":[109,110,91],"product_tag":[],"class_list":{"0":"post-3014","1":"product","2":"type-product","3":"status-publish","4":"has-post-thumbnail","6":"product_cat-thumb-release-tripod-for-pole","7":"product_cat-carbon-fiber-tripod","8":"product_cat-bipod-tripod","10":"first","11":"instock","12":"shipping-taxable","13":"product-type-simple"},"_links":{"self":[{"href":"https:\/\/mountlaser.com\/de\/wp-json\/wp\/v2\/product\/3014","targetHints":{"allow":["GET"]}}],"collection":[{"href":"https:\/\/mountlaser.com\/de\/wp-json\/wp\/v2\/product"}],"about":[{"href":"https:\/\/mountlaser.com\/de\/wp-json\/wp\/v2\/types\/product"}],"replies":[{"embeddable":true,"href":"https:\/\/mountlaser.com\/de\/wp-json\/wp\/v2\/comments?post=3014"}],"wp:featuredmedia":[{"embeddable":true,"href":"https:\/\/mountlaser.com\/de\/wp-json\/wp\/v2\/media\/3016"}],"wp:attachment":[{"href":"https:\/\/mountlaser.com\/de\/wp-json\/wp\/v2\/media?parent=3014"}],"wp:term":[{"taxonomy":"product_brand","embeddable":true,"href":"https:\/\/mountlaser.com\/de\/wp-json\/wp\/v2\/product_brand?post=3014"},{"taxonomy":"product_cat","embeddable":true,"href":"https:\/\/mountlaser.com\/de\/wp-json\/wp\/v2\/product_cat?post=3014"},{"taxonomy":"product_tag","embeddable":true,"href":"https:\/\/mountlaser.com\/de\/wp-json\/wp\/v2\/product_tag?post=3014"}],"curies":[{"name":"wp","href":"https:\/\/api.w.org\/{rel}","templated":true}]}}