{"id":2997,"date":"2025-10-29T08:41:11","date_gmt":"2025-10-29T08:41:11","guid":{"rendered":"https:\/\/mountlaser.com\/?post_type=product&#038;p=2997"},"modified":"2025-11-28T04:57:27","modified_gmt":"2025-11-28T04:57:27","slug":"dz33a-thumb-release-tripod-for-pole","status":"publish","type":"product","link":"https:\/\/mountlaser.com\/de\/produkt\/dz33a-thumb-release-tripod-for-pole\/","title":{"rendered":"DZ33A Stativ mit Daumenentriegelung f\u00fcr Stange"},"content":{"rendered":"<p>Treffen Sie die <a href=\"https:\/\/mountlaser.com\/de\/\"><strong>DZ33A Stativ mit Daumenentriegelung f\u00fcr Stange<\/strong><\/a>, Die ultimative L\u00f6sung f\u00fcr Vermesser, die keine Kompromisse zwischen h\u00f6chster Stabilit\u00e4t und schnellem Aufbau eingehen wollen. Dieses vielseitige Stativ mit Daumenentriegelung wurde speziell f\u00fcr Profis entwickelt und ist in drei gut sichtbaren Farben erh\u00e4ltlich: DZ33A-RW (Rot\/Wei\u00df), DZ33A-YL (Gelb) und DZ33A-BK (Schwarz). So vereint es Stil und erh\u00f6hte Sicherheit auf der Baustelle. Als robustes Aluminium-Stativ bietet es eine absolut sichere Basis f\u00fcr Ihre wichtigsten Messungen.<img fetchpriority=\"high\" decoding=\"async\" class=\"aligncenter wp-image-3002\" src=\"https:\/\/mountlaser.com\/wp-content\/uploads\/2025\/10\/DZ33A-\u7ea2\u767d3.webp\" alt=\"Aluminum Prism Pole Tripod\" width=\"500\" height=\"500\" srcset=\"https:\/\/mountlaser.com\/wp-content\/uploads\/2025\/10\/DZ33A-\u7ea2\u767d3.webp 1000w, https:\/\/mountlaser.com\/wp-content\/uploads\/2025\/10\/DZ33A-\u7ea2\u767d3-300x300.webp 300w, https:\/\/mountlaser.com\/wp-content\/uploads\/2025\/10\/DZ33A-\u7ea2\u767d3-400x400.webp 400w, https:\/\/mountlaser.com\/wp-content\/uploads\/2025\/10\/DZ33A-\u7ea2\u767d3-800x800.webp 800w, https:\/\/mountlaser.com\/wp-content\/uploads\/2025\/10\/DZ33A-\u7ea2\u767d3-600x600.webp 600w, https:\/\/mountlaser.com\/wp-content\/uploads\/2025\/10\/DZ33A-\u7ea2\u767d3-150x150.webp 150w, https:\/\/mountlaser.com\/wp-content\/uploads\/2025\/10\/DZ33A-\u7ea2\u767d3-768x768.webp 768w, https:\/\/mountlaser.com\/wp-content\/uploads\/2025\/10\/DZ33A-\u7ea2\u767d3-12x12.webp 12w\" sizes=\"(max-width: 500px) 100vw, 500px\" \/><\/p>\n<p>Das DZ33A ist mit einem robusten, silberfarbenen Aluminium-Innenrohr (18 mm Au\u00dfendurchmesser) und einem dickeren Au\u00dfenrohr (25 mm Au\u00dfendurchmesser) in Ihrer Wunschfarbe ausgestattet und auf Langlebigkeit und Widerstandsf\u00e4higkeit ausgelegt. Dieses Stativ aus Aluminium-Prismenstangen bietet eine beeindruckende Auszugsl\u00e4nge von 180 cm und damit eine au\u00dfergew\u00f6hnliche H\u00f6henreichweite f\u00fcr anspruchsvolles Gel\u00e4nde und komplexe Aufbauten. Der innovative Daumenentriegelungsmechanismus zeichnet dieses Stativ aus. <a href=\"https:\/\/mountlaser.com\/de\/about-us\/\"><strong>Prismenstangenstativ mit Daumenentriegelung<\/strong><\/a>, Das erm\u00f6glicht blitzschnelle, einh\u00e4ndige Einstellungen, ohne die gewohnte Stabilit\u00e4t zu beeintr\u00e4chtigen. Feste, rutschfeste F\u00fc\u00dfe sorgen f\u00fcr sicheren Halt auf jedem Untergrund und garantieren, dass Ihre Prismenstange absolut stabil steht. Zum Transport l\u00e4sst sich alles ordentlich in der mitgelieferten Tasche und dem Innenkarton verstauen.<\/p>","protected":false},"excerpt":{"rendered":"<ul>\n<li>Farboptionen mit hoher Sichtbarkeit: Erh\u00e4ltlich in Rot\/Wei\u00df, Gelb und Schwarz f\u00fcr mehr Sicherheit auf der Baustelle und zur Ber\u00fccksichtigung pers\u00f6nlicher Vorlieben.<\/li>\n<li>Komplettes Reise-Set: Enth\u00e4lt eine weiche Tragetasche und eine Innenbox f\u00fcr bequemen und gesch\u00fctzten Transport und Aufbewahrung.<\/li>\n<\/ul>","protected":false},"featured_media":2998,"comment_status":"open","ping_status":"closed","template":"","meta":[],"product_brand":[],"product_cat":[91,109],"product_tag":[],"class_list":{"0":"post-2997","1":"product","2":"type-product","3":"status-publish","4":"has-post-thumbnail","6":"product_cat-bipod-tripod","7":"product_cat-thumb-release-tripod-for-pole","9":"first","10":"instock","11":"shipping-taxable","12":"product-type-simple"},"_links":{"self":[{"href":"https:\/\/mountlaser.com\/de\/wp-json\/wp\/v2\/product\/2997","targetHints":{"allow":["GET"]}}],"collection":[{"href":"https:\/\/mountlaser.com\/de\/wp-json\/wp\/v2\/product"}],"about":[{"href":"https:\/\/mountlaser.com\/de\/wp-json\/wp\/v2\/types\/product"}],"replies":[{"embeddable":true,"href":"https:\/\/mountlaser.com\/de\/wp-json\/wp\/v2\/comments?post=2997"}],"wp:featuredmedia":[{"embeddable":true,"href":"https:\/\/mountlaser.com\/de\/wp-json\/wp\/v2\/media\/2998"}],"wp:attachment":[{"href":"https:\/\/mountlaser.com\/de\/wp-json\/wp\/v2\/media?parent=2997"}],"wp:term":[{"taxonomy":"product_brand","embeddable":true,"href":"https:\/\/mountlaser.com\/de\/wp-json\/wp\/v2\/product_brand?post=2997"},{"taxonomy":"product_cat","embeddable":true,"href":"https:\/\/mountlaser.com\/de\/wp-json\/wp\/v2\/product_cat?post=2997"},{"taxonomy":"product_tag","embeddable":true,"href":"https:\/\/mountlaser.com\/de\/wp-json\/wp\/v2\/product_tag?post=2997"}],"curies":[{"name":"wp","href":"https:\/\/api.w.org\/{rel}","templated":true}]}}