{"id":2990,"date":"2025-10-29T08:10:07","date_gmt":"2025-10-29T08:10:07","guid":{"rendered":"https:\/\/mountlaser.com\/?post_type=product&#038;p=2990"},"modified":"2025-11-28T04:58:53","modified_gmt":"2025-11-28T04:58:53","slug":"mnt02a-thumb-release-mini-tripod","status":"publish","type":"product","link":"https:\/\/mountlaser.com\/de\/produkt\/mnt02a-thumb-release-mini-tripod\/","title":{"rendered":"MNT02A Mini-Stativ mit Daumenentriegelung"},"content":{"rendered":"<p>Optimieren Sie Ihre Feldkonfiguration mit dem<a href=\"https:\/\/mountlaser.com\/de\/about-us\/\"><strong> MNT02A Mini-Stativ mit Daumenentriegelung<\/strong><\/a> Von Mount Laser. Dieses kompakte und leistungsstarke Stativ wurde f\u00fcr Profis entwickelt, die Pr\u00e4zision und Mobilit\u00e4t gleicherma\u00dfen ben\u00f6tigen. Es bietet eine stabile Basis f\u00fcr Ihre Messlatten, Scanner und weiteres wichtiges Messzubeh\u00f6r. Als hochwertiges Mini-Stativ aus Aluminium ist es robust genug f\u00fcr den harten Einsatz im Gel\u00e4nde, ohne dabei unn\u00f6tig schwer zu sein.<\/p>\n<p>Das MNT02A besticht durch seine elegante, polierte schwarze Oberfl\u00e4che und verf\u00fcgt \u00fcber ein robustes Innenrohr aus Aluminium (Au\u00dfendurchmesser 18 mm), das f\u00fcr au\u00dfergew\u00f6hnliche Haltbarkeit und Stabilit\u00e4t sorgt. <a href=\"https:\/\/mountlaser.com\/de\/products\/\">Mini-Stativ aus Aluminium<\/a> Mit einer H\u00f6he von 29 cm bietet es Ihnen mehr Flexibilit\u00e4t bei der optimalen Positionierung Ihres Instruments. Die festen Gummif\u00fc\u00dfe sorgen f\u00fcr sicheren, rutschfesten Halt auf verschiedenen Oberfl\u00e4chen und garantieren so absolute Messgenauigkeit.<img fetchpriority=\"high\" decoding=\"async\" class=\"aligncenter wp-image-2992\" src=\"https:\/\/mountlaser.com\/wp-content\/uploads\/2025\/10\/MNT02-3.webp\" alt=\"Aluminum mini tripod\" width=\"500\" height=\"500\" srcset=\"https:\/\/mountlaser.com\/wp-content\/uploads\/2025\/10\/MNT02-3.webp 1000w, https:\/\/mountlaser.com\/wp-content\/uploads\/2025\/10\/MNT02-3-300x300.webp 300w, https:\/\/mountlaser.com\/wp-content\/uploads\/2025\/10\/MNT02-3-400x400.webp 400w, https:\/\/mountlaser.com\/wp-content\/uploads\/2025\/10\/MNT02-3-800x800.webp 800w, https:\/\/mountlaser.com\/wp-content\/uploads\/2025\/10\/MNT02-3-600x600.webp 600w, https:\/\/mountlaser.com\/wp-content\/uploads\/2025\/10\/MNT02-3-150x150.webp 150w, https:\/\/mountlaser.com\/wp-content\/uploads\/2025\/10\/MNT02-3-768x768.webp 768w, https:\/\/mountlaser.com\/wp-content\/uploads\/2025\/10\/MNT02-3-12x12.webp 12w\" sizes=\"(max-width: 500px) 100vw, 500px\" \/><\/p>\n<p>Das herausragende Merkmal ist der intuitive Daumenentriegelungsmechanismus, der ein schnelles, einh\u00e4ndiges Ausklappen und Verstellen der H\u00f6he erm\u00f6glicht. Vergessen Sie zeitaufw\u00e4ndige Aufbauten; mit einem einfachen Druck und Schieben ist Ihre Stange gesichert und einsatzbereit. Wenn es Zeit ist, sich zu bewegen, ist diese kompakte Stange schnell einsatzbereit.<a href=\"https:\/\/mountlaser.com\/de\/contact-us\/\"><strong> Mini-Stativ aus Aluminium<\/strong><\/a> Es l\u00e4sst sich schnell auseinandernehmen und sicher in der mitgelieferten weichen Tasche und dem Innenkarton verstauen, was es zum perfekten Begleiter macht.<\/p>\n<p>&nbsp;<\/p>","protected":false},"excerpt":{"rendered":"<ul>\n<li>Verl\u00e4ngerte H\u00f6he: Bietet eine 29 cm lange Verl\u00e4ngerung und erm\u00f6glicht so eine gr\u00f6\u00dfere Flexibilit\u00e4t bei der Positionierung Ihrer Ger\u00e4te.<\/li>\n<li>Sicher und tragbar: Verf\u00fcgt \u00fcber feste, rutschfeste F\u00fc\u00dfe f\u00fcr Stabilit\u00e4t und wird mit einer weichen Tragetasche f\u00fcr einfachen und gesch\u00fctzten Transport geliefert.<\/li>\n<\/ul>","protected":false},"featured_media":2991,"comment_status":"open","ping_status":"closed","template":"","meta":[],"product_brand":[],"product_cat":[91,109],"product_tag":[],"class_list":{"0":"post-2990","1":"product","2":"type-product","3":"status-publish","4":"has-post-thumbnail","6":"product_cat-bipod-tripod","7":"product_cat-thumb-release-tripod-for-pole","9":"first","10":"instock","11":"shipping-taxable","12":"product-type-simple"},"_links":{"self":[{"href":"https:\/\/mountlaser.com\/de\/wp-json\/wp\/v2\/product\/2990","targetHints":{"allow":["GET"]}}],"collection":[{"href":"https:\/\/mountlaser.com\/de\/wp-json\/wp\/v2\/product"}],"about":[{"href":"https:\/\/mountlaser.com\/de\/wp-json\/wp\/v2\/types\/product"}],"replies":[{"embeddable":true,"href":"https:\/\/mountlaser.com\/de\/wp-json\/wp\/v2\/comments?post=2990"}],"wp:featuredmedia":[{"embeddable":true,"href":"https:\/\/mountlaser.com\/de\/wp-json\/wp\/v2\/media\/2991"}],"wp:attachment":[{"href":"https:\/\/mountlaser.com\/de\/wp-json\/wp\/v2\/media?parent=2990"}],"wp:term":[{"taxonomy":"product_brand","embeddable":true,"href":"https:\/\/mountlaser.com\/de\/wp-json\/wp\/v2\/product_brand?post=2990"},{"taxonomy":"product_cat","embeddable":true,"href":"https:\/\/mountlaser.com\/de\/wp-json\/wp\/v2\/product_cat?post=2990"},{"taxonomy":"product_tag","embeddable":true,"href":"https:\/\/mountlaser.com\/de\/wp-json\/wp\/v2\/product_tag?post=2990"}],"curies":[{"name":"wp","href":"https:\/\/api.w.org\/{rel}","templated":true}]}}