{"id":2983,"date":"2025-10-29T07:40:17","date_gmt":"2025-10-29T07:40:17","guid":{"rendered":"https:\/\/mountlaser.com\/?post_type=product&#038;p=2983"},"modified":"2025-11-28T05:01:49","modified_gmt":"2025-11-28T05:01:49","slug":"mnt01a-thumb-release-mini-tripod","status":"publish","type":"product","link":"https:\/\/mountlaser.com\/de\/produkt\/mnt01a-thumb-release-mini-tripod\/","title":{"rendered":"MNT01A Mini-Stativ mit Daumenentriegelung"},"content":{"rendered":"<p>Wir bei Mount Laser wissen, dass Pr\u00e4zision im praktischen Einsatz die Zuverl\u00e4ssigkeit jedes einzelnen Ausr\u00fcstungsteils erfordert. Wir stellen Ihnen vor: <a href=\"https:\/\/mountlaser.com\/de\/\"><strong>MNT01A Mini-Stativ mit Daumenentriegelung<\/strong><\/a>, Die ultimative, kompakte Stativl\u00f6sung f\u00fcr Ihre Stative, Scanner und kleinen Instrumente. Dieses robuste Mini-Stativ aus Aluminium wurde f\u00fcr Profis entwickelt, die keine Kompromisse bei Stabilit\u00e4t und Mobilit\u00e4t eingehen wollen.<\/p>\n<p>Das aus hochwertigem Aluminium gefertigte MNT01A vereint geringes Gewicht und Langlebigkeit mit einer robusten Konstruktion. Das Herzst\u00fcck dieses <a href=\"https:\/\/mountlaser.com\/de\/products\/\">Mini-Stativ aus Aluminium<\/a> Es verf\u00fcgt \u00fcber ein 18 mm dickes Innenrohr, das f\u00fcr einen stabilen Stand bei minimalem Gewicht sorgt. Dank der 22 cm langen Verl\u00e4ngerung und der festen F\u00fc\u00dfe bietet es sicheren Halt auf unterschiedlichem Untergrund und gew\u00e4hrleistet so pr\u00e4zise Messungen.<\/p>\n<p>&nbsp;<\/p>\n<p><img fetchpriority=\"high\" decoding=\"async\" class=\"aligncenter wp-image-2986\" src=\"https:\/\/mountlaser.com\/wp-content\/uploads\/2025\/10\/MNT01-6.webp\" alt=\"Aluminum mini tripod\" width=\"500\" height=\"500\" srcset=\"https:\/\/mountlaser.com\/wp-content\/uploads\/2025\/10\/MNT01-6.webp 1000w, https:\/\/mountlaser.com\/wp-content\/uploads\/2025\/10\/MNT01-6-300x300.webp 300w, https:\/\/mountlaser.com\/wp-content\/uploads\/2025\/10\/MNT01-6-400x400.webp 400w, https:\/\/mountlaser.com\/wp-content\/uploads\/2025\/10\/MNT01-6-800x800.webp 800w, https:\/\/mountlaser.com\/wp-content\/uploads\/2025\/10\/MNT01-6-600x600.webp 600w, https:\/\/mountlaser.com\/wp-content\/uploads\/2025\/10\/MNT01-6-150x150.webp 150w, https:\/\/mountlaser.com\/wp-content\/uploads\/2025\/10\/MNT01-6-768x768.webp 768w, https:\/\/mountlaser.com\/wp-content\/uploads\/2025\/10\/MNT01-6-12x12.webp 12w\" sizes=\"(max-width: 500px) 100vw, 500px\" \/><\/p>\n<p>Das herausragende Merkmal ist der Schnellverschluss mit Daumensteuerung, mit dem Sie Ihre Stangenausr\u00fcstung in Sekundenschnelle montieren und die H\u00f6he anpassen k\u00f6nnen. Schluss mit komplizierten Verschl\u00fcssen \u2013 einfach per Knopfdruck und Schieber f\u00fcr maximale Effizienz im Einsatz. Nach Gebrauch l\u00e4sst sich das Ger\u00e4t platzsparend verstauen und wird mit einer weichen Tasche und einem Innenkarton f\u00fcr die sichere und bequeme Aufbewahrung in jeder Ausr\u00fcstungstasche geliefert. Entscheiden Sie sich f\u00fcr das MNT01A, das Profi-Modell. <a href=\"https:\/\/mountlaser.com\/de\/about-us\/\"><strong>Mini-Stativ aus Aluminium<\/strong><\/a> Das zeugt von h\u00f6chster Genauigkeit.<\/p>","protected":false},"excerpt":{"rendered":"<ul>\n<li>Daumenentriegelungsmechanismus: Erm\u00f6glicht schnelles, einh\u00e4ndiges Aufstellen und Einstellen der H\u00f6he f\u00fcr un\u00fcbertroffene Effizienz auf dem Spielfeld.<\/li>\n<li>Inklusive Tragetasche: Enth\u00e4lt eine sch\u00fctzende Softtasche und eine Innenbox f\u00fcr einen einfachen und sicheren Transport und ist somit der ideale Reisebegleiter.<\/li>\n<\/ul>","protected":false},"featured_media":2984,"comment_status":"open","ping_status":"closed","template":"","meta":[],"product_brand":[],"product_cat":[91,109],"product_tag":[],"class_list":{"0":"post-2983","1":"product","2":"type-product","3":"status-publish","4":"has-post-thumbnail","6":"product_cat-bipod-tripod","7":"product_cat-thumb-release-tripod-for-pole","9":"first","10":"instock","11":"shipping-taxable","12":"product-type-simple"},"_links":{"self":[{"href":"https:\/\/mountlaser.com\/de\/wp-json\/wp\/v2\/product\/2983","targetHints":{"allow":["GET"]}}],"collection":[{"href":"https:\/\/mountlaser.com\/de\/wp-json\/wp\/v2\/product"}],"about":[{"href":"https:\/\/mountlaser.com\/de\/wp-json\/wp\/v2\/types\/product"}],"replies":[{"embeddable":true,"href":"https:\/\/mountlaser.com\/de\/wp-json\/wp\/v2\/comments?post=2983"}],"wp:featuredmedia":[{"embeddable":true,"href":"https:\/\/mountlaser.com\/de\/wp-json\/wp\/v2\/media\/2984"}],"wp:attachment":[{"href":"https:\/\/mountlaser.com\/de\/wp-json\/wp\/v2\/media?parent=2983"}],"wp:term":[{"taxonomy":"product_brand","embeddable":true,"href":"https:\/\/mountlaser.com\/de\/wp-json\/wp\/v2\/product_brand?post=2983"},{"taxonomy":"product_cat","embeddable":true,"href":"https:\/\/mountlaser.com\/de\/wp-json\/wp\/v2\/product_cat?post=2983"},{"taxonomy":"product_tag","embeddable":true,"href":"https:\/\/mountlaser.com\/de\/wp-json\/wp\/v2\/product_tag?post=2983"}],"curies":[{"name":"wp","href":"https:\/\/api.w.org\/{rel}","templated":true}]}}