{"id":2955,"date":"2025-10-27T08:24:55","date_gmt":"2025-10-27T08:24:55","guid":{"rendered":"https:\/\/mountlaser.com\/?post_type=product&#038;p=2955"},"modified":"2025-11-28T05:05:18","modified_gmt":"2025-11-28T05:05:18","slug":"dz22a-aluminum-bipod","status":"publish","type":"product","link":"https:\/\/mountlaser.com\/de\/produkt\/dz22a-aluminum-bipod\/","title":{"rendered":"DZ22A Aluminium-Zweibein"},"content":{"rendered":"<p><a href=\"https:\/\/mountlaser.com\/de\/\"><strong>DZ22A Aluminium-Zweibein<\/strong><\/a>Stabile Unterst\u00fctzung f\u00fcr Pr\u00e4zisionsmessungen<\/p>\n<p>Das Aluminium-Zweibein DZ22A ist ein professionelles Stativsystem, das f\u00fcr Vermessungs- und Messanwendungen entwickelt wurde. Konstruiert mit Blick auf Langlebigkeit und Stabilit\u00e4t, bietet dieses Zweibein eine zuverl\u00e4ssige Basis f\u00fcr verschiedene Messger\u00e4te.,<a href=\"https:\/\/mountlaser.com\/de\/products\/\"> <strong>DZ22A Vermessungs-Zweibein<\/strong><\/a> Gew\u00e4hrleistung genauer Messwerte unter verschiedensten Arbeitsbedingungen.<\/p>\n<p><img fetchpriority=\"high\" decoding=\"async\" class=\"aligncenter wp-image-2963\" src=\"https:\/\/mountlaser.com\/wp-content\/uploads\/2025\/10\/DZ22A-\u9ed1\u82724.webp\" alt=\"DZ22A Surveying Bipod\" width=\"500\" height=\"500\" srcset=\"https:\/\/mountlaser.com\/wp-content\/uploads\/2025\/10\/DZ22A-\u9ed1\u82724.webp 1000w, https:\/\/mountlaser.com\/wp-content\/uploads\/2025\/10\/DZ22A-\u9ed1\u82724-300x300.webp 300w, https:\/\/mountlaser.com\/wp-content\/uploads\/2025\/10\/DZ22A-\u9ed1\u82724-400x400.webp 400w, https:\/\/mountlaser.com\/wp-content\/uploads\/2025\/10\/DZ22A-\u9ed1\u82724-800x800.webp 800w, https:\/\/mountlaser.com\/wp-content\/uploads\/2025\/10\/DZ22A-\u9ed1\u82724-600x600.webp 600w, https:\/\/mountlaser.com\/wp-content\/uploads\/2025\/10\/DZ22A-\u9ed1\u82724-150x150.webp 150w, https:\/\/mountlaser.com\/wp-content\/uploads\/2025\/10\/DZ22A-\u9ed1\u82724-768x768.webp 768w, https:\/\/mountlaser.com\/wp-content\/uploads\/2025\/10\/DZ22A-\u9ed1\u82724-12x12.webp 12w\" sizes=\"(max-width: 500px) 100vw, 500px\" \/><br \/>\nDas Vermessungs-Zweibein DZ22A ist in mehreren farbcodierten Ausf\u00fchrungen erh\u00e4ltlich, darunter das Aluminium-Zweibein DZ22A-RW (Rot-Wei\u00df), das Aluminium-Zweibein DZ22A-YL (Gelb) und das Aluminium-Zweibein DZ22A-BK (Schwarz), was eine einfache Ger\u00e4teidentifizierung und Teamkoordination auf Baustellen erm\u00f6glicht.<img decoding=\"async\" class=\"aligncenter wp-image-2961\" src=\"https:\/\/mountlaser.com\/wp-content\/uploads\/2025\/10\/DZ22A-\u9ec4\u82722.webp\" alt=\"DZ22A Surveying Bipod\" width=\"500\" height=\"500\" srcset=\"https:\/\/mountlaser.com\/wp-content\/uploads\/2025\/10\/DZ22A-\u9ec4\u82722.webp 1000w, https:\/\/mountlaser.com\/wp-content\/uploads\/2025\/10\/DZ22A-\u9ec4\u82722-300x300.webp 300w, https:\/\/mountlaser.com\/wp-content\/uploads\/2025\/10\/DZ22A-\u9ec4\u82722-400x400.webp 400w, https:\/\/mountlaser.com\/wp-content\/uploads\/2025\/10\/DZ22A-\u9ec4\u82722-800x800.webp 800w, https:\/\/mountlaser.com\/wp-content\/uploads\/2025\/10\/DZ22A-\u9ec4\u82722-600x600.webp 600w, https:\/\/mountlaser.com\/wp-content\/uploads\/2025\/10\/DZ22A-\u9ec4\u82722-150x150.webp 150w, https:\/\/mountlaser.com\/wp-content\/uploads\/2025\/10\/DZ22A-\u9ec4\u82722-768x768.webp 768w, https:\/\/mountlaser.com\/wp-content\/uploads\/2025\/10\/DZ22A-\u9ec4\u82722-12x12.webp 12w\" sizes=\"(max-width: 500px) 100vw, 500px\" \/><\/p>\n<p>&nbsp;<\/p>\n<p>&nbsp;<\/p>","protected":false},"excerpt":{"rendered":"<ul>\n<li>Verf\u00fcgt \u00fcber ein robustes Innenrohr (OD18mm, Silber) und ein dickeres Au\u00dfenrohr (OD25mm) f\u00fcr verbesserte Stabilit\u00e4t und Sto\u00dffestigkeit.<\/li>\n<li>W\u00e4hlen Sie zwischen dem gut sichtbaren Aluminium-Zweibein DZ22A-RW und dem Aluminium-Zweibein DZ22A-YL.<\/li>\n<li>oder das Standard-Aluminium-Zweibein DZ22A-BK, das Ihren Projektanforderungen und Vorlieben entspricht.<\/li>\n<\/ul>","protected":false},"featured_media":2959,"comment_status":"open","ping_status":"closed","template":"","meta":[],"product_brand":[],"product_cat":[91,108],"product_tag":[],"class_list":{"0":"post-2955","1":"product","2":"type-product","3":"status-publish","4":"has-post-thumbnail","6":"product_cat-bipod-tripod","7":"product_cat-thumb-release-bipod","9":"first","10":"instock","11":"shipping-taxable","12":"product-type-simple"},"_links":{"self":[{"href":"https:\/\/mountlaser.com\/de\/wp-json\/wp\/v2\/product\/2955","targetHints":{"allow":["GET"]}}],"collection":[{"href":"https:\/\/mountlaser.com\/de\/wp-json\/wp\/v2\/product"}],"about":[{"href":"https:\/\/mountlaser.com\/de\/wp-json\/wp\/v2\/types\/product"}],"replies":[{"embeddable":true,"href":"https:\/\/mountlaser.com\/de\/wp-json\/wp\/v2\/comments?post=2955"}],"wp:featuredmedia":[{"embeddable":true,"href":"https:\/\/mountlaser.com\/de\/wp-json\/wp\/v2\/media\/2959"}],"wp:attachment":[{"href":"https:\/\/mountlaser.com\/de\/wp-json\/wp\/v2\/media?parent=2955"}],"wp:term":[{"taxonomy":"product_brand","embeddable":true,"href":"https:\/\/mountlaser.com\/de\/wp-json\/wp\/v2\/product_brand?post=2955"},{"taxonomy":"product_cat","embeddable":true,"href":"https:\/\/mountlaser.com\/de\/wp-json\/wp\/v2\/product_cat?post=2955"},{"taxonomy":"product_tag","embeddable":true,"href":"https:\/\/mountlaser.com\/de\/wp-json\/wp\/v2\/product_tag?post=2955"}],"curies":[{"name":"wp","href":"https:\/\/api.w.org\/{rel}","templated":true}]}}