{"id":2899,"date":"2025-10-24T07:49:14","date_gmt":"2025-10-24T07:49:14","guid":{"rendered":"https:\/\/mountlaser.com\/?post_type=product&#038;p=2899"},"modified":"2025-11-28T05:20:44","modified_gmt":"2025-11-28T05:20:44","slug":"cpps-aluminum-pole-tripod","status":"publish","type":"product","link":"https:\/\/mountlaser.com\/de\/produkt\/cpps-aluminum-pole-tripod\/","title":{"rendered":"CPPS Aluminium-Stativ"},"content":{"rendered":"<p>Das CPPS Aluminium-Stativ ist ein professionelles Tr\u00e4gersystem, das speziell f\u00fcr Vermessungsanwendungen entwickelt wurde. Dieses vielseitige <a href=\"https:\/\/mountlaser.com\/de\/about-us\/\"><strong>Aluminium-Prismenstab-Stativ<\/strong><\/a> Dieses Stativ bietet zuverl\u00e4ssige Stabilisierung f\u00fcr Miniprismen mit Stangen, Standardprismenstangen und Nivellierlatten. Gefertigt aus einer hochwertigen Aluminiumlegierung, vereint dieses Aluminium-Prismenstangenstativ geringes Gewicht und au\u00dfergew\u00f6hnliche Langlebigkeit und gew\u00e4hrleistet so eine dauerhafte Leistung auch unter anspruchsvollen Feldbedingungen.<\/p>\n<p>Das Stativ verf\u00fcgt \u00fcber einen frei beweglichen Scherenkopf, der eine stufenlose Justierung und pr\u00e4zise Positionierung Ihrer Messinstrumente erm\u00f6glicht. Dank des praktischen Teleskopbeinsystems mit Arretierung lassen sich die Beine sicher ausziehen und fixieren und bieten so stabilen Halt auf unterschiedlichem Untergrund. Der Kompressionsverschluss gew\u00e4hrleistet einen schnellen Aufbau und zuverl\u00e4ssigen Betrieb. F\u00fcr bequemen Transport und platzsparende Aufbewahrung sind eine sch\u00fctzende Tasche und ein Innenkarton im Lieferumfang enthalten. Damit ist dieses Aluminium-Prismenstabstativ der ideale Begleiter f\u00fcr Vermesser, die viel unterwegs sind.<\/p>\n<p><strong><a href=\"https:\/\/mountlaser.com\/de\/contact-us\/\">CPPS Aluminium-Stativ<\/a>:<\/strong><\/p>\n<p>VERL\u00c4NGERUNG: 60 cm<\/p>\n<p>DURCHMESSER: OD 18\/25 mm<\/p>\n<p>LOCK:Compression<\/p>\n<p>&nbsp;<\/p>\n<p><img fetchpriority=\"high\" decoding=\"async\" class=\"aligncenter wp-image-2901\" src=\"https:\/\/mountlaser.com\/wp-content\/uploads\/2025\/10\/CPPS-2.webp\" alt=\"Aluminum Prism Pole Tripod\" width=\"500\" height=\"500\" srcset=\"https:\/\/mountlaser.com\/wp-content\/uploads\/2025\/10\/CPPS-2.webp 1000w, https:\/\/mountlaser.com\/wp-content\/uploads\/2025\/10\/CPPS-2-300x300.webp 300w, https:\/\/mountlaser.com\/wp-content\/uploads\/2025\/10\/CPPS-2-400x400.webp 400w, https:\/\/mountlaser.com\/wp-content\/uploads\/2025\/10\/CPPS-2-800x800.webp 800w, https:\/\/mountlaser.com\/wp-content\/uploads\/2025\/10\/CPPS-2-600x600.webp 600w, https:\/\/mountlaser.com\/wp-content\/uploads\/2025\/10\/CPPS-2-150x150.webp 150w, https:\/\/mountlaser.com\/wp-content\/uploads\/2025\/10\/CPPS-2-768x768.webp 768w, https:\/\/mountlaser.com\/wp-content\/uploads\/2025\/10\/CPPS-2-12x12.webp 12w\" sizes=\"(max-width: 500px) 100vw, 500px\" \/><\/p>","protected":false},"excerpt":{"rendered":"<ul>\n<li>Bietet stabilen Halt f\u00fcr Miniprismen mit Stangen, Prismenstangen und Nivellierlatten.<\/li>\n<li>Leichte Aluminiumkonstruktion mit hohem Festigkeits-Gewichts-Verh\u00e4ltnis<\/li>\n<li>Teleskopbeine mit Kompressionsverriegelungssystem f\u00fcr sicheren Halt<\/li>\n<\/ul>","protected":false},"featured_media":2902,"comment_status":"open","ping_status":"closed","template":"","meta":[],"product_brand":[],"product_cat":[91,107],"product_tag":[],"class_list":{"0":"post-2899","1":"product","2":"type-product","3":"status-publish","4":"has-post-thumbnail","6":"product_cat-bipod-tripod","7":"product_cat-aluminum-pole-tripod","9":"first","10":"instock","11":"shipping-taxable","12":"product-type-simple"},"_links":{"self":[{"href":"https:\/\/mountlaser.com\/de\/wp-json\/wp\/v2\/product\/2899","targetHints":{"allow":["GET"]}}],"collection":[{"href":"https:\/\/mountlaser.com\/de\/wp-json\/wp\/v2\/product"}],"about":[{"href":"https:\/\/mountlaser.com\/de\/wp-json\/wp\/v2\/types\/product"}],"replies":[{"embeddable":true,"href":"https:\/\/mountlaser.com\/de\/wp-json\/wp\/v2\/comments?post=2899"}],"wp:featuredmedia":[{"embeddable":true,"href":"https:\/\/mountlaser.com\/de\/wp-json\/wp\/v2\/media\/2902"}],"wp:attachment":[{"href":"https:\/\/mountlaser.com\/de\/wp-json\/wp\/v2\/media?parent=2899"}],"wp:term":[{"taxonomy":"product_brand","embeddable":true,"href":"https:\/\/mountlaser.com\/de\/wp-json\/wp\/v2\/product_brand?post=2899"},{"taxonomy":"product_cat","embeddable":true,"href":"https:\/\/mountlaser.com\/de\/wp-json\/wp\/v2\/product_cat?post=2899"},{"taxonomy":"product_tag","embeddable":true,"href":"https:\/\/mountlaser.com\/de\/wp-json\/wp\/v2\/product_tag?post=2899"}],"curies":[{"name":"wp","href":"https:\/\/api.w.org\/{rel}","templated":true}]}}