{"id":2888,"date":"2025-10-23T08:48:44","date_gmt":"2025-10-23T08:48:44","guid":{"rendered":"https:\/\/mountlaser.com\/?post_type=product&#038;p=2888"},"modified":"2025-11-28T05:21:55","modified_gmt":"2025-11-28T05:21:55","slug":"tps02-ss-triangle-prism-support","status":"publish","type":"product","link":"https:\/\/mountlaser.com\/de\/produkt\/tps02-ss-triangle-prism-support\/","title":{"rendered":"TPS02-SS Dreieckprismenhalterung"},"content":{"rendered":"<p>Der Mount Laser <a href=\"https:\/\/mountlaser.com\/de\/\"><strong>TPS02-SS Dreieckprismenhalterung<\/strong><\/a> Diese dreieckige Prismenst\u00fctze TPS02-SS wurde speziell f\u00fcr Vermesser entwickelt, die f\u00fcr pr\u00e4zise Messungen zuverl\u00e4ssige und flache Stabilit\u00e4t ben\u00f6tigen. Sie ist f\u00fcr die Verwendung mit Prismen konzipiert und eignet sich ideal f\u00fcr Vermessungsarbeiten in geringer H\u00f6he, Detailarbeiten und andere Anwendungen, bei denen eine Prismenstange in voller Gr\u00f6\u00dfe nicht geeignet ist.<\/p>\n<p><img fetchpriority=\"high\" decoding=\"async\" class=\"aligncenter wp-image-2893\" src=\"https:\/\/mountlaser.com\/wp-content\/uploads\/2025\/10\/TPS02-AS5.webp\" alt=\"TPS02-SS Triangle prism support \" width=\"500\" height=\"500\" srcset=\"https:\/\/mountlaser.com\/wp-content\/uploads\/2025\/10\/TPS02-AS5.webp 1000w, https:\/\/mountlaser.com\/wp-content\/uploads\/2025\/10\/TPS02-AS5-300x300.webp 300w, https:\/\/mountlaser.com\/wp-content\/uploads\/2025\/10\/TPS02-AS5-400x400.webp 400w, https:\/\/mountlaser.com\/wp-content\/uploads\/2025\/10\/TPS02-AS5-800x800.webp 800w, https:\/\/mountlaser.com\/wp-content\/uploads\/2025\/10\/TPS02-AS5-600x600.webp 600w, https:\/\/mountlaser.com\/wp-content\/uploads\/2025\/10\/TPS02-AS5-150x150.webp 150w, https:\/\/mountlaser.com\/wp-content\/uploads\/2025\/10\/TPS02-AS5-768x768.webp 768w, https:\/\/mountlaser.com\/wp-content\/uploads\/2025\/10\/TPS02-AS5-12x12.webp 12w\" sizes=\"(max-width: 500px) 100vw, 500px\" \/><\/p>\n<p>Dieses Produkt ist mit einem leichten Aluminiumgeh\u00e4use und robusten Edelstahlkomponenten gefertigt. <a href=\"https:\/\/mountlaser.com\/de\/contact-us\/\"><strong>TPS02-SS Dreieckprismenhalterung<\/strong><\/a> Es bietet die perfekte Balance aus Stabilit\u00e4t und Mobilit\u00e4t. Zwei verstellbare Fu\u00dfschrauben erm\u00f6glichen ein schnelles und einfaches Nivellieren auf unebenem Untergrund, w\u00e4hrend die beiden langen Libellen eine pr\u00e4zise Nivellierungskontrolle in beiden Achsen gew\u00e4hrleisten. Das 5\/8\u2033-11-Gewinde sorgt f\u00fcr universelle Kompatibilit\u00e4t mit Standard-Vermessungsprismen und macht es zu einer vielseitigen Erg\u00e4nzung f\u00fcr jeden Vermesser.<\/p>","protected":false},"excerpt":{"rendered":"<p>\u2022 Enth\u00e4lt zwei lange Libellen zur genauen \u00dcberpr\u00fcfung der Nivellierung.<br \/>\n\u2022 Kombiniert eine leichte Aluminiumkonstruktion mit langlebigen Edelstahlkomponenten<br \/>\n\u2022 Nutzt ein Standardgewinde 5\/8\u2033-11 f\u00fcr universelle Prismenkompatibilit\u00e4t<\/p>","protected":false},"featured_media":2889,"comment_status":"open","ping_status":"closed","template":"","meta":[],"product_brand":[],"product_cat":[91,106],"product_tag":[],"class_list":{"0":"post-2888","1":"product","2":"type-product","3":"status-publish","4":"has-post-thumbnail","6":"product_cat-bipod-tripod","7":"product_cat-triangle-prism-support","9":"first","10":"instock","11":"shipping-taxable","12":"product-type-simple"},"_links":{"self":[{"href":"https:\/\/mountlaser.com\/de\/wp-json\/wp\/v2\/product\/2888","targetHints":{"allow":["GET"]}}],"collection":[{"href":"https:\/\/mountlaser.com\/de\/wp-json\/wp\/v2\/product"}],"about":[{"href":"https:\/\/mountlaser.com\/de\/wp-json\/wp\/v2\/types\/product"}],"replies":[{"embeddable":true,"href":"https:\/\/mountlaser.com\/de\/wp-json\/wp\/v2\/comments?post=2888"}],"wp:featuredmedia":[{"embeddable":true,"href":"https:\/\/mountlaser.com\/de\/wp-json\/wp\/v2\/media\/2889"}],"wp:attachment":[{"href":"https:\/\/mountlaser.com\/de\/wp-json\/wp\/v2\/media?parent=2888"}],"wp:term":[{"taxonomy":"product_brand","embeddable":true,"href":"https:\/\/mountlaser.com\/de\/wp-json\/wp\/v2\/product_brand?post=2888"},{"taxonomy":"product_cat","embeddable":true,"href":"https:\/\/mountlaser.com\/de\/wp-json\/wp\/v2\/product_cat?post=2888"},{"taxonomy":"product_tag","embeddable":true,"href":"https:\/\/mountlaser.com\/de\/wp-json\/wp\/v2\/product_tag?post=2888"}],"curies":[{"name":"wp","href":"https:\/\/api.w.org\/{rel}","templated":true}]}}