{"id":2878,"date":"2025-10-23T08:18:04","date_gmt":"2025-10-23T08:18:04","guid":{"rendered":"https:\/\/mountlaser.com\/?post_type=product&#038;p=2878"},"modified":"2025-11-28T05:24:11","modified_gmt":"2025-11-28T05:24:11","slug":"tps02-sl-triangle-prism-support","status":"publish","type":"product","link":"https:\/\/mountlaser.com\/de\/produkt\/tps02-sl-triangle-prism-support\/","title":{"rendered":"TPS02-SL Dreieckprismenhalterung"},"content":{"rendered":"<p>Gew\u00e4hrleisten Sie h\u00f6chste Pr\u00e4zision bei Vermessungsanwendungen in geringer H\u00f6he mit dem Mount Laser <a href=\"https:\/\/mountlaser.com\/de\/\"><strong>TPS02-SL Dreieckprismenhalterung<\/strong><\/a>. Dieses professionell entwickelte Zubeh\u00f6rteil bietet Ihrem Prisma au\u00dfergew\u00f6hnliche Stabilit\u00e4t, insbesondere dort, wo herk\u00f6mmliche Prismenstangen unpraktisch sind. Die vollst\u00e4ndig aus robustem Edelstahl gefertigte TPS02-SL ist f\u00fcr den Einsatz unter anspruchsvollen Baustellenbedingungen konzipiert und liefert dabei zuverl\u00e4ssige Leistung.<\/p>\n<p>Der <a href=\"https:\/\/mountlaser.com\/de\/about-us\/\"><strong>Mini-Dreieck-Prismenhalterung<\/strong> <\/a>Mit zwei langen Libellen verf\u00fcgt diese St\u00fctze \u00fcber ein fortschrittliches Nivelliersystem mit zwei pr\u00e4zisen, langen Libellen, das eine genaue Ausrichtung in mehreren Achsen erm\u00f6glicht. Diese wichtige Funktion, kombiniert mit zwei verstellbaren Fu\u00dfschrauben, erlaubt Vermessern, auch auf unebenem Gel\u00e4nde schnell und effizient perfekte Nivellierungen zu erzielen. Die robuste Edelstahlkonstruktion garantiert Langlebigkeit und macht diese St\u00fctze zu einem zuverl\u00e4ssigen Begleiter f\u00fcr alle Vermessungsarbeiten in geringer H\u00f6he.<\/p>\n<p><img fetchpriority=\"high\" decoding=\"async\" class=\"aligncenter wp-image-2883\" src=\"https:\/\/mountlaser.com\/wp-content\/uploads\/2025\/10\/TPS02-AL5.webp\" alt=\"TPS02-SL Triangle prism support\" width=\"500\" height=\"500\" srcset=\"https:\/\/mountlaser.com\/wp-content\/uploads\/2025\/10\/TPS02-AL5.webp 1000w, https:\/\/mountlaser.com\/wp-content\/uploads\/2025\/10\/TPS02-AL5-300x300.webp 300w, https:\/\/mountlaser.com\/wp-content\/uploads\/2025\/10\/TPS02-AL5-400x400.webp 400w, https:\/\/mountlaser.com\/wp-content\/uploads\/2025\/10\/TPS02-AL5-800x800.webp 800w, https:\/\/mountlaser.com\/wp-content\/uploads\/2025\/10\/TPS02-AL5-600x600.webp 600w, https:\/\/mountlaser.com\/wp-content\/uploads\/2025\/10\/TPS02-AL5-150x150.webp 150w, https:\/\/mountlaser.com\/wp-content\/uploads\/2025\/10\/TPS02-AL5-768x768.webp 768w, https:\/\/mountlaser.com\/wp-content\/uploads\/2025\/10\/TPS02-AL5-12x12.webp 12w\" sizes=\"(max-width: 500px) 100vw, 500px\" \/><\/p>\n<p>Als vielseitiger <a href=\"https:\/\/mountlaser.com\/de\/contact-us\/\">Mini-Dreieck-Prismenhalterung<\/a> Mit zwei langen Libellen eignet sich die Dreieckprismenhalterung TPS02-SL hervorragend f\u00fcr diverse Anwendungen wie Detailvermessungen, Bauabsteckungen und andere pr\u00e4zise Messungen in Bodenn\u00e4he. Das Schweizer Gewinde gew\u00e4hrleistet die sichere Kompatibilit\u00e4t mit Ihren Vermessungsger\u00e4ten und sorgt so f\u00fcr zuverl\u00e4ssige Ergebnisse bei kritischen Messungen. W\u00e4hlen Sie diese professionelle Mini-Dreieckprismenhalterung mit zwei langen Libellen f\u00fcr un\u00fcbertroffene Genauigkeit und Zuverl\u00e4ssigkeit in Ihren Vermessungsprojekten.<\/p>","protected":false},"excerpt":{"rendered":"<p>\u2022 Verf\u00fcgt \u00fcber zwei verstellbare Fu\u00dfschrauben f\u00fcr einfaches und pr\u00e4zises Nivellieren<br \/>\n\u2022 Enth\u00e4lt zwei lange Libellen f\u00fcr eine pr\u00e4zise mehrachsige Ausrichtung<br \/>\n\u2022 Hergestellt aus robustem Edelstahl f\u00fcr eine lange Lebensdauer<br \/>\n\u2022 Verwendet Schweizer Gewinde f\u00fcr sichere Ger\u00e4tekompatibilit\u00e4t<\/p>","protected":false},"featured_media":2882,"comment_status":"open","ping_status":"closed","template":"","meta":[],"product_brand":[],"product_cat":[106,91],"product_tag":[],"class_list":{"0":"post-2878","1":"product","2":"type-product","3":"status-publish","4":"has-post-thumbnail","6":"product_cat-triangle-prism-support","7":"product_cat-bipod-tripod","9":"first","10":"instock","11":"shipping-taxable","12":"product-type-simple"},"_links":{"self":[{"href":"https:\/\/mountlaser.com\/de\/wp-json\/wp\/v2\/product\/2878","targetHints":{"allow":["GET"]}}],"collection":[{"href":"https:\/\/mountlaser.com\/de\/wp-json\/wp\/v2\/product"}],"about":[{"href":"https:\/\/mountlaser.com\/de\/wp-json\/wp\/v2\/types\/product"}],"replies":[{"embeddable":true,"href":"https:\/\/mountlaser.com\/de\/wp-json\/wp\/v2\/comments?post=2878"}],"wp:featuredmedia":[{"embeddable":true,"href":"https:\/\/mountlaser.com\/de\/wp-json\/wp\/v2\/media\/2882"}],"wp:attachment":[{"href":"https:\/\/mountlaser.com\/de\/wp-json\/wp\/v2\/media?parent=2878"}],"wp:term":[{"taxonomy":"product_brand","embeddable":true,"href":"https:\/\/mountlaser.com\/de\/wp-json\/wp\/v2\/product_brand?post=2878"},{"taxonomy":"product_cat","embeddable":true,"href":"https:\/\/mountlaser.com\/de\/wp-json\/wp\/v2\/product_cat?post=2878"},{"taxonomy":"product_tag","embeddable":true,"href":"https:\/\/mountlaser.com\/de\/wp-json\/wp\/v2\/product_tag?post=2878"}],"curies":[{"name":"wp","href":"https:\/\/api.w.org\/{rel}","templated":true}]}}