{"id":2856,"date":"2025-10-21T09:17:00","date_gmt":"2025-10-21T09:17:00","guid":{"rendered":"https:\/\/mountlaser.com\/?post_type=product&#038;p=2856"},"modified":"2025-11-28T05:38:40","modified_gmt":"2025-11-28T05:38:40","slug":"gpr1l-corner-cube-prism","status":"publish","type":"product","link":"https:\/\/mountlaser.com\/de\/produkt\/gpr1l-corner-cube-prism\/","title":{"rendered":"GPR1L Eckw\u00fcrfelprisma"},"content":{"rendered":"<p>Der Mountlaser<a href=\"https:\/\/mountlaser.com\/de\/\"><strong> GPR1L Einzelnes kreisf\u00f6rmiges Prisma<\/strong><\/a> Der Einsatz von Containern stellt einen bedeutenden Fortschritt in Bezug auf Vermessungsgenauigkeit und operative Flexibilit\u00e4t dar.<br \/>\nDieses innovative GPR1L in Container integriert ein Hochleistungsbeleuchtungssystem in ein standardm\u00e4\u00dfiges 64,0 mm Kreisprisma, das in einem Schutzbeh\u00e4lter untergebracht ist.<\/p>\n<p><img fetchpriority=\"high\" decoding=\"async\" class=\"aligncenter wp-image-2859\" src=\"https:\/\/mountlaser.com\/wp-content\/uploads\/2025\/10\/CPR1L-4.webp\" alt=\"GPR1L Single Circular Prism in Container\" width=\"500\" height=\"500\" srcset=\"https:\/\/mountlaser.com\/wp-content\/uploads\/2025\/10\/CPR1L-4.webp 1000w, https:\/\/mountlaser.com\/wp-content\/uploads\/2025\/10\/CPR1L-4-300x300.webp 300w, https:\/\/mountlaser.com\/wp-content\/uploads\/2025\/10\/CPR1L-4-400x400.webp 400w, https:\/\/mountlaser.com\/wp-content\/uploads\/2025\/10\/CPR1L-4-800x800.webp 800w, https:\/\/mountlaser.com\/wp-content\/uploads\/2025\/10\/CPR1L-4-600x600.webp 600w, https:\/\/mountlaser.com\/wp-content\/uploads\/2025\/10\/CPR1L-4-150x150.webp 150w, https:\/\/mountlaser.com\/wp-content\/uploads\/2025\/10\/CPR1L-4-768x768.webp 768w, https:\/\/mountlaser.com\/wp-content\/uploads\/2025\/10\/CPR1L-4-12x12.webp 12w\" sizes=\"(max-width: 500px) 100vw, 500px\" \/><\/p>\n<p>Dieses beleuchtete Ger\u00e4t wurde speziell f\u00fcr die Kompatibilit\u00e4t mit Swiss-Totalstationen und anderen Totalstationen, die den Swiss-Bauformfaktor erfordern, entwickelt. <a href=\"https:\/\/mountlaser.com\/de\/about-us\/\"><strong>GPR1L Einzelnes kreisf\u00f6rmiges Prisma im Beh\u00e4lter<\/strong><\/a> Gew\u00e4hrleistet eine hervorragende Sicht bei Nachteins\u00e4tzen, schlechten Lichtverh\u00e4ltnissen und in komplexen st\u00e4dtischen Umgebungen und verl\u00e4ngert so effektiv Ihre produktiven Arbeitszeiten.<\/p>","protected":false},"excerpt":{"rendered":"<ul>\n<li>Verf\u00fcgt \u00fcber eine eingebaute helle Lichtquelle, die die Sichtbarkeit des Prismas deutlich verbessert und somit Vermessungsarbeiten rund um die Uhr erm\u00f6glicht.<\/li>\n<li>Das \u00f864,0mm Kreisprisma ist als direkter Ersatz f\u00fcr GPR1-Prismen im Schweizer Stil konzipiert und gew\u00e4hrleistet eine nahtlose Integration und optimale Leistung.<\/li>\n<\/ul>","protected":false},"featured_media":2858,"comment_status":"open","ping_status":"closed","template":"","meta":[],"product_brand":[],"product_cat":[72,105],"product_tag":[],"class_list":{"0":"post-2856","1":"product","2":"type-product","3":"status-publish","4":"has-post-thumbnail","6":"product_cat-reflective-target-prism","7":"product_cat-corner-cube-prisms","9":"first","10":"instock","11":"shipping-taxable","12":"product-type-simple"},"_links":{"self":[{"href":"https:\/\/mountlaser.com\/de\/wp-json\/wp\/v2\/product\/2856","targetHints":{"allow":["GET"]}}],"collection":[{"href":"https:\/\/mountlaser.com\/de\/wp-json\/wp\/v2\/product"}],"about":[{"href":"https:\/\/mountlaser.com\/de\/wp-json\/wp\/v2\/types\/product"}],"replies":[{"embeddable":true,"href":"https:\/\/mountlaser.com\/de\/wp-json\/wp\/v2\/comments?post=2856"}],"wp:featuredmedia":[{"embeddable":true,"href":"https:\/\/mountlaser.com\/de\/wp-json\/wp\/v2\/media\/2858"}],"wp:attachment":[{"href":"https:\/\/mountlaser.com\/de\/wp-json\/wp\/v2\/media?parent=2856"}],"wp:term":[{"taxonomy":"product_brand","embeddable":true,"href":"https:\/\/mountlaser.com\/de\/wp-json\/wp\/v2\/product_brand?post=2856"},{"taxonomy":"product_cat","embeddable":true,"href":"https:\/\/mountlaser.com\/de\/wp-json\/wp\/v2\/product_cat?post=2856"},{"taxonomy":"product_tag","embeddable":true,"href":"https:\/\/mountlaser.com\/de\/wp-json\/wp\/v2\/product_tag?post=2856"}],"curies":[{"name":"wp","href":"https:\/\/api.w.org\/{rel}","templated":true}]}}