{"id":2798,"date":"2025-10-20T08:55:36","date_gmt":"2025-10-20T08:55:36","guid":{"rendered":"https:\/\/mountlaser.com\/?post_type=product&#038;p=2798"},"modified":"2025-11-28T05:49:37","modified_gmt":"2025-11-28T05:49:37","slug":"pa-b381-corner-cube-prism-with-canister","status":"publish","type":"product","link":"https:\/\/mountlaser.com\/de\/produkt\/pa-b381-corner-cube-prism-with-canister\/","title":{"rendered":"PA\/B381 Eckw\u00fcrfelprisma mit Beh\u00e4lter"},"content":{"rendered":"<p>Mountlaser stellt vor<a href=\"https:\/\/mountlaser.com\/de\/about-us\/\"> <strong>PA381 Eckw\u00fcrfelprisma mit Beh\u00e4lter<\/strong><\/a> und das PB381 Corner Cube Prism mit Beh\u00e4lter, zwei robuste L\u00f6sungen, die f\u00fcr \u00fcberragende Leistung unter anspruchsvollen Feldbedingungen entwickelt wurden.<\/p>\n<p>Beide Modelle verf\u00fcgen \u00fcber ein hochpr\u00e4zises Eckw\u00fcrfelprisma, das in ein sch\u00fctzendes Metallgeh\u00e4use integriert ist und so die kritische optische Komponente vor St\u00f6\u00dfen, Staub und Feuchtigkeit sch\u00fctzt.<br \/>\nDer PA381 Corner Cube Prism mit Beh\u00e4lter verf\u00fcgt \u00fcber ein erstklassiges TOP-Prisma (\u00d838,1 mm) f\u00fcr maximale Signalintensit\u00e4t und Reichweite.<\/p>\n<p><img fetchpriority=\"high\" decoding=\"async\" class=\"aligncenter wp-image-2800\" src=\"https:\/\/mountlaser.com\/wp-content\/uploads\/2025\/10\/PA381-5.webp\" alt=\"Corner Cube Prism With Canister\" width=\"500\" height=\"500\" srcset=\"https:\/\/mountlaser.com\/wp-content\/uploads\/2025\/10\/PA381-5.webp 1000w, https:\/\/mountlaser.com\/wp-content\/uploads\/2025\/10\/PA381-5-300x300.webp 300w, https:\/\/mountlaser.com\/wp-content\/uploads\/2025\/10\/PA381-5-400x400.webp 400w, https:\/\/mountlaser.com\/wp-content\/uploads\/2025\/10\/PA381-5-800x800.webp 800w, https:\/\/mountlaser.com\/wp-content\/uploads\/2025\/10\/PA381-5-600x600.webp 600w, https:\/\/mountlaser.com\/wp-content\/uploads\/2025\/10\/PA381-5-150x150.webp 150w, https:\/\/mountlaser.com\/wp-content\/uploads\/2025\/10\/PA381-5-768x768.webp 768w, https:\/\/mountlaser.com\/wp-content\/uploads\/2025\/10\/PA381-5-12x12.webp 12w\" sizes=\"(max-width: 500px) 100vw, 500px\" \/><br \/>\nF\u00fcr eine zuverl\u00e4ssige und kosteng\u00fcnstige L\u00f6sung bietet das PB381 Corner Cube Prism mit Beh\u00e4lter und seinem standardm\u00e4\u00dfigen hochwertigen Prisma (\u00d838,1 mm) ein hervorragendes Preis-Leistungs-Verh\u00e4ltnis.<\/p>\n<p><img decoding=\"async\" class=\"aligncenter wp-image-2804\" src=\"https:\/\/mountlaser.com\/wp-content\/uploads\/2025\/10\/PB381-9.webp\" alt=\"\" width=\"500\" height=\"500\" srcset=\"https:\/\/mountlaser.com\/wp-content\/uploads\/2025\/10\/PB381-9.webp 1000w, https:\/\/mountlaser.com\/wp-content\/uploads\/2025\/10\/PB381-9-300x300.webp 300w, https:\/\/mountlaser.com\/wp-content\/uploads\/2025\/10\/PB381-9-400x400.webp 400w, https:\/\/mountlaser.com\/wp-content\/uploads\/2025\/10\/PB381-9-800x800.webp 800w, https:\/\/mountlaser.com\/wp-content\/uploads\/2025\/10\/PB381-9-600x600.webp 600w, https:\/\/mountlaser.com\/wp-content\/uploads\/2025\/10\/PB381-9-150x150.webp 150w, https:\/\/mountlaser.com\/wp-content\/uploads\/2025\/10\/PB381-9-768x768.webp 768w, https:\/\/mountlaser.com\/wp-content\/uploads\/2025\/10\/PB381-9-12x12.webp 12w\" sizes=\"(max-width: 500px) 100vw, 500px\" \/><\/p>\n<p>Auswahl eines <a href=\"https:\/\/mountlaser.com\/de\/contact-us\/\"><strong>Eckw\u00fcrfelprisma mit Beh\u00e4lter<\/strong><\/a> Diese Serie garantiert Langlebigkeit und langfristige Messstabilit\u00e4t f\u00fcr Ihre anspruchsvollsten Projekte.<\/p>","protected":false},"excerpt":{"rendered":"<ul>\n<li>Sowohl das Modell PA381 als auch das Modell PB381 verwenden einen 38,1 mm Eckw\u00fcrfel f\u00fcr eine genaue Retroreflexion, wodurch zuverl\u00e4ssige Distanzmessungen mit Totalstationen gew\u00e4hrleistet werden.<\/li>\n<li>Das Geh\u00e4use verf\u00fcgt \u00fcber einen Standard-Gewindesockel (z. B. 5\/8\u2033-11), der eine schnelle und sichere Montage an Vermessungsstangen, Stativen und Magnethalterungen erm\u00f6glicht.<\/li>\n<\/ul>","protected":false},"featured_media":2800,"comment_status":"open","ping_status":"closed","template":"","meta":[],"product_brand":[],"product_cat":[72,105],"product_tag":[],"class_list":{"0":"post-2798","1":"product","2":"type-product","3":"status-publish","4":"has-post-thumbnail","6":"product_cat-reflective-target-prism","7":"product_cat-corner-cube-prisms","9":"first","10":"instock","11":"shipping-taxable","12":"product-type-simple"},"_links":{"self":[{"href":"https:\/\/mountlaser.com\/de\/wp-json\/wp\/v2\/product\/2798","targetHints":{"allow":["GET"]}}],"collection":[{"href":"https:\/\/mountlaser.com\/de\/wp-json\/wp\/v2\/product"}],"about":[{"href":"https:\/\/mountlaser.com\/de\/wp-json\/wp\/v2\/types\/product"}],"replies":[{"embeddable":true,"href":"https:\/\/mountlaser.com\/de\/wp-json\/wp\/v2\/comments?post=2798"}],"wp:featuredmedia":[{"embeddable":true,"href":"https:\/\/mountlaser.com\/de\/wp-json\/wp\/v2\/media\/2800"}],"wp:attachment":[{"href":"https:\/\/mountlaser.com\/de\/wp-json\/wp\/v2\/media?parent=2798"}],"wp:term":[{"taxonomy":"product_brand","embeddable":true,"href":"https:\/\/mountlaser.com\/de\/wp-json\/wp\/v2\/product_brand?post=2798"},{"taxonomy":"product_cat","embeddable":true,"href":"https:\/\/mountlaser.com\/de\/wp-json\/wp\/v2\/product_cat?post=2798"},{"taxonomy":"product_tag","embeddable":true,"href":"https:\/\/mountlaser.com\/de\/wp-json\/wp\/v2\/product_tag?post=2798"}],"curies":[{"name":"wp","href":"https:\/\/api.w.org\/{rel}","templated":true}]}}