{"id":2780,"date":"2025-10-20T08:34:57","date_gmt":"2025-10-20T08:34:57","guid":{"rendered":"https:\/\/mountlaser.com\/?post_type=product&#038;p=2780"},"modified":"2025-11-28T06:02:12","modified_gmt":"2025-11-28T06:02:12","slug":"g640t-corner-cube-prism","status":"publish","type":"product","link":"https:\/\/mountlaser.com\/de\/produkt\/g640t-corner-cube-prism\/","title":{"rendered":"G640T Eckw\u00fcrfelprisma"},"content":{"rendered":"<p>Der <a href=\"https:\/\/mountlaser.com\/de\/\"><strong>G640T Eckw\u00fcrfelprisma<\/strong><\/a> Dieses Hochleistungs-Optikger\u00e4t ist aus hochwertigem Prismenglas (\u00ed64 mm) gefertigt. Es wurde f\u00fcr Genauigkeit und Langlebigkeit entwickelt und eignet sich ideal f\u00fcr eine Vielzahl von Mess- und Ausrichtungsanwendungen, darunter Laserscanning, Vermessung und optische Pr\u00fcfung.<\/p>\n<p><img fetchpriority=\"high\" decoding=\"async\" class=\"aligncenter wp-image-2785\" src=\"https:\/\/mountlaser.com\/wp-content\/uploads\/2025\/10\/G640T-7.webp\" alt=\"G640T Corner Cube Prism\" width=\"500\" height=\"500\" srcset=\"https:\/\/mountlaser.com\/wp-content\/uploads\/2025\/10\/G640T-7.webp 1000w, https:\/\/mountlaser.com\/wp-content\/uploads\/2025\/10\/G640T-7-300x300.webp 300w, https:\/\/mountlaser.com\/wp-content\/uploads\/2025\/10\/G640T-7-400x400.webp 400w, https:\/\/mountlaser.com\/wp-content\/uploads\/2025\/10\/G640T-7-800x800.webp 800w, https:\/\/mountlaser.com\/wp-content\/uploads\/2025\/10\/G640T-7-600x600.webp 600w, https:\/\/mountlaser.com\/wp-content\/uploads\/2025\/10\/G640T-7-150x150.webp 150w, https:\/\/mountlaser.com\/wp-content\/uploads\/2025\/10\/G640T-7-768x768.webp 768w, https:\/\/mountlaser.com\/wp-content\/uploads\/2025\/10\/G640T-7-12x12.webp 12w\" sizes=\"(max-width: 500px) 100vw, 500px\" \/><br \/>\nDer<a href=\"https:\/\/mountlaser.com\/de\/products\/\"> <strong>G640T Eckw\u00fcrfelprisma<\/strong><\/a> Es reflektiert Lichtstrahlen mit minimaler Winkelabweichung zur\u00fcck zur Quelle und eignet sich daher perfekt f\u00fcr Pr\u00e4zisionsaufgaben. Ob im Labor oder im Au\u00dfeneinsatz \u2013 das G640T liefert stets zuverl\u00e4ssige Ergebnisse.<\/p>\n<p>&nbsp;<\/p>","protected":false},"excerpt":{"rendered":"<ul>\n<li>Unverzichtbar f\u00fcr pr\u00e4zise Winkel- und Entfernungsmessungen<\/li>\n<li>Hochgradig kompatibel mit verschiedenen Vermessungs- und Messger\u00e4ten<\/li>\n<li>Konzipiert f\u00fcr den langfristigen Einsatz unter anspruchsvollen Bedingungen.<\/li>\n<\/ul>","protected":false},"featured_media":2783,"comment_status":"open","ping_status":"closed","template":"","meta":[],"product_brand":[],"product_cat":[72,105],"product_tag":[],"class_list":{"0":"post-2780","1":"product","2":"type-product","3":"status-publish","4":"has-post-thumbnail","6":"product_cat-reflective-target-prism","7":"product_cat-corner-cube-prisms","9":"first","10":"instock","11":"shipping-taxable","12":"product-type-simple"},"_links":{"self":[{"href":"https:\/\/mountlaser.com\/de\/wp-json\/wp\/v2\/product\/2780","targetHints":{"allow":["GET"]}}],"collection":[{"href":"https:\/\/mountlaser.com\/de\/wp-json\/wp\/v2\/product"}],"about":[{"href":"https:\/\/mountlaser.com\/de\/wp-json\/wp\/v2\/types\/product"}],"replies":[{"embeddable":true,"href":"https:\/\/mountlaser.com\/de\/wp-json\/wp\/v2\/comments?post=2780"}],"wp:featuredmedia":[{"embeddable":true,"href":"https:\/\/mountlaser.com\/de\/wp-json\/wp\/v2\/media\/2783"}],"wp:attachment":[{"href":"https:\/\/mountlaser.com\/de\/wp-json\/wp\/v2\/media?parent=2780"}],"wp:term":[{"taxonomy":"product_brand","embeddable":true,"href":"https:\/\/mountlaser.com\/de\/wp-json\/wp\/v2\/product_brand?post=2780"},{"taxonomy":"product_cat","embeddable":true,"href":"https:\/\/mountlaser.com\/de\/wp-json\/wp\/v2\/product_cat?post=2780"},{"taxonomy":"product_tag","embeddable":true,"href":"https:\/\/mountlaser.com\/de\/wp-json\/wp\/v2\/product_tag?post=2780"}],"curies":[{"name":"wp","href":"https:\/\/api.w.org\/{rel}","templated":true}]}}