{"id":2773,"date":"2025-10-20T08:17:02","date_gmt":"2025-10-20T08:17:02","guid":{"rendered":"https:\/\/mountlaser.com\/?post_type=product&#038;p=2773"},"modified":"2025-11-28T06:04:23","modified_gmt":"2025-11-28T06:04:23","slug":"g640l-corner-cube-prism","status":"publish","type":"product","link":"https:\/\/mountlaser.com\/de\/produkt\/g640l-corner-cube-prism\/","title":{"rendered":"G640L Eckw\u00fcrfelprisma"},"content":{"rendered":"<p>Der <a href=\"https:\/\/mountlaser.com\/de\/\"><strong>G640L Eckw\u00fcrfelprisma<\/strong><\/a> ist eine hochpr\u00e4zise optische Komponente, die f\u00fcr genaue Mess- und Ausrichtungsaufgaben entwickelt wurde.<br \/>\nDer aus hochwertigem Prismenglas (\u00ed64mm) gefertigte Eckw\u00fcrfelprisma G640L gew\u00e4hrleistet eine au\u00dfergew\u00f6hnliche Reflektivit\u00e4t und Winkelgenauigkeit und eignet sich daher ideal f\u00fcr Vermessungsarbeiten, Laserausrichtung und andere Pr\u00e4zisionsanwendungen.<\/p>\n<p>&nbsp;<\/p>\n<p><img fetchpriority=\"high\" decoding=\"async\" class=\"aligncenter wp-image-2775\" src=\"https:\/\/mountlaser.com\/wp-content\/uploads\/2025\/10\/G640L-2.webp\" alt=\"G640L Corner Cube Prism \" width=\"500\" height=\"500\" srcset=\"https:\/\/mountlaser.com\/wp-content\/uploads\/2025\/10\/G640L-2.webp 1000w, https:\/\/mountlaser.com\/wp-content\/uploads\/2025\/10\/G640L-2-300x300.webp 300w, https:\/\/mountlaser.com\/wp-content\/uploads\/2025\/10\/G640L-2-400x400.webp 400w, https:\/\/mountlaser.com\/wp-content\/uploads\/2025\/10\/G640L-2-800x800.webp 800w, https:\/\/mountlaser.com\/wp-content\/uploads\/2025\/10\/G640L-2-600x600.webp 600w, https:\/\/mountlaser.com\/wp-content\/uploads\/2025\/10\/G640L-2-150x150.webp 150w, https:\/\/mountlaser.com\/wp-content\/uploads\/2025\/10\/G640L-2-768x768.webp 768w, https:\/\/mountlaser.com\/wp-content\/uploads\/2025\/10\/G640L-2-12x12.webp 12w\" sizes=\"(max-width: 500px) 100vw, 500px\" \/><\/p>\n<p>Dank seiner robusten Bauweise und \u00fcberlegenen optischen Leistung ist der <a href=\"https:\/\/mountlaser.com\/de\/products\/\"><strong>G640L Eckw\u00fcrfelprisma<\/strong><\/a> liefert zuverl\u00e4ssige Ergebnisse sowohl im Labor als auch im Feld.<\/p>","protected":false},"excerpt":{"rendered":"<ul>\n<li>Unterst\u00fctzt pr\u00e4zise Distanz- und Winkelmessungen<\/li>\n<li>Kompatibel mit verschiedenen Vermessungs- und Messinstrumenten<\/li>\n<li>Robustes Design f\u00fcr den Langzeiteinsatz in anspruchsvollen Umgebungen<\/li>\n<\/ul>","protected":false},"featured_media":2778,"comment_status":"open","ping_status":"closed","template":"","meta":[],"product_brand":[],"product_cat":[72,105],"product_tag":[],"class_list":{"0":"post-2773","1":"product","2":"type-product","3":"status-publish","4":"has-post-thumbnail","6":"product_cat-reflective-target-prism","7":"product_cat-corner-cube-prisms","9":"first","10":"instock","11":"shipping-taxable","12":"product-type-simple"},"_links":{"self":[{"href":"https:\/\/mountlaser.com\/de\/wp-json\/wp\/v2\/product\/2773","targetHints":{"allow":["GET"]}}],"collection":[{"href":"https:\/\/mountlaser.com\/de\/wp-json\/wp\/v2\/product"}],"about":[{"href":"https:\/\/mountlaser.com\/de\/wp-json\/wp\/v2\/types\/product"}],"replies":[{"embeddable":true,"href":"https:\/\/mountlaser.com\/de\/wp-json\/wp\/v2\/comments?post=2773"}],"wp:featuredmedia":[{"embeddable":true,"href":"https:\/\/mountlaser.com\/de\/wp-json\/wp\/v2\/media\/2778"}],"wp:attachment":[{"href":"https:\/\/mountlaser.com\/de\/wp-json\/wp\/v2\/media?parent=2773"}],"wp:term":[{"taxonomy":"product_brand","embeddable":true,"href":"https:\/\/mountlaser.com\/de\/wp-json\/wp\/v2\/product_brand?post=2773"},{"taxonomy":"product_cat","embeddable":true,"href":"https:\/\/mountlaser.com\/de\/wp-json\/wp\/v2\/product_cat?post=2773"},{"taxonomy":"product_tag","embeddable":true,"href":"https:\/\/mountlaser.com\/de\/wp-json\/wp\/v2\/product_tag?post=2773"}],"curies":[{"name":"wp","href":"https:\/\/api.w.org\/{rel}","templated":true}]}}