{"id":2766,"date":"2025-10-20T08:05:36","date_gmt":"2025-10-20T08:05:36","guid":{"rendered":"https:\/\/mountlaser.com\/?post_type=product&#038;p=2766"},"modified":"2025-12-01T09:01:49","modified_gmt":"2025-12-01T09:01:49","slug":"g254-corner-cube-prism","status":"publish","type":"product","link":"https:\/\/mountlaser.com\/de\/produkt\/g254-corner-cube-prism\/","title":{"rendered":"G254 Eckw\u00fcrfelprisma"},"content":{"rendered":"<p>Der<a href=\"https:\/\/mountlaser.com\/de\/\"><strong> G254 Eckw\u00fcrfelprisma<\/strong><\/a> Das Prisma von Mountlaser ist eine kompakte, hochpr\u00e4zise optische Komponente, die f\u00fcr eine Vielzahl von Vermessungs- und Ausrichtungsanwendungen unerl\u00e4sslich ist. Dieses robuste Prisma verf\u00fcgt \u00fcber drei zueinander senkrechte reflektierende Oberfl\u00e4chen, die eine perfekte R\u00fcckreflexion gew\u00e4hrleisten, indem sie jeden einfallenden Lichtstrahl direkt zu seiner Quelle zur\u00fccksenden.<\/p>\n<p><img fetchpriority=\"high\" decoding=\"async\" class=\"aligncenter wp-image-2772\" src=\"https:\/\/mountlaser.com\/wp-content\/uploads\/2025\/10\/G254-9.webp\" alt=\"G254 Corner Cube Prism\" width=\"500\" height=\"500\" srcset=\"https:\/\/mountlaser.com\/wp-content\/uploads\/2025\/10\/G254-9.webp 1000w, https:\/\/mountlaser.com\/wp-content\/uploads\/2025\/10\/G254-9-300x300.webp 300w, https:\/\/mountlaser.com\/wp-content\/uploads\/2025\/10\/G254-9-400x400.webp 400w, https:\/\/mountlaser.com\/wp-content\/uploads\/2025\/10\/G254-9-800x800.webp 800w, https:\/\/mountlaser.com\/wp-content\/uploads\/2025\/10\/G254-9-600x600.webp 600w, https:\/\/mountlaser.com\/wp-content\/uploads\/2025\/10\/G254-9-150x150.webp 150w, https:\/\/mountlaser.com\/wp-content\/uploads\/2025\/10\/G254-9-768x768.webp 768w, https:\/\/mountlaser.com\/wp-content\/uploads\/2025\/10\/G254-9-12x12.webp 12w\" sizes=\"(max-width: 500px) 100vw, 500px\" \/><\/p>\n<p>Die G254 wird aus hochwertigem Prismenglas mit einem Durchmesser von 25,4 mm hergestellt. <a href=\"https:\/\/mountlaser.com\/de\/produkt-kategorie\/reflective-target-prism\/\"><strong>Eckw\u00fcrfelprisma<\/strong><\/a> Es bietet herausragende Leistung f\u00fcr Totalstationen und Lasermesssysteme. Dank seiner kompakten Bauweise ist es die ideale Wahl f\u00fcr Projekte, die Mobilit\u00e4t und Pr\u00e4zision auf engstem Raum erfordern und gew\u00e4hrleistet eine zuverl\u00e4ssige Datenerfassung bei all Ihren beruflichen Aufgaben.<\/p>","protected":false},"excerpt":{"rendered":"<ul>\n<li>Kompakt und tragbar: Mit einem Prismenglasdurchmesser von 25,4 mm ist dieses Prisma leicht und einfach zu handhaben und eignet sich ideal f\u00fcr mobile Eins\u00e4tze und Aufbauten auf engstem Raum.<\/li>\n<li>Robuste Bauqualit\u00e4t: Das G254 Eckw\u00fcrfelprisma ist aus hochwertigem optischem Glas gefertigt und so konstruiert, dass es den Belastungen des Feldeinsatzes standh\u00e4lt.<\/li>\n<\/ul>","protected":false},"featured_media":2767,"comment_status":"open","ping_status":"closed","template":"","meta":[],"product_brand":[],"product_cat":[72,105],"product_tag":[],"class_list":{"0":"post-2766","1":"product","2":"type-product","3":"status-publish","4":"has-post-thumbnail","6":"product_cat-reflective-target-prism","7":"product_cat-corner-cube-prisms","9":"first","10":"instock","11":"shipping-taxable","12":"product-type-simple"},"_links":{"self":[{"href":"https:\/\/mountlaser.com\/de\/wp-json\/wp\/v2\/product\/2766","targetHints":{"allow":["GET"]}}],"collection":[{"href":"https:\/\/mountlaser.com\/de\/wp-json\/wp\/v2\/product"}],"about":[{"href":"https:\/\/mountlaser.com\/de\/wp-json\/wp\/v2\/types\/product"}],"replies":[{"embeddable":true,"href":"https:\/\/mountlaser.com\/de\/wp-json\/wp\/v2\/comments?post=2766"}],"wp:featuredmedia":[{"embeddable":true,"href":"https:\/\/mountlaser.com\/de\/wp-json\/wp\/v2\/media\/2767"}],"wp:attachment":[{"href":"https:\/\/mountlaser.com\/de\/wp-json\/wp\/v2\/media?parent=2766"}],"wp:term":[{"taxonomy":"product_brand","embeddable":true,"href":"https:\/\/mountlaser.com\/de\/wp-json\/wp\/v2\/product_brand?post=2766"},{"taxonomy":"product_cat","embeddable":true,"href":"https:\/\/mountlaser.com\/de\/wp-json\/wp\/v2\/product_cat?post=2766"},{"taxonomy":"product_tag","embeddable":true,"href":"https:\/\/mountlaser.com\/de\/wp-json\/wp\/v2\/product_tag?post=2766"}],"curies":[{"name":"wp","href":"https:\/\/api.w.org\/{rel}","templated":true}]}}